{"id":9753,"date":"2014-08-02T09:04:11","date_gmt":"2014-08-02T08:04:11","guid":{"rendered":"http:\/\/www.customeeple.com\/product\/bases-operacion-icestorm-giraldez\/"},"modified":"2017-05-08T10:48:48","modified_gmt":"2017-05-08T08:48:48","slug":"bases-operacion-icestorm-giraldez","status":"publish","type":"product","link":"https:\/\/www.customeeple.com\/es\/producto\/bases-operacion-icestorm-giraldez\/","title":{"rendered":"Bases operaci\u00f3n Icestorm &#8211; Giraldez"},"content":{"rendered":"<p>Nuestras bases son perfectas para mejorar el aspecto de tus miniaturas de\u00a0<strong><a href=\"http:\/\/infinitythegame.com\/\" target=\"_blank\">Infinity<\/a><\/strong>. Hemos dise\u00f1ado este pack para encajar perfectamente con las necesidades de la caja \u00a0<strong>\u00abOperation Icestorm\u00bb<\/strong>, Todas las bases son similares a las que tienen las miniaturas de las fotos oficiales de <a href=\"http:\/\/www.infinitythegame.com\/infinity\/en\/category\/pano\/\"><strong>Panoceania<\/strong><\/a>\u00a0y\u00a0<b><a href=\"http:\/\/www.infinitythegame.com\/infinity\/en\/category\/nomads\/\">N\u00f3madas<\/a>\u00a0<\/b>y han sido dise\u00f1adas por<span style=\"line-height: 1.5em;\">\u00a0<strong><a href=\"http:\/\/studiogiraldez.blogspot.com.es\/\">Angel Giraldez<\/a><\/strong><\/span><span style=\"line-height: 1.5em;\">.<\/span><\/p>\n<p>El producto incluye un set de finas cubiertas grabadas con un dise\u00f1o tem\u00e1tico, preparadas para ser pegadas encima de las bases est\u00e1ndar de\u00a0<strong><a href=\"http:\/\/infinitythegame.com\/\" target=\"_blank\">Infinity<\/a><\/strong>\u00a0sin a\u00f1adir demasiado grosor. Encajan perfectamente en bases de 25 mm.<\/p>\n<p>Este producto no incluye bases est\u00e1ndar de\u00a0<strong><a href=\"http:\/\/infinitythegame.com\/\" target=\"_blank\">Infinity<\/a>.<\/strong><\/p>\n<p>Todas las piezas est\u00e1n fabricadas en cart\u00f3n de alta densidad, una superficie de cart\u00f3n para modelismo muy resistente, similar al DM (MDF). Casi no se notar\u00e1 el grosor al pegarlo a la base ya que mide 0,32mm de alto.<\/p>\n<p>Todas las piezas han sido dise\u00f1adas en colaboraci\u00f3n con\u00a0<strong><a href=\"http:\/\/www.corvusbelli.com\/\">Corvus Belli<\/a><\/strong>\u00a0\u00a0para ser totalmente compatibles con<strong>\u00a0<a href=\"http:\/\/infinitythegame.com\/\" target=\"_blank\"><strong>Infinity the game<\/strong><\/a>.<\/strong><\/p>\n<div class=\"moreinfo\">\n<p><strong>Material:<\/strong>\u00a0Cart\u00f3n de alta densidad.<\/p>\n<p><strong><strong>Espesor:\u00a0<\/strong><\/strong>0,32 mm<strong><br \/>\n<\/strong><\/p>\n<p><strong><strong>Tama\u00f1o:<\/strong>\u00a0<\/strong>24 mm<\/p>\n<p><strong><strong>Cantidad:<\/strong>\u00a0<\/strong>14\u00a0cubiertas circulares\u00a0decorativas.<\/p>\n<p><strong>Uso:\u00a0<\/strong>Como elemento decorativo para hacer bases personalizadas para las miniaturas de\u00a0<b><a href=\"http:\/\/www.infinitythegame.com\/infinity\/es\/category\/pano\/\">Panocean\u00eda\u00a0<\/a>y <a href=\"http:\/\/www.infinitythegame.com\/infinity\/es\/category\/nomads\/\">N\u00f3madas\u00a0<\/a><\/b>para\u00a0<strong><strong><a href=\"http:\/\/www.infinitythegame.com\/infinity\/en\">Infinity<\/a>.<\/strong><\/strong><\/p>\n<\/div>\n<p><strong>Nota:\u00a0<\/strong>Este producto se vende sin pintar ni montar. El pintado\u00a0de la foto es s\u00f3lo una sugerencia de pintado y esta realizada por\u00a0<strong><a href=\"http:\/\/studiogiraldez.blogspot.com.es\/\">Angel Giraldez<\/a>.<\/strong><\/p>\n","protected":false},"excerpt":{"rendered":"<p>Finas decoraciones para bases para hacer bases personalizadas de miniaturas de\u00a0<b><a href=\"http:\/\/www.infinitythegame.com\/infinity\/es\/category\/pano\/\">Panoceania\u00a0<\/a><\/b>para\u00a0\u00a0<a href=\"http:\/\/infinitythegame.com\/\" target=\"_blank\"><strong>Infinity the game<\/strong><\/a><\/p>\n","protected":false},"featured_media":9749,"template":"","meta":{"_acf_changed":false},"product_brand":[],"product_cat":[881,350,304,1370,291,1394,1372],"product_tag":[704,151,306],"class_list":{"0":"post-9753","1":"product","2":"type-product","3":"status-publish","4":"has-post-thumbnail","6":"product_cat-angiraldez","7":"product_cat-bases-es-infinity-es-2","8":"product_cat-bases-es","9":"product_cat-customeeple-es","10":"product_cat-infinity-es-2","11":"product_cat-infinity-es","12":"product_cat-sci-fi-es","13":"product_tag-giraldez-es-2","14":"product_tag-infinity-es","15":"product_tag-infinity-the-game-es-2","17":"first","18":"instock","19":"taxable","20":"shipping-taxable","21":"purchasable","22":"product-type-simple"},"exclude_global_add_ons":[],"addons":[],"acf":[],"_links":{"self":[{"href":"https:\/\/www.customeeple.com\/es\/wp-json\/wp\/v2\/product\/9753","targetHints":{"allow":["GET"]}}],"collection":[{"href":"https:\/\/www.customeeple.com\/es\/wp-json\/wp\/v2\/product"}],"about":[{"href":"https:\/\/www.customeeple.com\/es\/wp-json\/wp\/v2\/types\/product"}],"wp:featuredmedia":[{"embeddable":true,"href":"https:\/\/www.customeeple.com\/es\/wp-json\/wp\/v2\/media\/9749"}],"wp:attachment":[{"href":"https:\/\/www.customeeple.com\/es\/wp-json\/wp\/v2\/media?parent=9753"}],"wp:term":[{"taxonomy":"product_brand","embeddable":true,"href":"https:\/\/www.customeeple.com\/es\/wp-json\/wp\/v2\/product_brand?post=9753"},{"taxonomy":"product_cat","embeddable":true,"href":"https:\/\/www.customeeple.com\/es\/wp-json\/wp\/v2\/product_cat?post=9753"},{"taxonomy":"product_tag","embeddable":true,"href":"https:\/\/www.customeeple.com\/es\/wp-json\/wp\/v2\/product_tag?post=9753"}],"curies":[{"name":"wp","href":"https:\/\/api.w.org\/{rel}","templated":true}]}}