{"id":9263,"date":"2014-06-27T12:55:03","date_gmt":"2014-06-25T14:55:03","guid":{"rendered":"http:\/\/www.customeeple.com\/product\/ascensor-exterior-para-infinity-1-unidad\/"},"modified":"2016-09-21T20:21:40","modified_gmt":"2016-09-21T18:21:40","slug":"ascensor-exterior-para-infinity","status":"publish","type":"product","link":"https:\/\/www.customeeple.com\/es\/producto\/ascensor-exterior-para-infinity\/","title":{"rendered":"Ascensor Starlift para Infinity (2 uds)"},"content":{"rendered":"<p>Nuestro ascensor exterior\u00a0puede ser empleado en partidas de <strong><a href=\"http:\/\/www.infinitythegame.com\/infinity\/en\">Infinity\u00a0<\/a>\u00a0<\/strong>tanto<strong>\u00a0<\/strong>como objetivo en una misi\u00f3n como parte de la escenograf\u00eda. Todas las piezas han sido dise\u00f1adas en colaboraci\u00f3n con\u00a0<strong><a href=\"http:\/\/www.corvusbelli.com\/\">Corvus Belli<\/a><\/strong>\u00a0para ser un producto oficial totalmente compatible con\u00a0<a href=\"http:\/\/infinitythegame.com\/\" target=\"_blank\"><strong>Infinity the game<\/strong><\/a>.<\/p>\n<p>Este accesorio representa un ascensor exterior. Puedes a\u00f1adirlo f\u00e1cilmente a un edificio de escenograf\u00eda y usarlo para llegar al tejado del edificio. Tambi\u00e9n puedes escoger el color de las piezas de metacrilato entre nuestra variedad. Si no estas seguro de cual es el color id\u00f3neo para tus piezas puedes consultar nuestra p\u00e1gina de <em><a href=\"http:\/\/www.customeeple.com\/materials\/\"><strong>materiales<\/strong> <\/a><\/em><\/p>\n<p>Este set contiene 2 ascensores del mismo color.<\/p>\n<p><strong>Custoconsejo:<\/strong>\u00a0Si quieres colocar m\u00e1s f\u00e1cilmente miniaturas dentro de la estructura del ascensor, puedes romper las piezas de metacrilato f\u00e1cilmente con unas tenacillas.<\/p>\n<p>&nbsp;<\/p>\n<div class=\"moreinfo\">\n<p><strong>Material: <\/strong>DM y metacrilato fluorescente<\/p>\n<p dir=\"ltr\"><strong>Tama\u00f1o:<\/strong>\u00a054mm x 43mm x 43mm<strong><br \/>\n<\/strong><\/p>\n<p dir=\"ltr\"><strong>Cantidad: <\/strong>2\u00a0ascensores<\/p>\n<p><strong>Uso:<\/strong>\u00a0Como pieza de escenograf\u00eda y objetivo de una misi\u00f3n.<\/p>\n<\/div>\n<p>&nbsp;<\/p>\n<p><strong>Nota: \u00a0<\/strong>Este producto se vende sin montar ni pintar. Contiene una base de 40mm de<strong>\u00a0<strong><a href=\"http:\/\/www.infinitythegame.com\/infinity\/en\">Infinity<\/a><\/strong><\/strong>. Las miniaturas en la fotograf\u00eda solo aparecen por su valor est\u00e9tico y no est\u00e1n incluidas.<\/p>\n","protected":false},"excerpt":{"rendered":"<p>Un ascensor exterior que puedes usar como objetivo de misi\u00f3n o escenogrf\u00eda en\u00a0<strong><a href=\"http:\/\/www.infinitythegame.com\/infinity\/en\">Infinity the game<\/a>.<\/strong><\/p>\n","protected":false},"featured_media":9328,"template":"","meta":{"_acf_changed":false},"product_brand":[],"product_cat":[191,346,291,347],"product_tag":[306,762],"class_list":{"0":"post-9263","1":"product","2":"type-product","3":"status-publish","4":"has-post-thumbnail","6":"product_cat-accesorios","7":"product_cat-escenografia","8":"product_cat-infinity-es-2","9":"product_cat-marcadores-es","10":"product_tag-infinity-the-game-es-2","11":"product_tag-inifnity-es-2","12":"pa_methacrylate-colors-amarill-fluor-mfye","13":"pa_methacrylate-colors-azul-fluor-mfbl-es","14":"pa_methacrylate-colors-naranja-fluor-mfor","15":"pa_methacrylate-colors-magenta-fluor-mfma-es","16":"pa_methacrylate-colors-smoke-grey-mtsm","17":"pa_methacrylate-colors-verde-fluor-mfgr","19":"first","20":"instock","21":"taxable","22":"shipping-taxable","23":"purchasable","24":"product-type-variable"},"exclude_global_add_ons":[],"addons":[],"acf":[],"_links":{"self":[{"href":"https:\/\/www.customeeple.com\/es\/wp-json\/wp\/v2\/product\/9263","targetHints":{"allow":["GET"]}}],"collection":[{"href":"https:\/\/www.customeeple.com\/es\/wp-json\/wp\/v2\/product"}],"about":[{"href":"https:\/\/www.customeeple.com\/es\/wp-json\/wp\/v2\/types\/product"}],"wp:featuredmedia":[{"embeddable":true,"href":"https:\/\/www.customeeple.com\/es\/wp-json\/wp\/v2\/media\/9328"}],"wp:attachment":[{"href":"https:\/\/www.customeeple.com\/es\/wp-json\/wp\/v2\/media?parent=9263"}],"wp:term":[{"taxonomy":"product_brand","embeddable":true,"href":"https:\/\/www.customeeple.com\/es\/wp-json\/wp\/v2\/product_brand?post=9263"},{"taxonomy":"product_cat","embeddable":true,"href":"https:\/\/www.customeeple.com\/es\/wp-json\/wp\/v2\/product_cat?post=9263"},{"taxonomy":"product_tag","embeddable":true,"href":"https:\/\/www.customeeple.com\/es\/wp-json\/wp\/v2\/product_tag?post=9263"}],"curies":[{"name":"wp","href":"https:\/\/api.w.org\/{rel}","templated":true}]}}