{"id":9020,"date":"2014-06-03T12:08:46","date_gmt":"2014-06-03T11:08:46","guid":{"rendered":"http:\/\/www.customeeple.com\/product\/fichas-de-balas-5-unidades\/"},"modified":"2025-01-30T17:22:21","modified_gmt":"2025-01-30T16:22:21","slug":"fichas-de-balas","status":"publish","type":"product","link":"https:\/\/www.customeeple.com\/es\/producto\/fichas-de-balas\/","title":{"rendered":"Fichas de Bala"},"content":{"rendered":"<p>5 Fichas de bala, perfectas para utilizar en el juego que quieras. Pueden ser usados para representar la munici\u00f3n en cualquier juego o los puntos de vida en juegos del oeste como\u00a0<a href=\"http:\/\/www.dvgiochi.com\/giochi\/bang\/?id=1\"><strong>Bang<\/strong><\/a><\/p>\n<p>Puedes elegir cualquier color de nuestra gamma para tus fichas, incluyendo nuestro metacrilato plateado especial. Adem\u00e1s puedes comprarlas en lotes de 5 o 25 unidades<\/p>\n<p>Si no estas seguro de cual es el color id\u00f3neo para tus piezas puedes consultar nuestra p\u00e1gina de <em><a href=\"http:\/\/www.customeeple.com\/materials\/\"><strong>materiales<\/strong> <\/a><\/em><\/p>\n<p>&nbsp;<\/p>\n<div class=\"moreinfo\">\n<p><strong>Material:<\/strong> Metacrilato<\/p>\n<p><strong>Tama\u00f1o: <\/strong>1,5 x 0,5 cm<\/p>\n<p><strong>Espesor:<\/strong>\u00a03mm<\/p>\n<p><strong>Cantidad:<\/strong> 5 o 25 unidades<\/p>\n<p><strong>Uso: <\/strong>Como ficha generica en cualquier juego<\/p>\n<\/div>\n<p><a href=\"http:\/\/www.dvgiochi.com\/giochi\/bang\/?id=1\"><strong>Bang<\/strong><\/a>\u00a0es un juego de\u00a0<a href=\"http:\/\/www.emilianosciarra.net\/\"><strong>Emiliano Sciarra<\/strong><\/a> publicado port\u00a0<strong><a href=\"http:\/\/www.dvgiochi.com\/\">Dvgiochi<\/a>. Customeeple <\/strong>no mantiene niguna relaci\u00f3n con esta compa\u00f1\u00eda y este producto no esta apoyado por ellos de ninguna manera.<\/p>\n","protected":false},"excerpt":{"rendered":"<p>Fichas con forma de bala para usar en el juego que quieras<\/p>\n","protected":false},"featured_media":9145,"template":"","meta":{"_acf_changed":false},"product_brand":[],"product_cat":[78],"product_tag":[682,683,708],"class_list":{"0":"post-9020","1":"product","2":"type-product","3":"status-publish","4":"has-post-thumbnail","6":"product_cat-meeple-2","7":"product_tag-bang-es-2","8":"product_tag-bang-juego-de-dados","9":"product_tag-homesteaders-es-2","10":"pa_methacrylate-colors-amarill-fluor-mfye","11":"pa_methacrylate-colors-amarillo-moye","12":"pa_methacrylate-colors-azul-mobl","13":"pa_methacrylate-colors-azul-fluor-mfbl-es","14":"pa_methacrylate-colors-azul-trans-mtbl","15":"pa_methacrylate-colors-balnco-mowh","16":"pa_methacrylate-colors-dorado-mogo","17":"pa_methacrylate-colors-humo-trans-mtsm","18":"pa_methacrylate-colors-gris-mogy","19":"pa_methacrylate-colors-naranja-fluor-mfor-es","20":"pa_methacrylate-colors-naranja-fluor-mfor","21":"pa_methacrylate-colors-naranja-trans-mtor","22":"pa_methacrylate-colors-negro-moba","23":"pa_methacrylate-colors-plata-mosi","24":"pa_methacrylate-colors-rojo-more","25":"pa_methacrylate-colors-rojotrans-mtre","26":"pa_methacrylate-colors-magenta-fluor-mfma-es","27":"pa_methacrylate-colors-smoke-grey-mtsm","28":"pa_methacrylate-colors-transparente-mttr","29":"pa_methacrylate-colors-verde-trans-mtgr","30":"pa_methacrylate-colors-verde-fluor-mfgr","31":"pa_methacrylate-colors-verde-mogr","32":"pa_methacrylate-colors-violeta-movi","34":"first","35":"instock","36":"taxable","37":"shipping-taxable","38":"purchasable","39":"product-type-variable"},"exclude_global_add_ons":[],"addons":[],"acf":[],"_links":{"self":[{"href":"https:\/\/www.customeeple.com\/es\/wp-json\/wp\/v2\/product\/9020","targetHints":{"allow":["GET"]}}],"collection":[{"href":"https:\/\/www.customeeple.com\/es\/wp-json\/wp\/v2\/product"}],"about":[{"href":"https:\/\/www.customeeple.com\/es\/wp-json\/wp\/v2\/types\/product"}],"wp:featuredmedia":[{"embeddable":true,"href":"https:\/\/www.customeeple.com\/es\/wp-json\/wp\/v2\/media\/9145"}],"wp:attachment":[{"href":"https:\/\/www.customeeple.com\/es\/wp-json\/wp\/v2\/media?parent=9020"}],"wp:term":[{"taxonomy":"product_brand","embeddable":true,"href":"https:\/\/www.customeeple.com\/es\/wp-json\/wp\/v2\/product_brand?post=9020"},{"taxonomy":"product_cat","embeddable":true,"href":"https:\/\/www.customeeple.com\/es\/wp-json\/wp\/v2\/product_cat?post=9020"},{"taxonomy":"product_tag","embeddable":true,"href":"https:\/\/www.customeeple.com\/es\/wp-json\/wp\/v2\/product_tag?post=9020"}],"curies":[{"name":"wp","href":"https:\/\/api.w.org\/{rel}","templated":true}]}}