{"id":9007,"date":"2014-05-28T12:10:48","date_gmt":"2014-05-28T11:10:48","guid":{"rendered":"http:\/\/www.customeeple.com\/product\/cristales-decorativos-para-la-capilla-de-campana\/"},"modified":"2020-07-10T18:37:16","modified_gmt":"2020-07-10T17:37:16","slug":"cristales-decorativos-para-la-capilla-de-campana","status":"publish","type":"product","link":"https:\/\/www.customeeple.com\/es\/producto\/cristales-decorativos-para-la-capilla-de-campana\/","title":{"rendered":"Cristales decorativos para la Capilla de Campa\u00f1a"},"content":{"rendered":"<p>Un set de piezas decorativas en metacrilato para mejorar a\u00fan m\u00e1s el aspecto de tu <strong><a href=\"\/?p=9005\">Capilla de campa\u00f1a<\/a>.<\/strong><\/p>\n<p>El set contiene siete ventanas en Metacrilato que puedes a\u00f1adir a tu edificio, puedes escoger el color que prefieras para la ventanas.\u00a0Si no estas seguro de cual es el color id\u00f3neo para tus piezas puedes consultar nuestra p\u00e1gina de <em><a href=\"http:\/\/www.customeeple.com\/materials\/\"><strong>materiales<\/strong> <\/a><\/em><\/p>\n<p>Todas las piezas han sido dise\u00f1adas en colaboraci\u00f3n con <strong><a href=\"http:\/\/www.corvusbelli.com\/\">Corvus Belli<\/a><\/strong>\u00a0para ser totalmente compatibles con\u00a0<strong><a href=\"http:\/\/infinitythegame.com\/\" target=\"_blank\" rel=\"noopener noreferrer\">Infinity the game<\/a>.<\/strong><\/p>\n<p>&nbsp;<\/p>\n<div class=\"moreinfo\">\n<p><strong style=\"font-size: 14px; line-height: 1.5em;\">Material: <\/strong>Metacrilato fluorescente<\/p>\n<p dir=\"ltr\"><strong>Espesors:<\/strong>\u00a03 mm<\/p>\n<p dir=\"ltr\"><strong>Tama\u00f1o: <\/strong>Varios<strong><br \/>\n<\/strong><\/p>\n<p dir=\"ltr\"><strong>Cantidad:<\/strong>\u00a07 ventanas completas<\/p>\n<p><strong>Uso:<\/strong>\u00a0Piezas de escenograf\u00eda para mejorar tu\u00a0\u00a0<a href=\"\/?p=9005\"><strong>Capilla de campa\u00f1a<\/strong><\/a><\/p>\n<\/div>\n<div class=\"infopreorder\"><strong>Nota:<\/strong>\u00a0Estas piezas est\u00e1n dise\u00f1adas para ser utilizadas con una <strong><a href=\"\/?p=9005\">Capilla de campa\u00f1a<\/a>\u00a0<\/strong>de\u00a0<strong>Customeeple<\/strong>. Miniaturas y accesorios no incluidos. Se necesita usar pegamento para montar las piezas.<\/div>\n","protected":false},"excerpt":{"rendered":"<p>Piezas decorativas para la\u00a0\u00a0<a href=\"http:\/\/www.customeeple.com\/es\/producto\/infinity-capilla-de-campana\/\"><strong>Capilla de campa\u00f1a<\/strong><\/a><\/p>\n","protected":false},"featured_media":9055,"template":"","meta":{"_acf_changed":false},"product_brand":[],"product_cat":[191,346,291],"product_tag":[151,306],"class_list":{"0":"post-9007","1":"product","2":"type-product","3":"status-publish","4":"has-post-thumbnail","6":"product_cat-accesorios","7":"product_cat-escenografia","8":"product_cat-infinity-es-2","9":"product_tag-infinity-es","10":"product_tag-infinity-the-game-es-2","11":"pa_methacrylate-colors-amarill-fluor-mfye","12":"pa_methacrylate-colors-azul-fluor-mfbl-es","13":"pa_methacrylate-colors-naranja-fluor-mfor-es","14":"pa_methacrylate-colors-magenta-fluor-mfma-es","15":"pa_methacrylate-colors-transparente-mttr","16":"pa_methacrylate-colors-verde-fluor-mfgr","18":"first","19":"instock","20":"taxable","21":"shipping-taxable","22":"purchasable","23":"product-type-variable"},"exclude_global_add_ons":[],"addons":[],"acf":[],"_links":{"self":[{"href":"https:\/\/www.customeeple.com\/es\/wp-json\/wp\/v2\/product\/9007","targetHints":{"allow":["GET"]}}],"collection":[{"href":"https:\/\/www.customeeple.com\/es\/wp-json\/wp\/v2\/product"}],"about":[{"href":"https:\/\/www.customeeple.com\/es\/wp-json\/wp\/v2\/types\/product"}],"wp:featuredmedia":[{"embeddable":true,"href":"https:\/\/www.customeeple.com\/es\/wp-json\/wp\/v2\/media\/9055"}],"wp:attachment":[{"href":"https:\/\/www.customeeple.com\/es\/wp-json\/wp\/v2\/media?parent=9007"}],"wp:term":[{"taxonomy":"product_brand","embeddable":true,"href":"https:\/\/www.customeeple.com\/es\/wp-json\/wp\/v2\/product_brand?post=9007"},{"taxonomy":"product_cat","embeddable":true,"href":"https:\/\/www.customeeple.com\/es\/wp-json\/wp\/v2\/product_cat?post=9007"},{"taxonomy":"product_tag","embeddable":true,"href":"https:\/\/www.customeeple.com\/es\/wp-json\/wp\/v2\/product_tag?post=9007"}],"curies":[{"name":"wp","href":"https:\/\/api.w.org\/{rel}","templated":true}]}}