{"id":9005,"date":"2014-05-28T12:15:09","date_gmt":"2014-05-28T11:15:09","guid":{"rendered":"http:\/\/www.customeeple.com\/product\/infinity-capilla-de-campana\/"},"modified":"2014-07-03T15:29:50","modified_gmt":"2014-07-03T14:29:50","slug":"infinity-capilla-de-campana","status":"publish","type":"product","link":"https:\/\/www.customeeple.com\/es\/producto\/infinity-capilla-de-campana\/","title":{"rendered":"Capilla de Campa\u00f1a para Infinity"},"content":{"rendered":"<p>Nuestra <strong>Capilla de campa\u00f1a<\/strong> es una pieza ideal para utilizar como la parte central de la escenograf\u00eda de cualquier mesa de juego de\u00a0<strong><a href=\"http:\/\/infinitythegame.com\/\" target=\"_blank\">Infinity<\/a>.<\/strong><\/p>\n<p>Esta escenograf\u00eda representa una edificaci\u00f3n religiosa de la facci\u00f3n\u00a0<strong><a href=\"http:\/\/www.infinitythegame.com\/infinity\/en\/category\/pano\/\">Panoceania<\/a>. <\/strong>Su tama\u00f1o y especial dise\u00f1o lo hacen perfecto para cualquier batalla que incluya a dicha facci\u00f3n.<\/p>\n<p>Pero la Capilla de campa\u00f1a es m\u00e1s que un edificio bonito. Dise\u00f1ada por jugadores, su dise\u00f1o la hace muy interesante a nivel de juego, con muchas posibilidades: 3 alturas de juego, abundantes coberturas y un interior totalmente jugable al poderse retirar una de sus fachadas. Adem\u00e1s puedes quitar el campanario para cambiar el dise\u00f1o b\u00e1sico de una partida a otra.<\/p>\n<p>Este set de Capilla incluye:<\/p>\n<ul>\n<li>Paredes, suelo y techos, adem\u00e1s de otros elementos arquitect\u00f3nicos (contrafuertes, columnas, torre&#8230;)<\/li>\n<li>2 vidrieras de techo en metacrilato \u00a0fluor (color a elegir).<\/li>\n<li>2 rosetones en metacrilato fluor (color a elegir).<\/li>\n<li>Mobiliario interior: 4 bancos y un atril.<\/li>\n<li>Antena.<\/li>\n<li>16 cristales decorativos de varios colores en metacrilato fluorescente, que ir\u00e1n distribuidos por todas las paredes de la capilla.<\/li>\n<\/ul>\n<p>Puedes personalizar la capilla de campa\u00f1a con las siguientes opciones:<\/p>\n<ul>\n<li><strong>Color<\/strong>: Cambia el color de los rosetones y techo del metacrilato del edificio.<\/li>\n<li><strong>Logo:<\/strong>\u00a0Escoge el logo que prefieras para las decoraciones de la capilla, a elegir entre los logos de PanOcean\u00eda y \u00d3rdenes militares. Este logo aparecer\u00e1 en los dos rosetones y en el centro del suelo de la capilla.<\/li>\n<li><strong>Roset\u00f3n:\u00a0<\/strong>Completo o con dise\u00f1o roto. Para hacer m\u00e1s realistas tus partidas y utilizar la posici\u00f3n desde el roset\u00f3n como l\u00ednea de tiro.<\/li>\n<\/ul>\n<p><span style=\"color: #535353;\">Todas las piezas han sido fabricadas en colaboraci\u00f3n con\u00a0<strong><a href=\"http:\/\/www.corvusbelli.com\/\">Corvus Belli<\/a><\/strong>\u00a0<\/span><span style=\"color: #535353;\">\u00a0para ser totalmente compatibles con\u00a0<strong><a href=\"http:\/\/infinitythegame.com\/\" target=\"_blank\">Infinity the game<\/a>.<\/strong><\/span><\/p>\n<p><strong>Material:\u00a0<\/strong>DM y metacrilato<\/p>\n<div class=\"moreinfo\">\n<p dir=\"ltr\"><strong>Espesor:<\/strong>\u00a02,5\/3 mm<\/p>\n<p dir=\"ltr\"><strong>Tama\u00f1o:\u00a0<\/strong>\u00a029 cm largo,\u00a0 27 cm ancho,\u00a031,50 cm de altura, aproximadamente.<strong><br \/>\n<\/strong><\/p>\n<p dir=\"ltr\"><strong>Cantidad:<\/strong>\u00a01 Capilla de campa\u00f1a con sus complementos decorativos (a excepci\u00f3n de los cristales de las ventanas).<\/p>\n<p><strong>Uso:<\/strong>\u00a0Edificio de escenograf\u00eda compatible con\u00a0<strong><a href=\"http:\/\/infinitythegame.com\/\" target=\"_blank\">Infinity the game<\/a>.<\/strong><\/p>\n<\/div>\n<div class=\"infopreorder\"><strong>Nota: <\/strong>Miniaturas y\u00a0accesorios\u00a0no incluidos. Ventanas no incluidas, se<strong> <a href=\"http:\/\/www.customeeple.com\/product\/decorative-glass\/%20\u200e\">venden por separado<\/a><\/strong>. El edificio se vende sin montar ni pintar y requiere utilizar pegamento.<\/div>\n","protected":false},"excerpt":{"rendered":"<p>Escenograf\u00eda de iglesia para el juego \u00a0<strong><a href=\"http:\/\/www.infinitythegame.com\/infinity\/en\">Infinity the game<\/a><\/strong><\/p>\n","protected":false},"featured_media":8972,"template":"","meta":{"_acf_changed":false},"product_brand":[],"product_cat":[191,1399,346,1364,291,1394,1372],"product_tag":[151,306],"class_list":{"0":"post-9005","1":"product","2":"type-product","3":"status-publish","4":"has-post-thumbnail","6":"product_cat-accesorios","7":"product_cat-escenografia-es","8":"product_cat-escenografia","9":"product_cat-infinity-2","10":"product_cat-infinity-es-2","11":"product_cat-infinity-es","12":"product_cat-sci-fi-es","13":"product_tag-infinity-es","14":"product_tag-infinity-the-game-es-2","15":"pa_methacrylate-colors-azul-fluor-mfbl-es","16":"pa_methacrylate-colors-naranja-fluor-mfor-es","17":"pa_methacrylate-colors-smoke-grey-mtsm","18":"pa_methacrylate-colors-verde-fluor-mfgr","19":"pa_methacrylate-colors-amarill-fluor-mfye","20":"pa_methacrylate-colors-magenta-fluor-mfma-es","21":"pa_methacrylate-colors-naranja-fluor-mfor","22":"pa_methacrylate-colors-transparente-mttr","24":"first","25":"instock","26":"taxable","27":"shipping-taxable","28":"purchasable","29":"product-type-variable"},"exclude_global_add_ons":[],"addons":[],"acf":[],"_links":{"self":[{"href":"https:\/\/www.customeeple.com\/es\/wp-json\/wp\/v2\/product\/9005","targetHints":{"allow":["GET"]}}],"collection":[{"href":"https:\/\/www.customeeple.com\/es\/wp-json\/wp\/v2\/product"}],"about":[{"href":"https:\/\/www.customeeple.com\/es\/wp-json\/wp\/v2\/types\/product"}],"wp:featuredmedia":[{"embeddable":true,"href":"https:\/\/www.customeeple.com\/es\/wp-json\/wp\/v2\/media\/8972"}],"wp:attachment":[{"href":"https:\/\/www.customeeple.com\/es\/wp-json\/wp\/v2\/media?parent=9005"}],"wp:term":[{"taxonomy":"product_brand","embeddable":true,"href":"https:\/\/www.customeeple.com\/es\/wp-json\/wp\/v2\/product_brand?post=9005"},{"taxonomy":"product_cat","embeddable":true,"href":"https:\/\/www.customeeple.com\/es\/wp-json\/wp\/v2\/product_cat?post=9005"},{"taxonomy":"product_tag","embeddable":true,"href":"https:\/\/www.customeeple.com\/es\/wp-json\/wp\/v2\/product_tag?post=9005"}],"curies":[{"name":"wp","href":"https:\/\/api.w.org\/{rel}","templated":true}]}}