{"id":8681,"date":"2014-04-23T15:19:26","date_gmt":"2014-04-23T14:19:26","guid":{"rendered":"http:\/\/www.customeeple.com\/product\/marcadores-de-mina-para-infinity-5-unidades\/"},"modified":"2015-09-23T11:56:37","modified_gmt":"2015-09-23T09:56:37","slug":"marcadores-de-mina-para-infinity","status":"publish","type":"product","link":"https:\/\/www.customeeple.com\/es\/producto\/marcadores-de-mina-para-infinity\/","title":{"rendered":"Marcadores Especiales \u00abMinas\u00bb para Infinity (5 uds)"},"content":{"rendered":"<p>Nuestros marcadores especiales para\u00a0<strong><a href=\"http:\/\/infinitythegame.com\/\" target=\"_blank\">Infinity the game<\/a>\u00a0<\/strong>est\u00e1n dise\u00f1ados para indicar diferentes situaciones y habilidades del juego.<\/p>\n<p>Estos 5 marcadores son perfectos para indicar la posici\u00f3n de minas en <strong><a href=\"http:\/\/infinitythegame.com\/\" target=\"_blank\">Infinity the game<\/a>.\u00a0<\/strong>Adem\u00e1s est\u00e1n grabadas con el logo de la facci\u00f3n que quieras de <a href=\"http:\/\/infinitythegame.com\/\" target=\"_blank\"><strong>Infinity.<\/strong><\/a><\/p>\n<p>Todas las fichas han sido fabricadas en colaboraci\u00f3n con <strong><a href=\"http:\/\/www.corvusbelli.com\/\">Corvus Belli<\/a><\/strong> para ser totalmente compatibles con <a href=\"http:\/\/infinitythegame.com\/\" target=\"_blank\"><strong>Infinity the game<\/strong><\/a>.<\/p>\n<p>\u00a0<\/p>\n<div class=\"moreinfo\">\n<p><strong>Material:<\/strong> Metacrilato translucido gris ahumado.<\/p>\n<p dir=\"ltr\"><strong>Espesor:<\/strong> 3 mm<\/p>\n<p dir=\"ltr\"><strong>Tama\u00f1o: <\/strong>discos de 25 mm<\/p>\n<p dir=\"ltr\"><strong>Cantidad:<\/strong> 5 unidades<\/p>\n<p><strong>Uso:<\/strong> Marca tus minas ocultas en\u00a0<strong><a href=\"http:\/\/infinitythegame.com\/\" target=\"_blank\">Infinity the game<\/a>.<\/strong><\/p>\n<\/div>\n<p><strong>Nota: <\/strong>Miniaturas y escenograf\u00eda de la foto no incluidas<\/p>\n","protected":false},"excerpt":{"rendered":"<p>Marca la localizaci\u00f3n de tus minas en <strong><a href=\"http:\/\/infinitythegame.com\/\" target=\"_blank\"><strong>Infinity the game<\/strong><\/a><\/strong><\/p>\n","protected":false},"featured_media":8709,"template":"","meta":{"_acf_changed":false},"product_brand":[],"product_cat":[1370,291,347,1394,1372],"product_tag":[151,306],"class_list":{"0":"post-8681","1":"product","2":"type-product","3":"status-publish","4":"has-post-thumbnail","6":"product_cat-customeeple-es","7":"product_cat-infinity-es-2","8":"product_cat-marcadores-es","9":"product_cat-infinity-es","10":"product_cat-sci-fi-es","11":"product_tag-infinity-es","12":"product_tag-infinity-the-game-es-2","13":"pa_ifactions-alhes","14":"pa_ifactions-ardes","15":"pa_ifactions-cares","16":"pa_ifactions-genes","17":"pa_ifactions-haqes","18":"pa_ifactions-nomes","19":"pa_ifactions-012-es","20":"pa_ifactions-panes","21":"pa_ifactions-tohes","22":"pa_ifactions-yuges","24":"first","25":"instock","26":"taxable","27":"shipping-taxable","28":"purchasable","29":"product-type-variable"},"exclude_global_add_ons":[],"addons":[],"acf":[],"_links":{"self":[{"href":"https:\/\/www.customeeple.com\/es\/wp-json\/wp\/v2\/product\/8681","targetHints":{"allow":["GET"]}}],"collection":[{"href":"https:\/\/www.customeeple.com\/es\/wp-json\/wp\/v2\/product"}],"about":[{"href":"https:\/\/www.customeeple.com\/es\/wp-json\/wp\/v2\/types\/product"}],"wp:featuredmedia":[{"embeddable":true,"href":"https:\/\/www.customeeple.com\/es\/wp-json\/wp\/v2\/media\/8709"}],"wp:attachment":[{"href":"https:\/\/www.customeeple.com\/es\/wp-json\/wp\/v2\/media?parent=8681"}],"wp:term":[{"taxonomy":"product_brand","embeddable":true,"href":"https:\/\/www.customeeple.com\/es\/wp-json\/wp\/v2\/product_brand?post=8681"},{"taxonomy":"product_cat","embeddable":true,"href":"https:\/\/www.customeeple.com\/es\/wp-json\/wp\/v2\/product_cat?post=8681"},{"taxonomy":"product_tag","embeddable":true,"href":"https:\/\/www.customeeple.com\/es\/wp-json\/wp\/v2\/product_tag?post=8681"}],"curies":[{"name":"wp","href":"https:\/\/api.w.org\/{rel}","templated":true}]}}