{"id":8660,"date":"2014-04-21T15:10:50","date_gmt":"2014-04-21T14:10:50","guid":{"rendered":"http:\/\/www.customeeple.com\/?post_type=product&#038;p=8660"},"modified":"2016-09-21T20:32:00","modified_gmt":"2016-09-21T18:32:00","slug":"8660","status":"publish","type":"product","link":"https:\/\/www.customeeple.com\/es\/producto\/8660\/","title":{"rendered":"Extensi\u00f3n 40mm a 55mm para Infinity (2 unidades)"},"content":{"rendered":"<p>Puedes utilizar nuestra <strong>extensi\u00f3n de bases de 40 a 55mm<\/strong> para evitar cambiar la base de tus modelos y permitirte seguir jugando conforme al tama\u00f1o de nuevas bases, adem\u00e1s tambi\u00e9n te permiten definir la orientaci\u00f3n de la miniatura de\u00a0<strong><a href=\"http:\/\/www.infinitythegame.com\/infinity\/en\">Infinity<\/a><\/strong>. Los marcadores se han dise\u00f1ado en colaboraci\u00f3n con\u00a0<strong><a href=\"http:\/\/www.corvusbelli.com\/\" target=\"_blank\">Corvus Belli<\/a>\u00a0<\/strong>para ser totalmente compatibles con\u00a0<a href=\"http:\/\/infinitythegame.com\/\" target=\"_blank\"><strong>Infinity the game<\/strong><\/a>.<\/p>\n<p>Estos marcadores estan especialmente pensados para ser usados con las miniaturas grandes de\u00a0<strong><a href=\"http:\/\/www.infinitythegame.com\/infinity\/en\">Infinity<\/a>,<\/strong>\u00a0que usaban bases de 40mm y ahora necesitan sustituir dicha base por una base de 55mm.<a href=\"http:\/\/www.infinitythegame.com\/infinity\/en\/2012\/miniatures\/yaoxie-rui-shi-lu-duan\/\"><strong><br \/>\n<\/strong><\/a><\/p>\n<p>El pack consiste en 2 marcadores que adem\u00e1s pueden ser usados para marcar la l\u00ednea de visi\u00f3n. Los marcadores se pueden usar en lugar de pintar la base, o como una ayuda para definir una nueva orientaci\u00f3n diferente de la pintada en la base.<\/p>\n<p>Tambi\u00e9n Puedes utilizar estos marcadores para diferenciar tus diferentes grupos de combate dentro de un ej\u00e9rcito, usando colores diferentes. Si no estas seguro de cual es el color id\u00f3neo para tus piezas puedes consultar nuestra p\u00e1gina de <em><a href=\"http:\/\/www.customeeple.com\/materials\/\"><strong>materiales<\/strong> <\/a><\/em><\/p>\n<div class=\"moreinfo\">\n<p><strong>Color:\u00a0<\/strong>Elije entre los diferentes colores (gris\/ magenta\/ azul\/naranja\/ amarillo\/verde \/ transparente\u00a0)<strong>Material:\u00a0<\/strong>metacrilato<\/p>\n<p dir=\"ltr\"><strong>Grosor:<\/strong>\u00a03 mm<\/p>\n<p dir=\"ltr\"><strong>tama\u00f1o:<\/strong>\u00a0perfecto para base de 40mm<\/p>\n<p dir=\"ltr\"><strong>Cantidad:<\/strong>\u00a02 extensiones<\/p>\n<p><strong>Uso:\u00a0<\/strong>Extensi\u00f3n y l\u00ednea de visi\u00f3n para miniaturas de base 40mm de <strong><a href=\"http:\/\/www.infinitythegame.com\/infinity\/en\">Infinity<\/a>.<\/strong><\/p>\n<\/div>\n","protected":false},"excerpt":{"rendered":"<p>Extensi\u00f3n 40mm a 55mm compatible con <strong>Infinity the game<\/strong>.<\/p>\n","protected":false},"featured_media":8666,"template":"","meta":{"_acf_changed":false},"product_brand":[],"product_cat":[1370,291,1394,1372],"product_tag":[151,306],"class_list":{"0":"post-8660","1":"product","2":"type-product","3":"status-publish","4":"has-post-thumbnail","6":"product_cat-customeeple-es","7":"product_cat-infinity-es-2","8":"product_cat-infinity-es","9":"product_cat-sci-fi-es","10":"product_tag-infinity-es","11":"product_tag-infinity-the-game-es-2","12":"pa_methacrylate-colors-amarill-fluor-mfye","13":"pa_methacrylate-colors-azul-fluor-mfbl-es","14":"pa_methacrylate-colors-humo-trans-mtsm","15":"pa_methacrylate-colors-naranja-fluor-mfor-es","16":"pa_methacrylate-colors-naranja-fluor-mfor","17":"pa_methacrylate-colors-magenta-fluor-mfma-es","18":"pa_methacrylate-colors-smoke-grey-mtsm","19":"pa_methacrylate-colors-transparente-mttr","20":"pa_methacrylate-colors-verde-fluor-mfgr","22":"first","23":"instock","24":"taxable","25":"shipping-taxable","26":"purchasable","27":"product-type-variable"},"exclude_global_add_ons":[],"addons":[],"acf":[],"_links":{"self":[{"href":"https:\/\/www.customeeple.com\/es\/wp-json\/wp\/v2\/product\/8660","targetHints":{"allow":["GET"]}}],"collection":[{"href":"https:\/\/www.customeeple.com\/es\/wp-json\/wp\/v2\/product"}],"about":[{"href":"https:\/\/www.customeeple.com\/es\/wp-json\/wp\/v2\/types\/product"}],"wp:featuredmedia":[{"embeddable":true,"href":"https:\/\/www.customeeple.com\/es\/wp-json\/wp\/v2\/media\/8666"}],"wp:attachment":[{"href":"https:\/\/www.customeeple.com\/es\/wp-json\/wp\/v2\/media?parent=8660"}],"wp:term":[{"taxonomy":"product_brand","embeddable":true,"href":"https:\/\/www.customeeple.com\/es\/wp-json\/wp\/v2\/product_brand?post=8660"},{"taxonomy":"product_cat","embeddable":true,"href":"https:\/\/www.customeeple.com\/es\/wp-json\/wp\/v2\/product_cat?post=8660"},{"taxonomy":"product_tag","embeddable":true,"href":"https:\/\/www.customeeple.com\/es\/wp-json\/wp\/v2\/product_tag?post=8660"}],"curies":[{"name":"wp","href":"https:\/\/api.w.org\/{rel}","templated":true}]}}