{"id":8497,"date":"2014-04-14T14:53:00","date_gmt":"2014-04-14T13:53:00","guid":{"rendered":"http:\/\/www.customeeple.com\/product\/pieza-de-ajedrez-hacker-1-unidad\/"},"modified":"2015-09-09T21:32:42","modified_gmt":"2015-09-09T19:32:42","slug":"pieza-de-ajedrez-hacker","status":"publish","type":"product","link":"https:\/\/www.customeeple.com\/es\/producto\/pieza-de-ajedrez-hacker\/","title":{"rendered":"Pieza de Ajedrez (1 unidad)"},"content":{"rendered":"<p>Una pieza personalizada de ajedrez. Cada una de nuestras ciber piezas viene con su propia base para tenerse en pie.<\/p>\n<p>Elije entre los cuatro dise\u00f1os: alfil, torre, caballo y pe\u00f3n, en el color que prefieras entre toda nuestra gama. Crea tu propio set personalizado para utilizar en cualquier variante del ajedr\u00e9z.<\/p>\n<p><strong>Nota:<\/strong>\u00a0Recuerda que puedes comprar tambi\u00e9n nuestras piezas de ajedr\u00e9z hacker en un\u00a0<strong><a href=\"http:\/\/www.customeeple.com\/es\/producto\/set-de-ajedrez-hacker\/ \u200eE\">completo set<\/a>.<\/strong><\/p>\n<p>\u00a0<\/p>\n<div class=\"moreinfo\">\n<p><strong>Material:<\/strong> Metacrilato<\/p>\n<p><strong>Espesor:<\/strong> 3mm<\/p>\n<p><strong>Tama\u00f1o:<\/strong> Var\u00eda seg\u00fan dise\u00f1o<\/p>\n<p><strong>Uso:<\/strong>\u00a0Piezas de ajedrez<\/p>\n<p><strong>Cantidad:<\/strong> 1 unidad<\/p>\n<\/div>\n<p>\u00a0<\/p>\n<p><b><strong>\u00a0<\/strong><\/b><\/p>\n","protected":false},"excerpt":{"rendered":"<p>Una pieza de ajedrez con el color y dise\u00f1o personalizado<\/p>\n","protected":false},"featured_media":8589,"template":"","meta":{"_acf_changed":false},"product_brand":[],"product_cat":[78],"product_tag":[650],"class_list":{"0":"post-8497","1":"product","2":"type-product","3":"status-publish","4":"has-post-thumbnail","6":"product_cat-meeple-2","7":"product_tag-android-netrunner-es-2","8":"pa_methacrylate-colors-amarill-fluor-mfye","9":"pa_methacrylate-colors-amarillo-moye","10":"pa_methacrylate-colors-azul-mobl","11":"pa_methacrylate-colors-azul-fluor-mfbl-es","12":"pa_methacrylate-colors-azul-trans-mtbl","13":"pa_methacrylate-colors-balnco-mowh","14":"pa_methacrylate-colors-humo-trans-mtsm","15":"pa_methacrylate-colors-gris-mogy","16":"pa_methacrylate-colors-naranja-fluor-mfor-es","17":"pa_methacrylate-colors-naranja-fluor-mfor","18":"pa_methacrylate-colors-naranja-trans-mtor","19":"pa_methacrylate-colors-negro-moba","20":"pa_methacrylate-colors-rojo-more","21":"pa_methacrylate-colors-rojotrans-mtre","22":"pa_methacrylate-colors-magenta-fluor-mfma-es","23":"pa_methacrylate-colors-smoke-grey-mtsm","24":"pa_methacrylate-colors-transparente-mttr","25":"pa_methacrylate-colors-verde-trans-mtgr","26":"pa_methacrylate-colors-verde-fluor-mfgr","27":"pa_methacrylate-colors-verde-mogr","28":"pa_methacrylate-colors-violeta-movi","30":"first","31":"instock","32":"taxable","33":"shipping-taxable","34":"purchasable","35":"product-type-variable"},"exclude_global_add_ons":[],"addons":[],"acf":[],"_links":{"self":[{"href":"https:\/\/www.customeeple.com\/es\/wp-json\/wp\/v2\/product\/8497","targetHints":{"allow":["GET"]}}],"collection":[{"href":"https:\/\/www.customeeple.com\/es\/wp-json\/wp\/v2\/product"}],"about":[{"href":"https:\/\/www.customeeple.com\/es\/wp-json\/wp\/v2\/types\/product"}],"wp:featuredmedia":[{"embeddable":true,"href":"https:\/\/www.customeeple.com\/es\/wp-json\/wp\/v2\/media\/8589"}],"wp:attachment":[{"href":"https:\/\/www.customeeple.com\/es\/wp-json\/wp\/v2\/media?parent=8497"}],"wp:term":[{"taxonomy":"product_brand","embeddable":true,"href":"https:\/\/www.customeeple.com\/es\/wp-json\/wp\/v2\/product_brand?post=8497"},{"taxonomy":"product_cat","embeddable":true,"href":"https:\/\/www.customeeple.com\/es\/wp-json\/wp\/v2\/product_cat?post=8497"},{"taxonomy":"product_tag","embeddable":true,"href":"https:\/\/www.customeeple.com\/es\/wp-json\/wp\/v2\/product_tag?post=8497"}],"curies":[{"name":"wp","href":"https:\/\/api.w.org\/{rel}","templated":true}]}}