{"id":8496,"date":"2014-04-14T14:46:57","date_gmt":"2014-04-14T13:46:57","guid":{"rendered":"http:\/\/www.customeeple.com\/product\/set-de-ajedrez-hacker-4-unidades\/"},"modified":"2014-07-08T12:56:08","modified_gmt":"2014-07-08T11:56:08","slug":"set-de-ajedrez-hacker","status":"publish","type":"product","link":"https:\/\/www.customeeple.com\/es\/producto\/set-de-ajedrez-hacker\/","title":{"rendered":"Set de ajedrez hacker (12 Unidades)"},"content":{"rendered":"<p>Un set especial de piezas de ciber ajedrez. Son perfectas para representar programas estrat\u00e9gicos de hackeo para juegos futuristas de ciber infiltraciones como \u00a0<strong><a href=\"http:\/\/boardgamegeek.com\/boardgame\/124742\/android-netrunner\" target=\"_blank\">Android: Netrunner.<\/a><\/strong><\/p>\n<p>Cada una de nuestra ciber piezas viene con una base para poder mantenerse en pie. A\u00f1\u00e1delas a los programas de tus oponentes y mu\u00e9velas libremente como si fueran piezas de ajedrez. \u00a0Convi\u00e9rtete en el estratega supremo del ciberespacio.<\/p>\n<p>Cada set contiene tres unidades de cada dise\u00f1o: alfil, caballo, torre y pe\u00f3n, en metacrilato rojo transparente a un precio muy especial.<\/p>\n<p><strong>Nota:<\/strong>\u00a0Tambi\u00e9n puedes comprar <strong><a href=\"http:\/\/www.customeeple.com\/es\/producto\/pieza-de-ajedrez-hacker\/ \u200eE\">piezas sueltas adicionales<\/a>\u00a0<\/strong>en el color que prefieras.<\/p>\n<p>&nbsp;<\/p>\n<div class=\"moreinfo\">\n<p><strong>Material:<\/strong>\u00a0Metacrilato\u00a0rojo transparente<\/p>\n<p><strong>Grosor:<\/strong> 3mm<\/p>\n<p><strong>Tama\u00f1o:<\/strong> varios seg\u00fan dise\u00f1o<\/p>\n<p><strong>Uso:<\/strong>\u00a0Piezas de ajedrez con un dise\u00f1o futurista<\/p>\n<p><strong>Cantidad: <\/strong>12 unidades<\/p>\n<\/div>\n<p>&nbsp;<\/p>\n<p><strong><a href=\"http:\/\/boardgamegeek.com\/boardgame\/124742\/android-netrunner\" target=\"_blank\">Android: Netrunner<\/a><\/strong>\u00a0es un juego publicado por <strong><a href=\"http:\/\/www.edgeent.com\/v2\/index.asp\">Edge Entertainment<\/a>.<\/strong>\u00a0<strong>Customeeple<\/strong>\u00a0no tienen ninguna relaci\u00f3n con esta compa\u00f1\u00eda y este producto no esta apoyado por ellos de ninguna forma.<\/p>\n","protected":false},"excerpt":{"rendered":"<p>Piezas de ajedrez con un dise\u00f1o futurista.<\/p>\n","protected":false},"featured_media":8591,"template":"","meta":{"_acf_changed":false},"product_brand":[],"product_cat":[812,78],"product_tag":[742,753,758,649],"class_list":{"0":"post-8496","1":"product","2":"type-product","3":"status-publish","4":"has-post-thumbnail","6":"product_cat-hacker-masterses","7":"product_cat-meeple-2","8":"product_tag-android-es-2","9":"product_tag-edge-city-es-2","10":"product_tag-hacker-es-2","11":"product_tag-netrunner-es-2","13":"first","14":"instock","15":"taxable","16":"shipping-taxable","17":"purchasable","18":"product-type-simple"},"exclude_global_add_ons":[],"addons":[],"acf":[],"_links":{"self":[{"href":"https:\/\/www.customeeple.com\/es\/wp-json\/wp\/v2\/product\/8496","targetHints":{"allow":["GET"]}}],"collection":[{"href":"https:\/\/www.customeeple.com\/es\/wp-json\/wp\/v2\/product"}],"about":[{"href":"https:\/\/www.customeeple.com\/es\/wp-json\/wp\/v2\/types\/product"}],"wp:featuredmedia":[{"embeddable":true,"href":"https:\/\/www.customeeple.com\/es\/wp-json\/wp\/v2\/media\/8591"}],"wp:attachment":[{"href":"https:\/\/www.customeeple.com\/es\/wp-json\/wp\/v2\/media?parent=8496"}],"wp:term":[{"taxonomy":"product_brand","embeddable":true,"href":"https:\/\/www.customeeple.com\/es\/wp-json\/wp\/v2\/product_brand?post=8496"},{"taxonomy":"product_cat","embeddable":true,"href":"https:\/\/www.customeeple.com\/es\/wp-json\/wp\/v2\/product_cat?post=8496"},{"taxonomy":"product_tag","embeddable":true,"href":"https:\/\/www.customeeple.com\/es\/wp-json\/wp\/v2\/product_tag?post=8496"}],"curies":[{"name":"wp","href":"https:\/\/api.w.org\/{rel}","templated":true}]}}