{"id":84864,"date":"2026-05-08T12:44:59","date_gmt":"2026-05-08T11:44:59","guid":{"rendered":"https:\/\/www.customeeple.com\/?post_type=product&#038;p=84864"},"modified":"2026-05-08T12:52:42","modified_gmt":"2026-05-08T11:52:42","slug":"dado-compatible-con-space-hulk-death-angel-copy","status":"publish","type":"product","link":"https:\/\/www.customeeple.com\/es\/producto\/dado-compatible-con-space-hulk-death-angel-copy\/","title":{"rendered":"Dado compatible con Space Hulk: Death Angel (Copy)"},"content":{"rendered":"<div class=\"product-copy\">\n<h3>Set de Dados Compatibles con HeroQuest<\/h3>\n<p>Un <strong>set de dados personalizados<\/strong> compatible con el juego de mesa <em>HeroQuest<\/em>.<\/p>\n<p>Este pack incluye <strong>6 dados de acr\u00edlico<\/strong>, dise\u00f1ados para recrear la sensaci\u00f3n cl\u00e1sica de las aventuras en mazmorras, pero con un acabado m\u00e1s distintivo y premium para tu mesa de juego.<\/p>\n<p>Cada dado incluye las cl\u00e1sicas caras inspiradas en HeroQuest:<br \/>\n<strong>3 calaveras<\/strong>, <strong>2 escudos<\/strong> y <strong>1 s\u00edmbolo de monstruo<\/strong>, adaptados en un dise\u00f1o grabado personalizado.<\/p>\n<p>La versi\u00f3n est\u00e1ndar utiliza elegantes <strong>dados de acr\u00edlico blanco perlado<\/strong> con s\u00edmbolos grabados y pintados a mano en negro, igual que los mostrados en las fotos, aunque tambi\u00e9n puedes solicitar otras combinaciones de colores.<\/p>\n<p>Todos los dados est\u00e1n grabados a l\u00e1ser y pintados a mano para conseguir s\u00edmbolos n\u00edtidos y duraderos, perfectos para incontables exploraciones de mazmorras, b\u00fasquedas de tesoros y gloriosas muertes por abrir \u201cesa puerta que claramente no hab\u00eda que abrir\u201d.<\/p>\n<p>Como siempre, est\u00e1n fabricados con mimo en Espa\u00f1a en el <strong>taller de Customeeple<\/strong>, poniendo especial atenci\u00f3n en la calidad, la claridad en mesa y ese toque personalizado que hace que tus partidas se sientan m\u00e1s tuyas.<\/p>\n<div class=\"moreinfo\">\n<p><strong>Material:<\/strong> Dados de acr\u00edlico grabados a l\u00e1ser y pintados a mano.<\/p>\n<p><strong>Tama\u00f1o:<\/strong> Dados est\u00e1ndar de 16 mm.<\/p>\n<p><strong>Cantidad:<\/strong> 6 dados.<\/p>\n<p><strong>Caras:<\/strong> 3 calaveras, 2 escudos y 1 s\u00edmbolo de monstruo por dado.<\/p>\n<p><strong>Colores:<\/strong> Blanco perlado con grabado negro por defecto \u2014 otros colores disponibles bajo pedido.<\/p>\n<p><strong>Uso:<\/strong> Dados compatibles con el juego de mesa <em>HeroQuest<\/em>.<\/p>\n<\/div>\n<div class=\"infopreorder\">\n<p><strong>Nota legal:<\/strong> Este producto es un <strong>accesorio independiente<\/strong> dise\u00f1ado para ser compatible con el juego de mesa <em>HeroQuest<\/em>.<br \/>\n<strong>Customeeple<\/strong> no est\u00e1 afiliada ni respaldada por Hasbro, Avalon Hill ni por los propietarios de la licencia.<br \/>\n<em>HeroQuest<\/em> y todos los t\u00e9rminos relacionados son marcas registradas de sus respectivos propietarios.<\/p>\n<\/div>\n<\/div>\n","protected":false},"excerpt":{"rendered":"<p>Dados de combate personalizados<\/p>\n","protected":false},"featured_media":84869,"template":"","meta":{"_acf_changed":false},"product_brand":[],"product_cat":[191,1370,1392],"product_tag":[1264,759,1280],"class_list":{"0":"post-84864","1":"product","2":"type-product","3":"status-publish","4":"has-post-thumbnail","6":"product_cat-accesorios","7":"product_cat-customeeple-es","8":"product_cat-dados","9":"product_tag-boardgame-es","10":"product_tag-heroquest-es","11":"product_tag-juego-de-mesa-es","13":"first","14":"instock","15":"taxable","16":"shipping-taxable","17":"purchasable","18":"product-type-variable"},"exclude_global_add_ons":[],"addons":[],"acf":[],"_links":{"self":[{"href":"https:\/\/www.customeeple.com\/es\/wp-json\/wp\/v2\/product\/84864","targetHints":{"allow":["GET"]}}],"collection":[{"href":"https:\/\/www.customeeple.com\/es\/wp-json\/wp\/v2\/product"}],"about":[{"href":"https:\/\/www.customeeple.com\/es\/wp-json\/wp\/v2\/types\/product"}],"wp:featuredmedia":[{"embeddable":true,"href":"https:\/\/www.customeeple.com\/es\/wp-json\/wp\/v2\/media\/84869"}],"wp:attachment":[{"href":"https:\/\/www.customeeple.com\/es\/wp-json\/wp\/v2\/media?parent=84864"}],"wp:term":[{"taxonomy":"product_brand","embeddable":true,"href":"https:\/\/www.customeeple.com\/es\/wp-json\/wp\/v2\/product_brand?post=84864"},{"taxonomy":"product_cat","embeddable":true,"href":"https:\/\/www.customeeple.com\/es\/wp-json\/wp\/v2\/product_cat?post=84864"},{"taxonomy":"product_tag","embeddable":true,"href":"https:\/\/www.customeeple.com\/es\/wp-json\/wp\/v2\/product_tag?post=84864"}],"curies":[{"name":"wp","href":"https:\/\/api.w.org\/{rel}","templated":true}]}}