{"id":84571,"date":"2026-04-22T14:13:31","date_gmt":"2026-04-22T13:13:31","guid":{"rendered":"https:\/\/www.customeeple.com\/?post_type=product&#038;p=84571"},"modified":"2026-04-22T15:15:48","modified_gmt":"2026-04-22T14:15:48","slug":"dados-compatibles-con-batalla-de-hoth-6-uds-copy","status":"publish","type":"product","link":"https:\/\/www.customeeple.com\/es\/producto\/dados-compatibles-con-batalla-de-hoth-6-uds-copy\/","title":{"rendered":"Dado compatible con Space Hulk: Death Angel"},"content":{"rendered":"<div class=\"product-copy\">\n<h3>Set de dados compatibles con Space Hulk: Death Angel<\/h3>\n<p>Un<strong>dado personalizado<\/strong> compatible con el juego <em>Space Hulk: Death Angel<\/em>.<br \/>\nEst\u00e1n dise\u00f1ados para encajar con la est\u00e9tica y simbolog\u00eda del juego, d\u00e1ndole adem\u00e1s un toque m\u00e1s personal a tu mesa.<\/p>\n<p>La versi\u00f3n por defecto est\u00e1 hecha en <strong>acr\u00edlico rojo marmoleado<\/strong> con los s\u00edmbolos grabados y pintados a mano, tal y como se ve en las fotos, aunque puedes <strong>elegir el color<\/strong> entre nuestra gama si quieres adaptarlos mejor a tu colecci\u00f3n o a tu estilo.<\/p>\n<p>Cada dado est\u00e1 grabado a l\u00e1ser y pintado a mano para conseguir un acabado n\u00edtido y duradero, perfecto para muchas partidas y para sobrevivir con un poco m\u00e1s de estilo a los horrores del pecio espacial.<\/p>\n<p>Como siempre, est\u00e1n fabricados con mimo en Espa\u00f1a, en el <strong>taller de Customeeple<\/strong>, cuidando la calidad, la precisi\u00f3n y ese punto de personalizaci\u00f3n que hace que tus partidas se sientan m\u00e1s tuyas.<\/p>\n<div class=\"moreinfo\">\n<p><strong>Material:<\/strong> Dados de acr\u00edlico, grabados a l\u00e1ser y pintados a mano.<\/p>\n<p><strong>Tama\u00f1o:<\/strong> 16 mm, tama\u00f1o est\u00e1ndar de dado de juego.<\/p>\n<p><strong>Cantidad:<\/strong> 2 dados.<\/p>\n<p><strong>Colores:<\/strong> Rojo marmoleado por defecto; otros colores disponibles bajo pedido.<\/p>\n<p><strong>Uso:<\/strong> Dados compatibles con <em>Space Hulk: Death Angel<\/em>.<\/p>\n<\/div>\n<div class=\"infopreorder\">\n<p><strong>Nota de licencia:<\/strong> Este producto es un <strong>accesorio independiente<\/strong> dise\u00f1ado para ser compatible<br \/>\ncon el juego <em>Space Hulk: Death Angel<\/em>.<br \/>\n<strong>Customeeple<\/strong> no est\u00e1 afiliado ni cuenta con la aprobaci\u00f3n de Games Workshop ni Fantasy Flight Games.<br \/>\n<em>Space Hulk: Death Angel<\/em> y todos los t\u00e9rminos relacionados son marcas registradas de sus respectivos propietarios.<\/p>\n<\/div>\n<\/div>\n","protected":false},"excerpt":{"rendered":"<p>Dados de combate personalizados<\/p>\n","protected":false},"featured_media":84579,"template":"","meta":{"_acf_changed":false},"product_brand":[],"product_cat":[191,1370,1392,816],"product_tag":[1264,1444,1639,1280,1351],"class_list":{"0":"post-84571","1":"product","2":"type-product","3":"status-publish","4":"has-post-thumbnail","6":"product_cat-accesorios","7":"product_cat-customeeple-es","8":"product_cat-dados","9":"product_cat-space-fight-es","10":"product_tag-boardgame-es","11":"product_tag-command-colors-es","12":"product_tag-gmt-es","13":"product_tag-juego-de-mesa-es","14":"product_tag-star-wars-es","16":"first","17":"instock","18":"taxable","19":"shipping-taxable","20":"purchasable","21":"product-type-variable"},"exclude_global_add_ons":[],"addons":[],"acf":[],"_links":{"self":[{"href":"https:\/\/www.customeeple.com\/es\/wp-json\/wp\/v2\/product\/84571","targetHints":{"allow":["GET"]}}],"collection":[{"href":"https:\/\/www.customeeple.com\/es\/wp-json\/wp\/v2\/product"}],"about":[{"href":"https:\/\/www.customeeple.com\/es\/wp-json\/wp\/v2\/types\/product"}],"wp:featuredmedia":[{"embeddable":true,"href":"https:\/\/www.customeeple.com\/es\/wp-json\/wp\/v2\/media\/84579"}],"wp:attachment":[{"href":"https:\/\/www.customeeple.com\/es\/wp-json\/wp\/v2\/media?parent=84571"}],"wp:term":[{"taxonomy":"product_brand","embeddable":true,"href":"https:\/\/www.customeeple.com\/es\/wp-json\/wp\/v2\/product_brand?post=84571"},{"taxonomy":"product_cat","embeddable":true,"href":"https:\/\/www.customeeple.com\/es\/wp-json\/wp\/v2\/product_cat?post=84571"},{"taxonomy":"product_tag","embeddable":true,"href":"https:\/\/www.customeeple.com\/es\/wp-json\/wp\/v2\/product_tag?post=84571"}],"curies":[{"name":"wp","href":"https:\/\/api.w.org\/{rel}","templated":true}]}}