{"id":84304,"date":"2026-03-26T10:35:00","date_gmt":"2026-03-26T09:35:00","guid":{"rendered":"https:\/\/www.customeeple.com\/?post_type=product&#038;p=84304"},"modified":"2026-03-26T11:22:53","modified_gmt":"2026-03-26T10:22:53","slug":"trench-crusade-set-de-tokens-y-dial-set-15-pieces-copy","status":"publish","type":"product","link":"https:\/\/www.customeeple.com\/es\/producto\/trench-crusade-set-de-tokens-y-dial-set-15-pieces-copy\/","title":{"rendered":"Trench Crusade  Marcadores de Activaci\u00f3n"},"content":{"rendered":"<h2>Fichas de Facci\u00f3n Compatibles con Trench Crusade<\/h2>\n<p>Un set de fichas de facci\u00f3n dise\u00f1ado para representar a las distintas fuerzas que luchan en los campos de batalla de Trench Crusade.<br \/>\nCada dise\u00f1o refleja la identidad y simbolog\u00eda de las diferentes warbands, aportando claridad y ambientaci\u00f3n a tus partidas.<\/p>\n<p>Este pack incluye:<\/p>\n<ul>\n<li><strong>Fichas de facci\u00f3n:<\/strong>\n<ul>\n<li>10 o 20 fichas (a elegir)<\/li>\n<li>Puedes seleccionar los dise\u00f1os de las facciones disponibles<\/li>\n<\/ul>\n<\/li>\n<\/ul>\n<p>Dise\u00f1adas para ser claras, resistentes y f\u00e1ciles de identificar en mesa, estas fichas te permiten reconocer r\u00e1pidamente cada facci\u00f3n mientras mejoran la est\u00e9tica del campo de batalla.<\/p>\n<p>Puedes elegir recibir las piezas con el grabado sin pintar.<br \/>\nEsta opci\u00f3n es perfecta si quieres personalizar tu set.<\/p>\n<p>Para pintar el grabado, recomendamos:<\/p>\n<ul>\n<li>\n<p>Usar pintura acr\u00edlica y aplicarla directamente sobre el grabado.<\/p>\n<\/li>\n<li>\n<p>Limpiar la superficie con un pa\u00f1o h\u00famedo antes de que se seque, para que el color quede solo dentro de las l\u00edneas.<\/p>\n<\/li>\n<li>\n<p>Para un acabado m\u00e1s uniforme, puedes sellarlo con barniz mate una vez seco.<\/p>\n<\/li>\n<\/ul>\n<p>Perfectas para jugadores que quieren dar identidad visual a cada facci\u00f3n sin a\u00f1adir desorden a la mesa.<\/p>\n<div class=\"moreinfo\">\n<p><strong style=\"font-size: 14px; line-height: 1.5em;\">Material: <\/strong>Metacrilato<\/p>\n<p dir=\"ltr\"><strong>Grosor:<\/strong> 3 mm<\/p>\n<p dir=\"ltr\"><strong>Tama\u00f1o:<\/strong> 20 mm<\/p>\n<p dir=\"ltr\"><strong>Cantidad:<\/strong> 10 o 20 piezas<\/p>\n<\/div>\n<p><em>Trench Crusade es un proyecto de juego independiente. Customeeple no est\u00e1 afiliado a este proyecto ni este producto est\u00e1 avalado por sus creadores.<\/em><\/p>\n<div class=\"infopreorder\"><strong>Nota:<\/strong> El color del metacrilato puede variar ligeramente respecto a las im\u00e1genes.<\/div>\n","protected":false},"excerpt":{"rendered":"<p>Un pack de marcadores grimdark<\/p>\n","protected":false},"featured_media":84316,"template":"","meta":{"_acf_changed":false},"product_brand":[],"product_cat":[1370,1623],"product_tag":[1979,1677,1114,787],"class_list":{"0":"post-84304","1":"product","2":"type-product","3":"status-publish","4":"has-post-thumbnail","6":"product_cat-customeeple-es","7":"product_cat-wargames-es-2","8":"product_tag-kill-team-es","9":"product_tag-necromunda-es-2","10":"product_tag-shadow-war-armageddon-es","11":"product_tag-warhammer-40k-es-2","12":"pa_design-diseno-a","13":"pa_design-diseno-b","14":"pa_design-diseno-c","15":"pa_design-diseno-d","16":"pa_design-diseno-e","17":"pa_design-diseno-f","18":"pa_design-diseno-g","19":"pa_design-diseno-h","20":"pa_design-diseno-i","22":"first","23":"instock","24":"taxable","25":"shipping-taxable","26":"purchasable","27":"product-type-variable"},"exclude_global_add_ons":[],"addons":[],"acf":[],"_links":{"self":[{"href":"https:\/\/www.customeeple.com\/es\/wp-json\/wp\/v2\/product\/84304","targetHints":{"allow":["GET"]}}],"collection":[{"href":"https:\/\/www.customeeple.com\/es\/wp-json\/wp\/v2\/product"}],"about":[{"href":"https:\/\/www.customeeple.com\/es\/wp-json\/wp\/v2\/types\/product"}],"wp:featuredmedia":[{"embeddable":true,"href":"https:\/\/www.customeeple.com\/es\/wp-json\/wp\/v2\/media\/84316"}],"wp:attachment":[{"href":"https:\/\/www.customeeple.com\/es\/wp-json\/wp\/v2\/media?parent=84304"}],"wp:term":[{"taxonomy":"product_brand","embeddable":true,"href":"https:\/\/www.customeeple.com\/es\/wp-json\/wp\/v2\/product_brand?post=84304"},{"taxonomy":"product_cat","embeddable":true,"href":"https:\/\/www.customeeple.com\/es\/wp-json\/wp\/v2\/product_cat?post=84304"},{"taxonomy":"product_tag","embeddable":true,"href":"https:\/\/www.customeeple.com\/es\/wp-json\/wp\/v2\/product_tag?post=84304"}],"curies":[{"name":"wp","href":"https:\/\/api.w.org\/{rel}","templated":true}]}}