{"id":8342,"date":"2014-04-14T14:59:10","date_gmt":"2014-04-14T13:59:10","guid":{"rendered":"http:\/\/www.customeeple.com\/product\/caballo-de-carreras-1-unidad\/"},"modified":"2025-01-28T22:43:32","modified_gmt":"2025-01-28T21:43:32","slug":"caballo-de-carreras","status":"publish","type":"product","link":"https:\/\/www.customeeple.com\/es\/producto\/caballo-de-carreras\/","title":{"rendered":"Caballo de carreras (1 unidad)"},"content":{"rendered":"<p>Una ficha de un caballo de carreras perfecta para usar en el juego que quieras. Cada silueta de caballo viene con una base transparente para hacer que se sostenga. Puedes utilizarlas en cualquier juego de carreras como <a href=\"http:\/\/boardgamegeek.com\/boardgame\/1382\/winners-circle\"><strong>Winner&#8217;s Circle<\/strong><\/a> para representar al caballo y su jinete.<\/p>\n<p>Puedes elegir el color de la silueta de tu caballo. \u00a1Haz que cada uno sea diferente!\u00a0Si no estas seguro de cual es el color id\u00f3neo para tus piezas puedes consultar nuestra p\u00e1gina de &lt;em&gt;&lt;a href=\u00bbhttp:\/\/www.customeeple.com\/materials\/\u00bb&gt;&lt;strong&gt;materiales&lt;\/strong&gt; &lt;\/a&gt;&lt;\/em&gt;<\/p>\n<p><strong>Nota: <\/strong>Cada caballo viene con su base redonda incluida. Si necesitas otro tipo de bases para tu juego de carreras ponte en contacto con nosotros en las notas del pedido e ind\u00edcanos la forma y medidas que necesitas.<\/p>\n<div class=\"moreinfo\">\n<p><strong>Material:<\/strong> Metacrilato<\/p>\n<p><strong>Tama\u00f1o: <\/strong>33\u00a0x 55 mm<\/p>\n<p><strong>Espesors:<\/strong> 3 mm<\/p>\n<p><strong>Cantidad:<\/strong> 1 caballo con su base<\/p>\n<p><strong>Uso: <\/strong>Como caballo en cualquier juego de carreras<\/p>\n<\/div>\n<p>&nbsp;<\/p>\n<p><a href=\"http:\/\/boardgamegeek.com\/boardgame\/1382\/winners-circle\"><strong>Winner\u00b4s Circle<\/strong><\/a> es un juego de <a href=\"http:\/\/www.knizia.de\/\"><strong>Reiner Knizia<\/strong><\/a> publicado por <strong><a href=\"http:\/\/www.aleaspiele.de\/Pages\/Title\/\">Alea Spiele<\/a>.<\/strong> Customeeple no mantiene niguna relaci\u00f3n con esta compa\u00f1\u00eda y su este producto no esta de ninguna manera apoyado por ellos.<\/p>\n","protected":false},"excerpt":{"rendered":"<p>Una fichas de un caballo de carreras para a\u00f1adir al juego que quieras<\/p>\n","protected":false},"featured_media":8555,"template":"","meta":{"_acf_changed":false},"product_brand":[],"product_cat":[1370,78],"product_tag":[666,667,668,669,665],"class_list":{"0":"post-8342","1":"product","2":"type-product","3":"status-publish","4":"has-post-thumbnail","6":"product_cat-customeeple-es","7":"product_cat-meeple-2","8":"product_tag-change-horses-es-2","9":"product_tag-horse-fever-es-2","10":"product_tag-long-shot-es-2","11":"product_tag-totopoly-es-2","12":"product_tag-winners-circle-es-2","13":"pa_methacrylate-colors-amarill-fluor-mfye","14":"pa_methacrylate-colors-amarillo-moye","15":"pa_methacrylate-colors-azul-mobl","16":"pa_methacrylate-colors-azul-fluor-mfbl-es","17":"pa_methacrylate-colors-azul-trans-mtbl","18":"pa_methacrylate-colors-balnco-mowh","19":"pa_methacrylate-colors-humo-trans-mtsm","20":"pa_methacrylate-colors-gris-mogy","21":"pa_methacrylate-colors-naranja-fluor-mfor-es","22":"pa_methacrylate-colors-naranja-fluor-mfor","23":"pa_methacrylate-colors-naranja-trans-mtor","24":"pa_methacrylate-colors-negro-moba","25":"pa_methacrylate-colors-rojo-more","26":"pa_methacrylate-colors-rojotrans-mtre","27":"pa_methacrylate-colors-magenta-fluor-mfma-es","28":"pa_methacrylate-colors-smoke-grey-mtsm","29":"pa_methacrylate-colors-transparente-mttr","30":"pa_methacrylate-colors-verde-trans-mtgr","31":"pa_methacrylate-colors-verde-fluor-mfgr","32":"pa_methacrylate-colors-verde-mogr","33":"pa_methacrylate-colors-violeta-movi","35":"first","36":"instock","37":"taxable","38":"shipping-taxable","39":"purchasable","40":"product-type-variable"},"exclude_global_add_ons":[],"addons":[],"acf":[],"_links":{"self":[{"href":"https:\/\/www.customeeple.com\/es\/wp-json\/wp\/v2\/product\/8342","targetHints":{"allow":["GET"]}}],"collection":[{"href":"https:\/\/www.customeeple.com\/es\/wp-json\/wp\/v2\/product"}],"about":[{"href":"https:\/\/www.customeeple.com\/es\/wp-json\/wp\/v2\/types\/product"}],"wp:featuredmedia":[{"embeddable":true,"href":"https:\/\/www.customeeple.com\/es\/wp-json\/wp\/v2\/media\/8555"}],"wp:attachment":[{"href":"https:\/\/www.customeeple.com\/es\/wp-json\/wp\/v2\/media?parent=8342"}],"wp:term":[{"taxonomy":"product_brand","embeddable":true,"href":"https:\/\/www.customeeple.com\/es\/wp-json\/wp\/v2\/product_brand?post=8342"},{"taxonomy":"product_cat","embeddable":true,"href":"https:\/\/www.customeeple.com\/es\/wp-json\/wp\/v2\/product_cat?post=8342"},{"taxonomy":"product_tag","embeddable":true,"href":"https:\/\/www.customeeple.com\/es\/wp-json\/wp\/v2\/product_tag?post=8342"}],"curies":[{"name":"wp","href":"https:\/\/api.w.org\/{rel}","templated":true}]}}