{"id":83348,"date":"2026-01-10T19:55:26","date_gmt":"2026-01-10T18:55:26","guid":{"rendered":"https:\/\/www.customeeple.com\/?post_type=product&#038;p=83348"},"modified":"2026-01-10T20:34:00","modified_gmt":"2026-01-10T19:34:00","slug":"tapete-compatible-star-wars-shatterpoint-36-x-36-pulgadas-copy-2","status":"publish","type":"product","link":"https:\/\/www.customeeple.com\/es\/producto\/tapete-compatible-star-wars-shatterpoint-36-x-36-pulgadas-copy-2\/","title":{"rendered":"Tapete compatible Trench Crusade"},"content":{"rendered":"<div class=\"product-copy\">Un <strong>tapete de juego premium<\/strong> compatible con <em>Trench Crusade<\/em>, dise\u00f1ado para aportar el tono grimdark adecuado a la mesa sin limitar la flexibilidad de tus partidas.Una de las opciones disponibles es nuestra <strong>textura de campo de batalla inspirada en Trench Crusade<\/strong>: barro empapado, tierra removida, charcos estancados y sutiles rastros de violencia \u2014 perfecta para esa sensaci\u00f3n de \u201ctodo va mal desde hace d\u00e9cadas\u201d.<br \/>\nTambi\u00e9n puedes elegir entre las mismas texturas de terreno vers\u00e1tiles que utilizamos en otros tapetes, para que la mesa encaje con el escenario, la facci\u00f3n o el ambiente que quieras.<\/p>\n<ul>\n<li><strong>Desierto<\/strong> \u2014 suelo arenoso con erosi\u00f3n sutil y tierra seca.<\/li>\n<li><strong>Nieve<\/strong> \u2014 terreno helado con placas de hielo y nieve compactada.<\/li>\n<li><strong>Hierba<\/strong> \u2014 campos verdes naturales con zonas desgastadas y variaci\u00f3n de textura.<\/li>\n<li><strong>Rocoso<\/strong> \u2014 suelo de piedra irregular con afloramientos de roca.<\/li>\n<li><strong>Magma<\/strong> \u2014 terreno volc\u00e1nico oscuro con grietas de lava incandescente.<\/li>\n<li><strong>Yermo<\/strong> \u2014 terreno polvoriento y castigado, con coloraci\u00f3n irregular.<\/li>\n<li><strong>Agrietado<\/strong> \u2014 tierra seca y cuarteada con un aspecto duro y desolado.<\/li>\n<li><strong>Trench Crusade<\/strong> \u2014 campo de batalla embarrado con pasarelas de madera, charcos y tierra removida, inspirado en la est\u00e9tica grimdark del juego.<\/li>\n<\/ul>\n<p>Tambi\u00e9n puedes elegir si quieres el tapete <strong>sin marcas<\/strong> (solo la textura del terreno) o <strong>con l\u00edneas de despliegue<\/strong>, basadas en los tipos de despliegue del generador oficial de partidas online de <em>Trench Crusade<\/em>:<\/p>\n<ul>\n<li><strong>Despliegue est\u00e1ndar<\/strong><\/li>\n<li><strong>Ataque por los flancos<\/strong><\/li>\n<li><strong>T\u00faneles<\/strong><\/li>\n<li><strong>Niebla de guerra<\/strong><\/li>\n<li><strong>Encuentro fortuito<\/strong><\/li>\n<li><strong>Batalla a larga distancia<\/strong><\/li>\n<\/ul>\n<p>Fabricado en <strong>lona outdoor de alta calidad<\/strong>, es flexible, resistente, f\u00e1cil de enrollar y pensado para un uso habitual.<br \/>\nTodos nuestros tapetes incluyen nuestro logo y web como una marca de agua sutil en el borde.<\/p>\n<p>&#x267b;&#xfe0f; Como parte de nuestro compromiso por reducir la huella de carbono, producimos los tapetes lo m\u00e1s cerca posible del pa\u00eds de destino y evitamos intermediarios.<br \/>\nPor este motivo, los tapetes se env\u00edan por separado del resto de productos. Gracias por apoyar una producci\u00f3n m\u00e1s responsable.<\/p>\n<div class=\"moreinfo\"><strong>Material:<\/strong> Lona outdoor<br \/>\n<strong>Tama\u00f1os:<\/strong> 36 \u00d7 36 pulgadas (91,4 \u00d7 91,4 cm) o 48 \u00d7 48 pulgadas (122 \u00d7 122 cm)<br \/>\n<strong>Cantidad:<\/strong> 1 tapete<br \/>\n<strong>Uso:<\/strong> Tapete compatible con <em>Trench Crusade<\/em> y otros juegos de miniaturas<\/div>\n<div class=\"infopreorder\"><strong>Nota de compatibilidad y licencia:<\/strong><br \/>\nEste producto es un <strong>accesorio independiente<\/strong> compatible con <em>Trench Crusade<\/em>.<br \/>\n<em>Trench Crusade<\/em> es un juego creado por Tuomas Pirinen y publicado por <strong>Trench Crusade Ltd.<\/strong>.<br \/>\n<strong>Customeeple<\/strong> no est\u00e1 afiliada a Trench Crusade Ltd. y este producto no es oficial ni est\u00e1 respaldado por ellos.<\/div>\n<\/div>\n","protected":false},"excerpt":{"rendered":"<p>Tapete con guias para facilitar el juego<\/p>\n","protected":false},"featured_media":83372,"template":"","meta":{"_acf_changed":false},"product_brand":[],"product_cat":[1370,1372,79,1623],"product_tag":[2127],"class_list":{"0":"post-83348","1":"product","2":"type-product","3":"status-publish","4":"has-post-thumbnail","6":"product_cat-customeeple-es","7":"product_cat-sci-fi-es","8":"product_cat-tapete","9":"product_cat-wargames-es-2","10":"product_tag-shatterpoint-es","11":"product_shipping_class-bigtube","13":"first","14":"instock","15":"taxable","16":"shipping-taxable","17":"purchasable","18":"product-type-variable"},"exclude_global_add_ons":[],"addons":[],"acf":[],"_links":{"self":[{"href":"https:\/\/www.customeeple.com\/es\/wp-json\/wp\/v2\/product\/83348","targetHints":{"allow":["GET"]}}],"collection":[{"href":"https:\/\/www.customeeple.com\/es\/wp-json\/wp\/v2\/product"}],"about":[{"href":"https:\/\/www.customeeple.com\/es\/wp-json\/wp\/v2\/types\/product"}],"wp:featuredmedia":[{"embeddable":true,"href":"https:\/\/www.customeeple.com\/es\/wp-json\/wp\/v2\/media\/83372"}],"wp:attachment":[{"href":"https:\/\/www.customeeple.com\/es\/wp-json\/wp\/v2\/media?parent=83348"}],"wp:term":[{"taxonomy":"product_brand","embeddable":true,"href":"https:\/\/www.customeeple.com\/es\/wp-json\/wp\/v2\/product_brand?post=83348"},{"taxonomy":"product_cat","embeddable":true,"href":"https:\/\/www.customeeple.com\/es\/wp-json\/wp\/v2\/product_cat?post=83348"},{"taxonomy":"product_tag","embeddable":true,"href":"https:\/\/www.customeeple.com\/es\/wp-json\/wp\/v2\/product_tag?post=83348"}],"curies":[{"name":"wp","href":"https:\/\/api.w.org\/{rel}","templated":true}]}}