{"id":83000,"date":"2025-12-12T19:39:22","date_gmt":"2025-12-12T18:39:22","guid":{"rendered":"https:\/\/www.customeeple.com\/product\/kit-aerografico-dismoer-compresor-d-80\/"},"modified":"2025-12-12T19:39:22","modified_gmt":"2025-12-12T18:39:22","slug":"kit-aerografico-dismoer-compresor-d-80","status":"publish","type":"product","link":"https:\/\/www.customeeple.com\/es\/producto\/kit-aerografico-dismoer-compresor-d-80\/","title":{"rendered":"Kit Aerogr\u00e1fico Dismoer Compresor D-80"},"content":{"rendered":"<div id=\"product-description-short-908\" class=\"product-description\">\n<p>Kit Aerogr\u00e1fico Dismoer Compresor D-80, compresor libre de aceite, con calder\u00edn y filtro regulador con man\u00f3metro<span lang=\"es\" xml:lang=\"es\">.<br \/>\nVoltaje: 220V<br \/>\nSalida de aire por minuto: 23-25 \/ min.<br \/>\n<\/span><\/p>\n<p><span id=\"result_box\" lang=\"es\" xml:lang=\"es\">Presi\u00f3n m\u00e1xima:\u00a04 \u2013 4.2 Kg<br \/>\n<\/span><\/p>\n<p><span lang=\"es\" xml:lang=\"es\">Parada autom\u00e1tica:\u00a04 \u2013 4.2 Kg<\/span><\/p>\n<p><span lang=\"es\" xml:lang=\"es\"><br \/>\nDep\u00f3sito de aire: 3,0L<\/span><\/p>\n<p>&nbsp;<\/p>\n<p>Incluye:<\/p>\n<p>* Compresor Dismoer D-80<\/p>\n<p>* Aer\u00f3grafo Dismoer D-102 con 3 agujas<\/p>\n<p>* Manguera de conexi\u00f3n<\/p>\n<\/div>\n<div class=\"product-actions js-product-actions\">\n<form id=\"add-to-cart-or-refresh\" action=\"https:\/\/www.dismoer.com\/es\/carrito\" method=\"post\">\n<div class=\"product-variants js-product-variants\"><\/div>\n<\/form>\n<\/div>\n","protected":false},"excerpt":{"rendered":"<p>Kit Aerogr\u00e1fico Dismoer Compresor D-80, compresor libre de aceite, con calder\u00edn y filtro regulador con man\u00f3metro. Voltaje: 220V Salida de aire por minuto: 23-25 \/ min. Presi\u00f3n m\u00e1xima:\u00a04 \u2013 4.2 Kg Parada autom\u00e1tica:\u00a04 \u2013 4.2 Kg Dep\u00f3sito de aire: 3,0L &nbsp; Incluye: * Compresor Dismoer D-80 * Aer\u00f3grafo Dismoer D-102 con 3 agujas * Manguera [&hellip;]<\/p>\n","protected":false},"featured_media":82998,"template":"","meta":{"_acf_changed":false},"product_brand":[],"product_cat":[1405,1401,1180],"product_tag":[],"class_list":{"0":"post-83000","1":"product","2":"type-product","3":"status-publish","4":"has-post-thumbnail","6":"product_cat-herramientas","7":"product_cat-pintura-y-modelismo","8":"product_cat-retail-products-es","10":"first","11":"onbackorder","12":"sale","13":"taxable","14":"shipping-taxable","15":"purchasable","16":"product-type-simple"},"exclude_global_add_ons":[],"addons":[],"acf":[],"_links":{"self":[{"href":"https:\/\/www.customeeple.com\/es\/wp-json\/wp\/v2\/product\/83000","targetHints":{"allow":["GET"]}}],"collection":[{"href":"https:\/\/www.customeeple.com\/es\/wp-json\/wp\/v2\/product"}],"about":[{"href":"https:\/\/www.customeeple.com\/es\/wp-json\/wp\/v2\/types\/product"}],"wp:featuredmedia":[{"embeddable":true,"href":"https:\/\/www.customeeple.com\/es\/wp-json\/wp\/v2\/media\/82998"}],"wp:attachment":[{"href":"https:\/\/www.customeeple.com\/es\/wp-json\/wp\/v2\/media?parent=83000"}],"wp:term":[{"taxonomy":"product_brand","embeddable":true,"href":"https:\/\/www.customeeple.com\/es\/wp-json\/wp\/v2\/product_brand?post=83000"},{"taxonomy":"product_cat","embeddable":true,"href":"https:\/\/www.customeeple.com\/es\/wp-json\/wp\/v2\/product_cat?post=83000"},{"taxonomy":"product_tag","embeddable":true,"href":"https:\/\/www.customeeple.com\/es\/wp-json\/wp\/v2\/product_tag?post=83000"}],"curies":[{"name":"wp","href":"https:\/\/api.w.org\/{rel}","templated":true}]}}