{"id":82606,"date":"2025-11-11T17:20:40","date_gmt":"2025-11-11T16:20:40","guid":{"rendered":"https:\/\/www.customeeple.com\/?post_type=product&#038;p=82606"},"modified":"2025-11-11T17:46:17","modified_gmt":"2025-11-11T16:46:17","slug":"dados-compatibles-con-command-colors-5-uds-copy-2","status":"publish","type":"product","link":"https:\/\/www.customeeple.com\/es\/producto\/dados-compatibles-con-command-colors-5-uds-copy-2\/","title":{"rendered":"Set de 8 dados compatibles con Command &#038; Colors: Napoleonics"},"content":{"rendered":"<div class=\"product-copy\">\n<p>Mejora tus batallas napole\u00f3nicas con este set de <strong>8 dados acr\u00edlicos personalizados<\/strong>, dise\u00f1ados para ofrecer un lanzamiento fluido y resultados claros y duraderos. Cada dado est\u00e1 <strong>grabado con l\u00e1ser y pintado a mano<\/strong>, con s\u00edmbolos n\u00edtidos inspirados en el sistema de <em>Command &amp; Colors<\/em>.<\/p>\n<p>Puedes <strong>elegir tu combinaci\u00f3n de colores favorita<\/strong> entre toda nuestra gama de metacrilatos: desde el elegante <em>negro perlado<\/em> hasta el cl\u00e1sico <em>blanco perlado<\/em>, o cualquier otro color disponible.<br \/>\nLos grabados se rellenan con pintura de alto contraste para garantizar una lectura perfecta durante la partida.<\/p>\n<p>Fabricados con cuidado y precisi\u00f3n en Espa\u00f1a, en el taller de <strong>Customeeple<\/strong>, preparados para resistir campa\u00f1a tras campa\u00f1a sin perder estilo en tu mesa de juego.<\/p>\n<p>&#x1f3a8; Consulta todos los materiales y opciones de color disponibles aqu\u00ed:<br \/>\n<a href=\"https:\/\/www.customeeple.com\/es\/materiales\/\" target=\"_blank\" rel=\"noopener\">customeeple.com\/materials<\/a><\/p>\n<div class=\"moreinfo\">\n<p><strong>Material:<\/strong> Dados acr\u00edlicos (resina), grabados con l\u00e1ser y pintados a mano.<\/p>\n<p><strong>Tama\u00f1o:<\/strong> 16\u00a0mm (tama\u00f1o est\u00e1ndar de juego).<\/p>\n<p><strong>Colores:<\/strong> Escoge entre toda nuestra gama de colores y combinaciones de pintura.<\/p>\n<p><strong>Cantidad:<\/strong> 8 dados.<\/p>\n<p><strong>Uso:<\/strong> Accesorio compatible con <em>Command &amp; Colors: Napoleonics<\/em>.<\/p>\n<\/div>\n<div class=\"infopreorder\">\n<p><strong>Nota legal:<\/strong> Este es un <strong>accesorio independiente<\/strong> dise\u00f1ado para ser compatible<br \/>\ncon la serie <em>Command &amp; Colors<\/em>. <strong>Customeeple<\/strong> no est\u00e1 afiliada ni cuenta con el respaldo<br \/>\nde GMT Games ni de los titulares de la marca. Los nombres de juegos y marcas mencionados pertenecen a sus respectivos propietarios.<\/p>\n<\/div>\n<\/div>\n","protected":false},"excerpt":{"rendered":"<p>Dados de combate personalizados<\/p>\n","protected":false},"featured_media":82609,"template":"","meta":{"_acf_changed":false},"product_brand":[],"product_cat":[191,1370,1392],"product_tag":[1264,1444,1639,1280],"class_list":{"0":"post-82606","1":"product","2":"type-product","3":"status-publish","4":"has-post-thumbnail","6":"product_cat-accesorios","7":"product_cat-customeeple-es","8":"product_cat-dados","9":"product_tag-boardgame-es","10":"product_tag-command-colors-es","11":"product_tag-gmt-es","12":"product_tag-juego-de-mesa-es","14":"first","15":"instock","16":"taxable","17":"shipping-taxable","18":"purchasable","19":"product-type-variable"},"exclude_global_add_ons":[],"addons":[],"acf":[],"_links":{"self":[{"href":"https:\/\/www.customeeple.com\/es\/wp-json\/wp\/v2\/product\/82606","targetHints":{"allow":["GET"]}}],"collection":[{"href":"https:\/\/www.customeeple.com\/es\/wp-json\/wp\/v2\/product"}],"about":[{"href":"https:\/\/www.customeeple.com\/es\/wp-json\/wp\/v2\/types\/product"}],"wp:featuredmedia":[{"embeddable":true,"href":"https:\/\/www.customeeple.com\/es\/wp-json\/wp\/v2\/media\/82609"}],"wp:attachment":[{"href":"https:\/\/www.customeeple.com\/es\/wp-json\/wp\/v2\/media?parent=82606"}],"wp:term":[{"taxonomy":"product_brand","embeddable":true,"href":"https:\/\/www.customeeple.com\/es\/wp-json\/wp\/v2\/product_brand?post=82606"},{"taxonomy":"product_cat","embeddable":true,"href":"https:\/\/www.customeeple.com\/es\/wp-json\/wp\/v2\/product_cat?post=82606"},{"taxonomy":"product_tag","embeddable":true,"href":"https:\/\/www.customeeple.com\/es\/wp-json\/wp\/v2\/product_tag?post=82606"}],"curies":[{"name":"wp","href":"https:\/\/api.w.org\/{rel}","templated":true}]}}