{"id":82538,"date":"2025-11-10T16:48:56","date_gmt":"2025-11-10T15:48:56","guid":{"rendered":"https:\/\/www.customeeple.com\/?post_type=product&#038;p=82538"},"modified":"2025-11-10T19:30:09","modified_gmt":"2025-11-10T18:30:09","slug":"banquillo-neopreno-compatible-blood-bowl-copy","status":"publish","type":"product","link":"https:\/\/www.customeeple.com\/es\/producto\/banquillo-neopreno-compatible-blood-bowl-copy\/","title":{"rendered":"Blood bowl compatible Marker temporada 3"},"content":{"rendered":"<div class=\"add-top p_collection\">\n<p><strong>Marcadores de estado compatibles con Fantasy Football \u2013 modulares, claros y listos para jugar.<\/strong><br \/>\nMarcadores de metacrilato dise\u00f1ados para encajar perfectamente alrededor de peanas de 32 mm. Cada pieza representa un <strong>cuarto de peana<\/strong>, as\u00ed que puedes colocar hasta cuatro alrededor de una miniatura para indicar distintos efectos.<br \/>\nTotalmente compatibles con <em>Blood Bowl*<\/em> y otros juegos de f\u00fatbol fant\u00e1stico.<\/p>\n<p><strong>Packs disponibles:<\/strong><\/p>\n<ul>\n<li><strong>Pack B\u00e1sico<\/strong>: 8 \u00d7 Prone, 5 \u00d7 Stunned, 3 \u00d7 Distracted, 1 \u00d7 Blitz (17 marcadores)<\/li>\n<li><strong>Pack Chomped<\/strong>: 2 \u00d7 Chomped<\/li>\n<li><strong>Pack Rooted<\/strong>: 2 \u00d7 Rooted<\/li>\n<li><strong>Pack Snacked<\/strong>: 2 \u00d7 Snacked<\/li>\n<li><strong>Pack Completo<\/strong>: incluye todos los anteriores (25 marcadores en total)<\/li>\n<\/ul>\n<p><strong>Material:<\/strong><br \/>\nMetacrilato cortado y grabado a l\u00e1ser en colores s\u00f3lidos o transparentes.<br \/>\nPuedes elegirlos <strong>pintados (como en las fotos)<\/strong> o <strong>sin pintar<\/strong> si prefieres personalizar t\u00fa mismo el grabado.<br \/>\nResistentes, ligeros y perfectos para tus ligas o torneos.<\/p>\n<p><strong>Tama\u00f1o:<\/strong><br \/>\nCada marcador cubre un cuarto de una peana de 32 mm, encajando perfectamente sin estorbar la miniatura.<\/p>\n<\/div>\n<div class=\"moreinfo\">\n<p><strong>Material<\/strong>: Metacrilato cortado a l\u00e1ser<br \/>\n<strong>Tama\u00f1o<\/strong>: Cuartos para peanas de 32 mm<br \/>\n<strong>Cantidad<\/strong>: Seg\u00fan pack (ver opciones)<br \/>\n<strong>Opciones<\/strong>: Grabado pintado o sin pintar<br \/>\n<strong>Uso<\/strong>: Fantasy Football \u2013 compatible con Blood Bowl*<br \/>\n<strong>Precio<\/strong>: desde 9,99 \u20ac (sin pintar) \/ 15,99 \u20ac (pintado, pack completo)<\/p>\n<\/div>\n<div class=\"infopreorder\">&#x26a0;&#xfe0f; *Producto no oficial de terceros dise\u00f1ado para su uso con juegos de f\u00fatbol fant\u00e1stico. No est\u00e1 licenciado, aprobado ni respaldado por Games Workshop ni por ninguna entidad relacionada. Todas las marcas registradas y nombres de juego pertenecen a sus respectivos propietarios.*<\/div>\n","protected":false},"excerpt":{"rendered":"<p>Banquillo para sustituir al del juego Bloodbowl<\/p>\n","protected":false},"featured_media":82568,"template":"","meta":{"_acf_changed":false},"product_brand":[],"product_cat":[191,1258,1370,1308,1177,1406,1372,1623],"product_tag":[2127],"class_list":{"0":"post-82538","1":"product","2":"type-product","3":"status-publish","4":"has-post-thumbnail","6":"product_cat-accesorios","7":"product_cat-blood-bowl-es","8":"product_cat-customeeple-es","9":"product_cat-ffbb-es","10":"product_cat-games-workshop-es","11":"product_cat-gaslands-es-2","12":"product_cat-sci-fi-es","13":"product_cat-wargames-es-2","14":"product_tag-shatterpoint-es","15":"product_shipping_class-bigtube","17":"first","18":"instock","19":"taxable","20":"shipping-taxable","21":"purchasable","22":"product-type-variable"},"exclude_global_add_ons":[],"addons":[],"acf":[],"_links":{"self":[{"href":"https:\/\/www.customeeple.com\/es\/wp-json\/wp\/v2\/product\/82538","targetHints":{"allow":["GET"]}}],"collection":[{"href":"https:\/\/www.customeeple.com\/es\/wp-json\/wp\/v2\/product"}],"about":[{"href":"https:\/\/www.customeeple.com\/es\/wp-json\/wp\/v2\/types\/product"}],"wp:featuredmedia":[{"embeddable":true,"href":"https:\/\/www.customeeple.com\/es\/wp-json\/wp\/v2\/media\/82568"}],"wp:attachment":[{"href":"https:\/\/www.customeeple.com\/es\/wp-json\/wp\/v2\/media?parent=82538"}],"wp:term":[{"taxonomy":"product_brand","embeddable":true,"href":"https:\/\/www.customeeple.com\/es\/wp-json\/wp\/v2\/product_brand?post=82538"},{"taxonomy":"product_cat","embeddable":true,"href":"https:\/\/www.customeeple.com\/es\/wp-json\/wp\/v2\/product_cat?post=82538"},{"taxonomy":"product_tag","embeddable":true,"href":"https:\/\/www.customeeple.com\/es\/wp-json\/wp\/v2\/product_tag?post=82538"}],"curies":[{"name":"wp","href":"https:\/\/api.w.org\/{rel}","templated":true}]}}