{"id":82261,"date":"2025-10-27T15:15:53","date_gmt":"2025-10-27T14:15:53","guid":{"rendered":"https:\/\/www.customeeple.com\/?post_type=product&#038;p=82261"},"modified":"2025-10-27T15:24:08","modified_gmt":"2025-10-27T14:24:08","slug":"dados-compatibles-con-command-colors-5-uds-copy","status":"publish","type":"product","link":"https:\/\/www.customeeple.com\/es\/producto\/dados-compatibles-con-command-colors-5-uds-copy\/","title":{"rendered":"Dados compatibles con Batalla de Hoth (6 Uds)"},"content":{"rendered":"<div class=\"product-copy\">\n<h3>Set de dados compatibles con <em>La Batalla de Hoth<\/em><\/h3>\n<p>\n    Un set de <strong>6 dados personalizados<\/strong> compatibles con el juego <em>La Batalla de Hoth<\/em> de Asmodee.<br \/>\n    Dise\u00f1ados para ajustarse a las mec\u00e1nicas del juego y darle a tu mesa un toque m\u00e1s personal.\n  <\/p>\n<p>\n    La versi\u00f3n est\u00e1ndar se presenta en un elegante <strong>blanco perlado<\/strong> con s\u00edmbolos grabados,<br \/>\n    pero puedes <strong>elegir el color que prefieras<\/strong> entre nuestra gama para adaptarlo a tu colecci\u00f3n o estilo.\n  <\/p>\n<p>\n    Cada dado est\u00e1 grabado con l\u00e1ser y pintado a mano, con un acabado n\u00edtido y resistente, perfecto para largas campa\u00f1as en los helados campos de Hoth.\n  <\/p>\n<p>\n    Como siempre, fabricados con cuidado en Espa\u00f1a, en el taller de <strong>Customeeple<\/strong>,<br \/>\n    garantizando calidad, precisi\u00f3n y ese toque artesanal que distingue nuestros accesorios.\n  <\/p>\n<div class=\"moreinfo\">\n<p><strong>Material:<\/strong> Dados de metacrilato grabados con l\u00e1ser y pintados a mano.<\/p>\n<p><strong>Tama\u00f1o:<\/strong> 16 mm (tama\u00f1o est\u00e1ndar de juego).<\/p>\n<p><strong>Cantidad:<\/strong> 6 dados.<\/p>\n<p><strong>Colores:<\/strong> Blanco perlado por defecto \u2014 otros colores disponibles bajo pedido.<\/p>\n<p><strong>Uso:<\/strong> Dados compatibles con el juego <em>La Batalla de Hoth<\/em>.<\/p>\n<\/p><\/div>\n<div class=\"infopreorder\">\n<p>\n      <strong>Nota sobre licencias:<\/strong> Este producto es un <strong>accesorio independiente<\/strong><br \/>\n      dise\u00f1ado para ser compatible con el juego <em>La Batalla de Hoth<\/em> de <strong>Asmodee<\/strong>.<br \/>\n      <strong>Customeeple<\/strong> no est\u00e1 afiliada ni cuenta con el respaldo de Asmodee.<br \/>\n      <em>La Batalla de Hoth<\/em> y todos los t\u00e9rminos relacionados son marcas registradas de Asmodee.\n    <\/p>\n<\/p><\/div>\n<\/div>\n","protected":false},"excerpt":{"rendered":"<p>Dados de combate personalizados<\/p>\n","protected":false},"featured_media":82269,"template":"","meta":{"_acf_changed":false},"product_brand":[],"product_cat":[191,1370,1392,816],"product_tag":[1264,1444,1639,1280,1351],"class_list":{"0":"post-82261","1":"product","2":"type-product","3":"status-publish","4":"has-post-thumbnail","6":"product_cat-accesorios","7":"product_cat-customeeple-es","8":"product_cat-dados","9":"product_cat-space-fight-es","10":"product_tag-boardgame-es","11":"product_tag-command-colors-es","12":"product_tag-gmt-es","13":"product_tag-juego-de-mesa-es","14":"product_tag-star-wars-es","16":"first","17":"instock","18":"taxable","19":"shipping-taxable","20":"purchasable","21":"product-type-variable"},"exclude_global_add_ons":[],"addons":[],"acf":[],"_links":{"self":[{"href":"https:\/\/www.customeeple.com\/es\/wp-json\/wp\/v2\/product\/82261","targetHints":{"allow":["GET"]}}],"collection":[{"href":"https:\/\/www.customeeple.com\/es\/wp-json\/wp\/v2\/product"}],"about":[{"href":"https:\/\/www.customeeple.com\/es\/wp-json\/wp\/v2\/types\/product"}],"wp:featuredmedia":[{"embeddable":true,"href":"https:\/\/www.customeeple.com\/es\/wp-json\/wp\/v2\/media\/82269"}],"wp:attachment":[{"href":"https:\/\/www.customeeple.com\/es\/wp-json\/wp\/v2\/media?parent=82261"}],"wp:term":[{"taxonomy":"product_brand","embeddable":true,"href":"https:\/\/www.customeeple.com\/es\/wp-json\/wp\/v2\/product_brand?post=82261"},{"taxonomy":"product_cat","embeddable":true,"href":"https:\/\/www.customeeple.com\/es\/wp-json\/wp\/v2\/product_cat?post=82261"},{"taxonomy":"product_tag","embeddable":true,"href":"https:\/\/www.customeeple.com\/es\/wp-json\/wp\/v2\/product_tag?post=82261"}],"curies":[{"name":"wp","href":"https:\/\/api.w.org\/{rel}","templated":true}]}}