{"id":82221,"date":"2025-10-25T17:06:09","date_gmt":"2025-10-25T16:06:09","guid":{"rendered":"https:\/\/www.customeeple.com\/?post_type=product&#038;p=82221"},"modified":"2025-10-25T19:21:50","modified_gmt":"2025-10-25T18:21:50","slug":"regla-corta-compatible-con-warcrow-copy","status":"publish","type":"product","link":"https:\/\/www.customeeple.com\/es\/producto\/regla-corta-compatible-con-warcrow-copy\/","title":{"rendered":"Set de fichas de efecto Azul\u2013Rojo para Warcrow"},"content":{"rendered":"<div class=\"product-copy\">\n<p>Set de <strong>8 fichas de efecto numeradas<\/strong> dise\u00f1adas para su uso en <em>Warcrow<\/em>.<br \/>\nEstas fichas te permiten llevar el control de la duraci\u00f3n y posici\u00f3n de los efectos de hechizos o habilidades.<\/p>\n<p>El conjunto incluye <strong>4 fichas azules<\/strong> y <strong>4 rojas<\/strong>, numeradas con \u201c1\u201d y \u201c2\u201d como se muestra en las fotos, ideales para emparejar el mismo efecto en la l\u00ednea temporal y en su objetivo correspondiente.<\/p>\n<p>Puedes elegir entre <strong>metacrilato espejo<\/strong> para un acabado brillante y llamativo, o<br \/>\n<strong>metacrilato transparente<\/strong> para un aspecto m\u00e1s cl\u00e1sico y ligero. Ambas versiones est\u00e1n grabadas con l\u00e1ser y pintadas a mano para una lectura perfecta.<\/p>\n<p>Las fichas mantienen un <strong>dise\u00f1o geom\u00e9trico Art-Deco<\/strong> que encaja perfectamente con la est\u00e9tica de <em>Warcrow <\/em>y combinan con el resto de nuestros accesorios para el juego.<\/p>\n<p>Dise\u00f1adas y fabricadas en Espa\u00f1a en el taller de <strong>Customeeple<\/strong>, garantizando precisi\u00f3n, durabilidad y un toque de estilo en tu mesa de juego.<\/p>\n<div class=\"moreinfo\">\n<p><strong>Material:<\/strong> Metacrilato espejo o transparente, grabado con l\u00e1ser y pintado a mano.<\/p>\n<p><strong>Grosor:<\/strong> 3 mm<\/p>\n<p><strong>Tama\u00f1o:<\/strong> 25 mm y 15 mm de di\u00e1metro<\/p>\n<p><strong>Cantidad:<\/strong> 8 fichas (4 azules y 4 rojas)<\/p>\n<p><strong>Uso:<\/strong> Control de duraci\u00f3n de efectos y hechizos en partidas de <em>Warcrow<\/em><\/p>\n<\/div>\n<div class=\"infopreorder\">\n<p><strong>Nota sobre licencias:<\/strong> En <strong>Customeeple<\/strong> fabricamos accesorios oficiales para varios juegos de<br \/>\n<strong>Corvus Belli<\/strong>. Este producto, sin embargo, es un <strong>accesorio independiente <\/strong>dise\u00f1ado para ser compatible con <em>Warcrow<\/em> y no es un art\u00edculo oficial. <em>Warcrow<\/em> es una marca registrada de Corvus Belli.<\/p>\n<\/div>\n<\/div>\n","protected":false},"excerpt":{"rendered":"<p>Set de 8 fichas de efecto numeradas (azules y rojas) para Warcrow \u2014 elige entre metacrilato espejo o transparente. Grabadas con l\u00e1ser, pintadas a mano y perfectas para llevar el control de los hechizos.<\/p>\n","protected":false},"featured_media":82226,"template":"","meta":{"_acf_changed":false},"product_brand":[],"product_cat":[1370,1400,2354,2393,2391,1623],"product_tag":[1863,2394],"class_list":{"0":"post-82221","1":"product","2":"type-product","3":"status-publish","4":"has-post-thumbnail","6":"product_cat-customeeple-es","7":"product_cat-fantasia","8":"product_cat-rulers-es","9":"product_cat-warcrowes","10":"product_cat-warcrowes2","11":"product_cat-wargames-es-2","12":"product_tag-corvus-belli-es","13":"product_tag-warcrow","15":"first","16":"instock","17":"taxable","18":"shipping-taxable","19":"purchasable","20":"product-type-variable"},"exclude_global_add_ons":[],"addons":[],"acf":[],"_links":{"self":[{"href":"https:\/\/www.customeeple.com\/es\/wp-json\/wp\/v2\/product\/82221","targetHints":{"allow":["GET"]}}],"collection":[{"href":"https:\/\/www.customeeple.com\/es\/wp-json\/wp\/v2\/product"}],"about":[{"href":"https:\/\/www.customeeple.com\/es\/wp-json\/wp\/v2\/types\/product"}],"wp:featuredmedia":[{"embeddable":true,"href":"https:\/\/www.customeeple.com\/es\/wp-json\/wp\/v2\/media\/82226"}],"wp:attachment":[{"href":"https:\/\/www.customeeple.com\/es\/wp-json\/wp\/v2\/media?parent=82221"}],"wp:term":[{"taxonomy":"product_brand","embeddable":true,"href":"https:\/\/www.customeeple.com\/es\/wp-json\/wp\/v2\/product_brand?post=82221"},{"taxonomy":"product_cat","embeddable":true,"href":"https:\/\/www.customeeple.com\/es\/wp-json\/wp\/v2\/product_cat?post=82221"},{"taxonomy":"product_tag","embeddable":true,"href":"https:\/\/www.customeeple.com\/es\/wp-json\/wp\/v2\/product_tag?post=82221"}],"curies":[{"name":"wp","href":"https:\/\/api.w.org\/{rel}","templated":true}]}}