{"id":82089,"date":"2025-10-16T08:56:49","date_gmt":"2025-10-16T07:56:49","guid":{"rendered":"https:\/\/www.customeeple.com\/?post_type=product&#038;p=82089"},"modified":"2025-10-16T10:13:02","modified_gmt":"2025-10-16T09:13:02","slug":"3-objetivos-de-segundo-conflicto-para-sw-shatterpoint-copy","status":"publish","type":"product","link":"https:\/\/www.customeeple.com\/es\/producto\/3-objetivos-de-segundo-conflicto-para-sw-shatterpoint-copy\/","title":{"rendered":"Marcadores de control de Objetivos para SW Shatterpoint (6)"},"content":{"rendered":"<p><Da el salto a tu pr\u00f3xima partida de <strong><em>Star Wars: Shatterpoint<\/em><\/strong> completamente equipado.<br \/>\nEste pack incluye <em>marcadores de control de objetivo<\/em> en un conjunto resistente y ordenado, para que puedas centrarte en el combate de h\u00e9roes sin perder tiempo buscando fichas.<\/p>\n<p><strong>Por qu\u00e9 te va a encantar:<\/strong><\/p>\n<ul>\n<li><strong>Reemplazo directo:<\/strong> Coinciden con el tama\u00f1o oficial de los objetivos \u2014 <strong>30&nbsp;mm<\/strong> de di\u00e1metro y <strong>6&nbsp;mm<\/strong> de grosor.<\/li>\n<li><strong>Dise\u00f1o a doble cara:<\/strong> Elige el grabado de cada lado para seguir el control de objetivos de un vistazo.<\/li>\n<li><strong>Personal\u00edzalos a tu gusto:<\/strong> Escoge el color del <a href=\"https:\/\/www.customeeple.com\/es\/materiales\/\">material acr\u00edlico<\/a> para mejorar la visibilidad en mesa.<\/li>\n<li><strong>Hechos para durar:<\/strong> Acr\u00edlico fundido grueso para una gran resistencia y presencia en mesa.<\/li>\n<\/ul>\n<p><strong>El pack incluye:<\/strong><\/p>\n<ul>\n<li><em>6 marcadores<\/em> de control de objetivo <em>doble cara<\/em> (30&nbsp;mm)<\/li>\n<\/ul>\n<p><em>Notas:<\/em> El dise\u00f1o a doble cara mantiene tu zona de juego limpia y ordenada. Puedes elegir qu\u00e9 grabado tendr\u00e1 cada lado y el color de relleno de pintura en la p\u00e1gina del producto.<\/p>\n<h3>Opciones de acabado<\/h3>\n<p>Rellenaremos los grabados en blanco o negro para una m\u00e1xima legibilidad. Si prefieres otro color, simplemente ind\u00edcalo en las notas del pedido.<\/p>\n<div class=\"moreinfo\">\n<strong>Material:<\/strong> Acr\u00edlico fundido (PMMA)<br \/>\n<strong>Grosor:<\/strong> 6&nbsp;mm<br \/>\n<strong>Tama\u00f1o:<\/strong> Fichas de 30&nbsp;mm \u00d8<br \/>\n<strong>Cantidad:<\/strong> 6 marcadores en total<br \/>\n<strong>Uso:<\/strong> Marcadores de control de objetivo para <strong><em>Star Wars: Shatterpoint<\/em><\/strong>\n<\/div>\n<div class=\"infopreorder\">\n<strong>Nota:<\/strong> Los colores del acr\u00edlico pueden variar ligeramente respecto a las fotos debido a diferencias de lote o configuraci\u00f3n de pantalla.<br \/>\n<strong>Legal:<\/strong> Customeeple no est\u00e1 afiliado, autorizado ni respaldado por Atomic Mass Games. <em>Star Wars: Shatterpoint<\/em> (2023) es un juego de Atomic Mass Games.\n<\/div>\n","protected":false},"excerpt":{"rendered":"<p>conjunto de marcadores<\/p>\n","protected":false},"featured_media":82093,"template":"","meta":{"_acf_changed":false},"product_brand":[],"product_cat":[1370,1372,2128,816,2134,1623],"product_tag":[2387,2127,1326],"class_list":{"0":"post-82089","1":"product","2":"type-product","3":"status-publish","4":"has-post-thumbnail","6":"product_cat-customeeple-es","7":"product_cat-sci-fi-es","8":"product_cat-shatterpoint-es","9":"product_cat-space-fight-es","10":"product_cat-sws","11":"product_cat-wargames-es-2","12":"product_tag-markers","13":"product_tag-shatterpoint-es","14":"product_tag-starwars-es","15":"product_shipping_class-bigtube","17":"first","18":"instock","19":"taxable","20":"shipping-taxable","21":"purchasable","22":"product-type-variable"},"exclude_global_add_ons":[],"addons":[],"acf":[],"_links":{"self":[{"href":"https:\/\/www.customeeple.com\/es\/wp-json\/wp\/v2\/product\/82089","targetHints":{"allow":["GET"]}}],"collection":[{"href":"https:\/\/www.customeeple.com\/es\/wp-json\/wp\/v2\/product"}],"about":[{"href":"https:\/\/www.customeeple.com\/es\/wp-json\/wp\/v2\/types\/product"}],"wp:featuredmedia":[{"embeddable":true,"href":"https:\/\/www.customeeple.com\/es\/wp-json\/wp\/v2\/media\/82093"}],"wp:attachment":[{"href":"https:\/\/www.customeeple.com\/es\/wp-json\/wp\/v2\/media?parent=82089"}],"wp:term":[{"taxonomy":"product_brand","embeddable":true,"href":"https:\/\/www.customeeple.com\/es\/wp-json\/wp\/v2\/product_brand?post=82089"},{"taxonomy":"product_cat","embeddable":true,"href":"https:\/\/www.customeeple.com\/es\/wp-json\/wp\/v2\/product_cat?post=82089"},{"taxonomy":"product_tag","embeddable":true,"href":"https:\/\/www.customeeple.com\/es\/wp-json\/wp\/v2\/product_tag?post=82089"}],"curies":[{"name":"wp","href":"https:\/\/api.w.org\/{rel}","templated":true}]}}