{"id":82011,"date":"2025-10-10T09:50:55","date_gmt":"2025-10-10T08:50:55","guid":{"rendered":"https:\/\/www.customeeple.com\/?post_type=product&#038;p=82011"},"modified":"2025-10-11T15:31:06","modified_gmt":"2025-10-11T14:31:06","slug":"m3e-pack-en-caja-80-uds-copy","status":"publish","type":"product","link":"https:\/\/www.customeeple.com\/es\/producto\/m3e-pack-en-caja-80-uds-copy\/","title":{"rendered":"Malifaux 4E \u2013 Pack oficial de fichas de condici\u00f3n"},"content":{"rendered":"<p>Prep\u00e1rate para tu pr\u00f3xima partida de <strong><a href=\"https:\/\/www.wyrd-games.net\/malifaux-fourth-edition\">Malifaux Cuarta Edici\u00f3n<\/a><\/strong> con todo lo necesario.<br \/>\nEste pack re\u00fane <em>todas las fichas de condici\u00f3n esenciales<\/em> en un \u00fanico set ordenado, para que te centres en trazar planes y ganar duelos \u2014 no en rebuscar entre tokens sueltos.<\/p>\n<p><strong>Por qu\u00e9 te va a encantar:<\/strong><\/p>\n<ul>\n<li><strong>Todo en uno:<\/strong> Cubre todas las condiciones b\u00e1sicas del juego \u2014 olv\u00eddate de quedarte sin marcadores.<\/li>\n<li><strong>Claridad en mesa:<\/strong> Las fichas a doble cara reducen el desorden y mantienen la mesa limpia y legible.<\/li>\n<li><strong>Aspecto personalizado:<\/strong> Escoge el color del metacrilato y el acabado \u2014 <em>Monocromo<\/em> para un estilo elegante y vintage o <em>Multicolor<\/em> para la m\u00e1xima visibilidad en partida.<\/li>\n<li><strong>Dise\u00f1o oficial:<\/strong> Creado en colaboraci\u00f3n con <a href=\"http:\/\/www.wyrd-games.net\/\">Wyrd Miniatures<\/a>, perfectamente compatible con tu juego.<\/li>\n<\/ul>\n<p><strong>El pack incluye (todas las fichas de 20 mm):<\/strong><\/p>\n<ul>\n<li><em>5 fichas a doble cara<\/em> Hastened \/ Staggered<\/li>\n<li><em>5 fichas a doble cara<\/em> Bolstered \/ Injured<\/li>\n<li><em>5 fichas a doble cara<\/em> Focused \/ Distracted<\/li>\n<li><em>5 fichas a doble cara<\/em> Fast \/ Slow<\/li>\n<li>5 Conceal<\/li>\n<li>5 Stunned<\/li>\n<li>5 Craven<\/li>\n<li>5 Adaptable<\/li>\n<li>5 Entranced<\/li>\n<li>5 Insight<\/li>\n<li>5 Poison<\/li>\n<li>5 Shielded<\/li>\n<li>5 Impact<\/li>\n<li>5 Burning<\/li>\n<li>5 Hazardous<\/li>\n<li>5 Adversary<\/li>\n<li>5 Summon<\/li>\n<\/ul>\n<p><em>Nota:<\/em> Las condiciones opuestas est\u00e1n combinadas en fichas a doble cara para mantener la mesa m\u00e1s ordenada y eficiente. El estilo de pintado (Monocromo o Multicolor) se elige en la p\u00e1gina del producto.<\/p>\n<h3>Opciones de acabado<\/h3>\n<p>Puedes elegir c\u00f3mo quieres tus fichas:<\/p>\n<ul>\n<li><strong>Sin pintar:<\/strong> Solo grabadas. Una opci\u00f3n limpia y econ\u00f3mica \u2014 ideal si buscas solo funcionalidad o prefieres pintarlas t\u00fa mismo.<\/li>\n<li><strong>Monocromo:<\/strong> Todas las hendiduras pintadas en un \u00fanico color (normalmente blanco o negro). Aporta un aspecto elegante y estilizado a la mesa.<\/li>\n<li><strong>Multicolor:<\/strong> Cada condici\u00f3n pintada con su color caracter\u00edstico. Hace que las fichas sean instant\u00e1neamente reconocibles durante la partida y que el estado del juego sea siempre claro. La opci\u00f3n m\u00e1s pr\u00e1ctica para partidas fluidas y torneos.<\/li>\n<\/ul>\n<p><em>Consejo:<\/em> Si quieres una mesa con estilo, elige <strong>Monocromo<\/strong>. Si prefieres legibilidad y velocidad de juego, <strong>Multicolor<\/strong> es tu opci\u00f3n.<\/p>\n<h3>Por qu\u00e9 importa el color en M4E<\/h3>\n<p>En Malifaux Cuarta Edici\u00f3n es especialmente importante distinguir claramente tus fichas de las de tu oponente.<br \/>\nAl elegir el color del metacrilato de tu set, aseguras que tus marcadores sean reconocibles al instante en la mesa, evitando confusiones y agilizando la partida.<\/p>\n<h3>Completa tu kit para M4E<\/h3>\n<p>Este pack de condiciones b\u00e1sicas est\u00e1 dise\u00f1ado para combinarse con nuestros accesorios de Malifaux de M3E \u2014 que siguen siendo totalmente v\u00e1lidos en Cuarta Edici\u00f3n. A\u00f1ade:<\/p>\n<ul>\n<li><strong>Scheme Markers<\/strong> (elige el color de tu facci\u00f3n)<\/li>\n<li><strong>Strategy Markers<\/strong><\/li>\n<li><strong>Contadores de heridas<\/strong><\/li>\n<li><strong>Marcadores de chatarra y cad\u00e1veres<\/strong><\/li>\n<li><strong>Marcadores de activaci\u00f3n<\/strong><\/li>\n<li><strong>Tokens espec\u00edficos de maestro o palabra clave<\/strong> (un gran cat\u00e1logo para tus crews favoritas)<\/li>\n<\/ul>\n<p>Construye exactamente lo que tu banda necesita \u2014 empieza con este pack y ampl\u00edalo con schemes, strategies, contadores y packs de personaje.<\/p>\n<div class=\"moreinfo\">\n<p><strong>Material:<\/strong> Metacrilato (PMMA) \u2014 fluorescente o colores s\u00f3lidos<\/p>\n<p><strong>Grosor:<\/strong> 3\u00a0mm<\/p>\n<p><strong>Tama\u00f1o:<\/strong> Fichas de 20\u00a0mm \u00d8<\/p>\n<p><strong>Cantidad:<\/strong> 85 fichas en total<\/p>\n<p><strong>Opciones de acabado:<\/strong> <em>Sin pintar<\/em>, <em>Monocromo<\/em> o <em>Multicolor<\/em><\/p>\n<p><strong>Uso:<\/strong> Set completo de fichas de condici\u00f3n para <strong><a href=\"https:\/\/www.wyrd-games.net\/malifaux-fourth-edition\">Malifaux<\/a><\/strong><\/p>\n<\/div>\n<div class=\"infopreorder\">\n<p><strong>Nota:<\/strong> Los colores del metacrilato pueden variar ligeramente respecto a las fotos debido a diferencias de lote o ajustes de pantalla.<\/p>\n<p><strong>Licencia:<\/strong> Producido por Customeeple como accesorio <em>oficial<\/em> aprobado por Wyrd Miniatures.<\/p>\n<\/div>\n","protected":false},"excerpt":{"rendered":"<p>Set completo de fichas de condici\u00f3n de 20 mm para <strong>Malifaux<\/strong> 4E \u2014 con licencia oficial de Wyrd. Elige color de metacrilato y acabado Monocromo o Multicolor para m\u00e1xima claridad en mesa.<\/p>\n","protected":false},"featured_media":82017,"template":"","meta":{"_acf_changed":false},"product_brand":[2311],"product_cat":[1370,1425,1671,925,2360],"product_tag":[2382,2385,1652,2383,2386,2381,2384,2380,2379],"class_list":{"0":"post-82011","1":"product","2":"type-product","3":"status-publish","4":"has-post-thumbnail","6":"product_brand-customeeple","7":"product_cat-customeeple-es","8":"product_cat-malifaux-es-2","9":"product_cat-malifaux-es-3","10":"product_cat-markerstokens-es-2","11":"product_cat-productos-oficiales","12":"product_tag-condition-tokens","13":"product_tag-m4e","14":"product_tag-malifaux-es-2","15":"product_tag-malifaux-4e","16":"product_tag-malifaux-fourth-edition","17":"product_tag-malifaux-tokens","18":"product_tag-official-accessory","19":"product_tag-set","20":"product_tag-wyrd","21":"pa_methacrylate-colors-mtye-es","22":"pa_methacrylate-colors-azul-fluor-mfbl-es","23":"pa_methacrylate-colors-mobi-es","24":"pa_methacrylate-colors-azul-oscuro-mobd","25":"pa_methacrylate-colors-crema","26":"pa_methacrylate-colors-mad","27":"pa_methacrylate-colors-naranja-fluor-mfor-es-2","28":"pa_methacrylate-colors-roble","29":"pa_methacrylate-colors-rosa-helado-mspi","30":"pa_methacrylate-colors-moma","31":"pa_methacrylate-colors-mogt-es","32":"pa_methacrylate-colors-blue-trans-red-fluor","33":"pa_methacrylate-colors-blancohielo-mtiw","34":"pa_methacrylate-colors-mdf-vanilla-version-es","35":"pa_methacrylate-colors-smoke-grey-mtsm-es","36":"pa_methacrylate-colors-naranja-fluor-mfor-es","37":"pa_methacrylate-colors-orange-moor-es","38":"pa_methacrylate-colors-dm","39":"pa_methacrylate-colors-verde-fluor-mfgr","40":"pa_methacrylate-colors-amarill-fluor-mfye","41":"pa_methacrylate-colors-rojotrans-mtre","42":"pa_methacrylate-colors-azul-trans-mtbl","43":"pa_methacrylate-colors-magenta-fluor-mfma-es","44":"pa_methacrylate-colors-naranja-trans-mtor","45":"pa_methacrylate-colors-rojo-more","46":"pa_methacrylate-colors-transparente-mttr","47":"pa_methacrylate-colors-verde-trans-mtgr","48":"pa_methacrylate-colors-humo-trans-mtsm","49":"pa_methacrylate-colors-azul-mobl","50":"pa_methacrylate-colors-verde-mogr","51":"pa_methacrylate-colors-gris-mogy","52":"pa_methacrylate-colors-violeta-movi","53":"pa_methacrylate-colors-amarillo-moye","54":"pa_methacrylate-colors-negro-moba","55":"pa_methacrylate-colors-balnco-mowh","57":"first","58":"instock","59":"taxable","60":"shipping-taxable","61":"purchasable","62":"product-type-variable"},"exclude_global_add_ons":[],"addons":[],"acf":[],"_links":{"self":[{"href":"https:\/\/www.customeeple.com\/es\/wp-json\/wp\/v2\/product\/82011","targetHints":{"allow":["GET"]}}],"collection":[{"href":"https:\/\/www.customeeple.com\/es\/wp-json\/wp\/v2\/product"}],"about":[{"href":"https:\/\/www.customeeple.com\/es\/wp-json\/wp\/v2\/types\/product"}],"wp:featuredmedia":[{"embeddable":true,"href":"https:\/\/www.customeeple.com\/es\/wp-json\/wp\/v2\/media\/82017"}],"wp:attachment":[{"href":"https:\/\/www.customeeple.com\/es\/wp-json\/wp\/v2\/media?parent=82011"}],"wp:term":[{"taxonomy":"product_brand","embeddable":true,"href":"https:\/\/www.customeeple.com\/es\/wp-json\/wp\/v2\/product_brand?post=82011"},{"taxonomy":"product_cat","embeddable":true,"href":"https:\/\/www.customeeple.com\/es\/wp-json\/wp\/v2\/product_cat?post=82011"},{"taxonomy":"product_tag","embeddable":true,"href":"https:\/\/www.customeeple.com\/es\/wp-json\/wp\/v2\/product_tag?post=82011"}],"curies":[{"name":"wp","href":"https:\/\/api.w.org\/{rel}","templated":true}]}}