{"id":81939,"date":"2025-10-03T14:51:25","date_gmt":"2025-10-03T13:51:25","guid":{"rendered":"https:\/\/www.customeeple.com\/?post_type=product&#038;p=81939"},"modified":"2025-10-03T15:04:33","modified_gmt":"2025-10-03T14:04:33","slug":"reglas-compatibles-con-saga-copy","status":"publish","type":"product","link":"https:\/\/www.customeeple.com\/es\/producto\/reglas-compatibles-con-saga-copy\/","title":{"rendered":"WWII Measuring Ruler Set \u2013 V for Victory compatible"},"content":{"rendered":"<p>Un set completo de reglas de medici\u00f3n perfecto para <strong>V for Victory<\/strong> y otros juegos de miniaturas de la Segunda Guerra Mundial.<\/p>\n<p>El set incluye todas las reglas necesarias para comprobar distancias de movimiento y alcance de disparo. Dise\u00f1adas con est\u00e9tica WWII, cada pieza est\u00e1 cortada a l\u00e1ser y grabada para asegurar una visibilidad clara durante la partida.<\/p>\n<p>Puedes elegir el material y el color de las piezas de metacrilato. Si no est\u00e1s seguro de qu\u00e9 color escoger, puedes consultar nuestra p\u00e1gina de <em><a href=\"https:\/\/www.customeeple.com\/es\/materiales\/\"><strong>materiales<\/strong><\/a><\/em>. Adem\u00e1s, puedes personalizar tus reglas con un nick, el nombre de tu unidad o uno de nuestros <strong>12 logotipos de facci\u00f3n<\/strong> (mira la imagen del producto e indica la letra al hacer tu pedido). Si quieres un logotipo distinto, m\u00e1ndanos un mensaje \u2014 puede que se aplique un coste adicional. Ten en cuenta que las reglas est\u00e1n <strong>grabadas, no pintadas<\/strong>.<\/p>\n<p>En las reglas en espa\u00f1ol, las medidas est\u00e1n traducidas a cm de una manera ligeramente distinta, por lo que la regla L es de <strong>30 cm<\/strong> en lugar de los <strong>30,54 cm = 12 pulgadas<\/strong> exactos. Te damos la opci\u00f3n de comprar las reglas en ambos tama\u00f1os, seg\u00fan prefieras.<\/p>\n<p>Todas las piezas de este set son compatibles con el juego <strong>V for Victory<\/strong>.<\/p>\n<div class=\"infopreorder\"><strong>Nota: <\/strong>Este producto se vende montado y sin pintar (versi\u00f3n MDF). Se entrega en plano y listo para usar. Customeeple no est\u00e1 afiliada a los editores de <strong>V for Victory<\/strong> y este producto no est\u00e1 respaldado por ellos.<\/div>\n<p>&nbsp;<\/p>\n<div class=\"moreinfo\">\n<strong>Material:<\/strong> Metacrilato o MDF<br \/>\n<br \/><strong>Tama\u00f1o: <\/strong> Variable<br \/>\n<br \/><strong>Grosor:<\/strong> 2,5\u20133 mm<br \/>\n<br \/><strong>Cantidad:<\/strong> Set completo de reglas<br \/>\n<br \/><strong>Uso: <\/strong>Dise\u00f1ado para ser usado como reglas de movimiento en <strong>V for Victory<\/strong>\n<\/div>\n<div class=\"infopreorder\"><strong>Opci\u00f3n de personalizaci\u00f3n: <\/strong>Puedes a\u00f1adir un peque\u00f1o texto en tus reglas (12 caracteres) y seleccionar uno de nuestros 12 logotipos de facci\u00f3n (indica la letra). Logos personalizados disponibles bajo petici\u00f3n (puede aplicarse un coste adicional).<\/div>\n","protected":false},"excerpt":{"rendered":"<p>Pack de plantillas de movimiento para Saga<\/p>\n","protected":false},"featured_media":81945,"template":"","meta":{"_acf_changed":false},"product_brand":[],"product_cat":[1370,1400,2354,2388,1623],"product_tag":[1434],"class_list":{"0":"post-81939","1":"product","2":"type-product","3":"status-publish","4":"has-post-thumbnail","6":"product_cat-customeeple-es","7":"product_cat-fantasia","8":"product_cat-rulers-es","9":"product_cat-v-for-victory","10":"product_cat-wargames-es-2","11":"product_tag-plantilla","12":"pa_methacrylate-colors-azul-fluor-mfbl-es","13":"pa_methacrylate-colors-naranja-fluor-mfor-es","14":"pa_methacrylate-colors-dm","15":"pa_methacrylate-colors-verde-fluor-mfgr","16":"pa_methacrylate-colors-amarill-fluor-mfye","17":"pa_methacrylate-colors-rojotrans-mtre","18":"pa_methacrylate-colors-azul-trans-mtbl","19":"pa_methacrylate-colors-magenta-fluor-mfma-es","20":"pa_methacrylate-colors-naranja-trans-mtor","21":"pa_methacrylate-colors-rojo-more","22":"pa_methacrylate-colors-transparente-mttr","23":"pa_methacrylate-colors-verde-trans-mtgr","24":"pa_methacrylate-colors-humo-trans-mtsm","25":"pa_methacrylate-colors-azul-mobl","26":"pa_methacrylate-colors-verde-mogr","27":"pa_methacrylate-colors-violeta-movi","28":"pa_methacrylate-colors-amarillo-moye","29":"pa_methacrylate-colors-negro-moba","30":"pa_methacrylate-colors-balnco-mowh","32":"first","33":"instock","34":"taxable","35":"shipping-taxable","36":"purchasable","37":"product-type-variable","38":"has-default-attributes"},"exclude_global_add_ons":false,"addons":[{"name":"Nick\/ Nombre","type":"custom_text","position":0,"required":false,"title_format":"hide","default":"","description_enable":false,"description":"","placeholder_enable":false,"placeholder":"","display":"select","restrictions_type":"any_text","adjust_price":true,"price":"2.00","price_type":"flat_fee","restrictions":true,"min":"5","max":"12","options":[],"id":1745318420},{"name":"Tu logo personalizado para gravar","type":"file_upload","position":1,"required":false,"title_format":"heading","default":"","description_enable":false,"description":"","placeholder_enable":false,"placeholder":"","display":"select","restrictions_type":"any_text","adjust_price":true,"price":"3","price_type":"flat_fee","restrictions":false,"min":"0","max":"0","options":[],"id":1745318421}],"acf":[],"_links":{"self":[{"href":"https:\/\/www.customeeple.com\/es\/wp-json\/wp\/v2\/product\/81939","targetHints":{"allow":["GET"]}}],"collection":[{"href":"https:\/\/www.customeeple.com\/es\/wp-json\/wp\/v2\/product"}],"about":[{"href":"https:\/\/www.customeeple.com\/es\/wp-json\/wp\/v2\/types\/product"}],"wp:featuredmedia":[{"embeddable":true,"href":"https:\/\/www.customeeple.com\/es\/wp-json\/wp\/v2\/media\/81945"}],"wp:attachment":[{"href":"https:\/\/www.customeeple.com\/es\/wp-json\/wp\/v2\/media?parent=81939"}],"wp:term":[{"taxonomy":"product_brand","embeddable":true,"href":"https:\/\/www.customeeple.com\/es\/wp-json\/wp\/v2\/product_brand?post=81939"},{"taxonomy":"product_cat","embeddable":true,"href":"https:\/\/www.customeeple.com\/es\/wp-json\/wp\/v2\/product_cat?post=81939"},{"taxonomy":"product_tag","embeddable":true,"href":"https:\/\/www.customeeple.com\/es\/wp-json\/wp\/v2\/product_tag?post=81939"}],"curies":[{"name":"wp","href":"https:\/\/api.w.org\/{rel}","templated":true}]}}