{"id":8185,"date":"2014-01-14T09:13:37","date_gmt":"2014-01-14T08:13:37","guid":{"rendered":"http:\/\/www.customeeple.com\/product\/panteones-guerra-de-mitos-1-unidad-2\/"},"modified":"2015-09-24T10:16:09","modified_gmt":"2015-09-24T08:16:09","slug":"panteones-guerra-de-mitos","status":"publish","type":"product","link":"https:\/\/www.customeeple.com\/es\/producto\/panteones-guerra-de-mitos\/","title":{"rendered":"Panteones \u00abGuerra de Mitos\u00bb (1 ud)"},"content":{"rendered":"<p>Reproducci\u00f3n de una carta de pante\u00f3n oficial para <a href=\"http:\/\/guerrademitos.com\/\"><strong>Guerra de Mitos<\/strong><\/a> realizada en metacrilato grabado y pintado a mano.<\/p>\n<p>Las cartas de panteones son las m\u00e1s importantes del juego, ya que definen la estrategia de cada jugador en cada partida. Si sueles jugar con una seguro que querr\u00e1s tener una versi\u00f3n m\u00e1s especial, que marque tu afinidad con un pante\u00f3n. Aqu\u00ed puedes elegir cualquier versi\u00f3n del juego: Yomi, Tlatoc\u00e1n, Asgard&#8230;<\/p>\n<p>Nuestras cartas de pante\u00f3n son del mismo tama\u00f1o que las cartas normales, pero est\u00e1n realizadas en metacrilato de colores grabado.<\/p>\n<p>Este producto esta hecho en colaboraci\u00f3n con el dise\u00f1ador del juego <strong><a href=\"http:\/\/boardgamegeek.com\/boardgamedesigner\/69099\/francisco-gallego-arredondo\">Francisco Gallego<\/a><\/strong>, para adecuarse perfectamente a las especificaciones de <strong><a href=\"http:\/\/guerrademitos.com\/\">Guerra de Mitos<\/a>.<\/strong><\/p>\n<p>\u00a0<\/p>\n<div class=\"moreinfo\">\n<p><strong>Material:<\/strong> Metacrilato transparente pintado.<\/p>\n<p><strong>Espesor:<\/strong> 3 mm<\/p>\n<p><strong>Tama\u00f1o:<\/strong> 8,8 x 6,25 mm.<\/p>\n<p><strong>Cantidad:<\/strong> 1 unidad<\/p>\n<p><strong>Uso:<\/strong> Carta de pante\u00f3n de <a href=\"http:\/\/guerrademitos.com\/\"><strong>Guerra de Mitos<\/strong><\/a><\/p>\n<\/div>\n","protected":false},"excerpt":{"rendered":"<p>Carta de pante\u00f3n de <a href=\"http:\/\/guerrademitos.com\/\"><strong>Guerra de Mitos<\/strong><\/a> en metacrilato pintado a mano<\/p>\n","protected":false},"featured_media":11645,"template":"","meta":{"_acf_changed":false},"product_brand":[],"product_cat":[1177],"product_tag":[1165],"class_list":{"0":"post-8185","1":"product","2":"type-product","3":"status-publish","4":"has-post-thumbnail","6":"product_cat-games-workshop-es","7":"product_tag-gamesworkshop","9":"first","10":"instock","11":"taxable","12":"shipping-taxable","13":"purchasable","14":"product-type-variable"},"exclude_global_add_ons":[],"addons":[],"acf":[],"_links":{"self":[{"href":"https:\/\/www.customeeple.com\/es\/wp-json\/wp\/v2\/product\/8185","targetHints":{"allow":["GET"]}}],"collection":[{"href":"https:\/\/www.customeeple.com\/es\/wp-json\/wp\/v2\/product"}],"about":[{"href":"https:\/\/www.customeeple.com\/es\/wp-json\/wp\/v2\/types\/product"}],"wp:featuredmedia":[{"embeddable":true,"href":"https:\/\/www.customeeple.com\/es\/wp-json\/wp\/v2\/media\/11645"}],"wp:attachment":[{"href":"https:\/\/www.customeeple.com\/es\/wp-json\/wp\/v2\/media?parent=8185"}],"wp:term":[{"taxonomy":"product_brand","embeddable":true,"href":"https:\/\/www.customeeple.com\/es\/wp-json\/wp\/v2\/product_brand?post=8185"},{"taxonomy":"product_cat","embeddable":true,"href":"https:\/\/www.customeeple.com\/es\/wp-json\/wp\/v2\/product_cat?post=8185"},{"taxonomy":"product_tag","embeddable":true,"href":"https:\/\/www.customeeple.com\/es\/wp-json\/wp\/v2\/product_tag?post=8185"}],"curies":[{"name":"wp","href":"https:\/\/api.w.org\/{rel}","templated":true}]}}