{"id":81842,"date":"2025-09-26T09:20:02","date_gmt":"2025-09-26T08:20:02","guid":{"rendered":"https:\/\/www.customeeple.com\/?post_type=product&#038;p=81842"},"modified":"2025-09-26T10:14:26","modified_gmt":"2025-09-26T09:14:26","slug":"set-marcadores-compatible-aos-4th-ed-2024-25-uds-copy","status":"publish","type":"product","link":"https:\/\/www.customeeple.com\/es\/producto\/set-marcadores-compatible-aos-4th-ed-2024-25-uds-copy\/","title":{"rendered":"Trench Crusade Set de Tokens y Dial Set (15 pieces)"},"content":{"rendered":"<h2>Pack de Tokens y Diales Compatible con Trench Crusade<\/h2>\n<p>Un completo set de tokens y diales forjados para los oscuros campos de batalla de Trench Crusade.<br \/>\nDise\u00f1ado para mantener tus partidas \u00e1giles y tu mesa despejada, para que puedas centrarte en el choque de fe, acero y corrupci\u00f3n.<\/p>\n<p>Este pack incluye:<\/p>\n<ul>\n<li><strong>Diales:<\/strong>\n<ul>\n<li>5 \u00d7 <em>Dial de Blood<\/em> \u2013 Rojo<\/li>\n<li>2 \u00d7 <em>Dial de Blessing<\/em> \u2013 Dorado<\/li>\n<li>2 \u00d7 <em>Dial de Infected<\/em> \u2013 Verde<\/li>\n<\/ul>\n<\/li>\n<li><strong>Tokens:<\/strong>\n<ul>\n<li>2 \u00d7 <em>Tough<\/em> \u2013 Amarillo<\/li>\n<li>4 \u00d7 <em>Down<\/em> \u2013 Morado<\/li>\n<\/ul>\n<\/li>\n<\/ul>\n<p>El pack incluye los imanes para los diales, pero deber\u00e1s pegarlos t\u00fa mismo.<\/p>\n<p>Puedes elegir recibir las piezas con el grabado sin pintar.<br \/>\nEsta opci\u00f3n es perfecta si quieres personalizar tu set.<\/p>\n<p>Para pintar el grabado, recomendamos:<\/p>\n<ul>\n<li>Usar pintura acr\u00edlica y aplicarla directamente sobre el grabado.<\/li>\n<li>Limpiar la superficie con un pa\u00f1o h\u00famedo antes de que la pintura se seque, de manera que el color quede solo dentro de las l\u00edneas.<\/li>\n<li>Para un acabado m\u00e1s suave, puedes sellarlo con un barniz mate una vez seco.<\/li>\n<\/ul>\n<p>Dise\u00f1ado para las reglas creadas por la comunidad de <strong>Trench Crusade<\/strong>, este set te da todo lo necesario para llevar el control de estados y efectos sin saturar el campo de batalla.<\/p>\n<div class=\"moreinfo\"><strong style=\"font-size: 14px; line-height: 1.5em;\">Material: <\/strong>Metacrilato<\/p>\n<p dir=\"ltr\"><strong>Grosor:<\/strong> 3 mm<\/p>\n<p dir=\"ltr\"><strong>Tama\u00f1o:<\/strong> 30 mm (diales), 20 mm (tokens)<\/p>\n<p dir=\"ltr\"><strong>Cantidad:<\/strong> 15 piezas en total<\/p>\n<\/div>\n<p><em>Trench Crusade es un proyecto de juego fan-made. Customeeple no est\u00e1 afiliado con este proyecto y este producto no est\u00e1 respaldado por ellos.<\/em><\/p>\n<div class=\"infopreorder\"><strong>Nota:<\/strong> Los colores de las piezas de metacrilato pueden variar ligeramente respecto a las fotos.<\/div>\n","protected":false},"excerpt":{"rendered":"<p>Un pack de marcadores grimdark<\/p>\n","protected":false},"featured_media":81844,"template":"","meta":{"_acf_changed":false},"product_brand":[2311],"product_cat":[1370,1623],"product_tag":[1979,1677,1114,787],"class_list":{"0":"post-81842","1":"product","2":"type-product","3":"status-publish","4":"has-post-thumbnail","6":"product_brand-customeeple","7":"product_cat-customeeple-es","8":"product_cat-wargames-es-2","9":"product_tag-kill-team-es","10":"product_tag-necromunda-es-2","11":"product_tag-shadow-war-armageddon-es","12":"product_tag-warhammer-40k-es-2","14":"first","15":"instock","16":"taxable","17":"shipping-taxable","18":"purchasable","19":"product-type-variable"},"exclude_global_add_ons":[],"addons":[],"acf":[],"_links":{"self":[{"href":"https:\/\/www.customeeple.com\/es\/wp-json\/wp\/v2\/product\/81842","targetHints":{"allow":["GET"]}}],"collection":[{"href":"https:\/\/www.customeeple.com\/es\/wp-json\/wp\/v2\/product"}],"about":[{"href":"https:\/\/www.customeeple.com\/es\/wp-json\/wp\/v2\/types\/product"}],"wp:featuredmedia":[{"embeddable":true,"href":"https:\/\/www.customeeple.com\/es\/wp-json\/wp\/v2\/media\/81844"}],"wp:attachment":[{"href":"https:\/\/www.customeeple.com\/es\/wp-json\/wp\/v2\/media?parent=81842"}],"wp:term":[{"taxonomy":"product_brand","embeddable":true,"href":"https:\/\/www.customeeple.com\/es\/wp-json\/wp\/v2\/product_brand?post=81842"},{"taxonomy":"product_cat","embeddable":true,"href":"https:\/\/www.customeeple.com\/es\/wp-json\/wp\/v2\/product_cat?post=81842"},{"taxonomy":"product_tag","embeddable":true,"href":"https:\/\/www.customeeple.com\/es\/wp-json\/wp\/v2\/product_tag?post=81842"}],"curies":[{"name":"wp","href":"https:\/\/api.w.org\/{rel}","templated":true}]}}