{"id":81436,"date":"2025-09-17T14:22:16","date_gmt":"2025-09-17T13:22:16","guid":{"rendered":"https:\/\/www.customeeple.com\/?post_type=product&#038;p=81436"},"modified":"2026-04-27T20:16:08","modified_gmt":"2026-04-27T19:16:08","slug":"tapete-compatible-blood-bowl-sencillo-copy","status":"publish","type":"product","link":"https:\/\/www.customeeple.com\/es\/producto\/tapete-compatible-blood-bowl-sencillo-copy\/","title":{"rendered":"Fantasy Football Sevens Pitch | Blood Bowl Compatible Game Mat | 80&#215;55 cm"},"content":{"rendered":"<div class=\"add-top p_collection\">\n<p><strong>Campo de Blood Bowl* Sevens \u2013 r\u00e1pido, brutal y listo para la gloria.<\/strong><br \/>\nDise\u00f1ado espec\u00edficamente para el formato oficial de Sevens, este campo te ofrece toda la acci\u00f3n de Blood Bowl en un tablero compacto de 80\u00d755 cm. Con banquillos, marcadores e informaci\u00f3n de juego en los laterales, es perfecto para partidas r\u00e1pidas, ligas y torneos.<\/p>\n<p><strong>Estilos disponibles:<\/strong> <em>c\u00e9sped<\/em>, <em>pantano<\/em>, <em>nieve<\/em>, m<em>agma<\/em>, <em>desierto<\/em> \u2014 elige el terreno que mejor encaje con la historia de tu equipo. Tambi\u00e9n puedes solicitar colores personalizados y a\u00f1adir los logos de tu equipo. Solo tienes que escribirnos a <strong>hello@customeeple.com<\/strong>.<\/p>\n<p><strong>Calidad excepcional:<\/strong><br \/>\nFabricado con materiales de alta calidad, disponible en lona de exterior o neopreno de 2 mm, este tapete es flexible, port\u00e1til y est\u00e1 hecho para durar temporada tras temporada.<\/p>\n<p><strong>Tama\u00f1o disponible:<\/strong><\/p>\n<ul>\n<li><strong>80 \u00d7 55 cm<\/strong><\/li>\n<\/ul>\n<p><strong>Producci\u00f3n eco-responsable:<\/strong><br \/>\nFabricamos los tapetes lo m\u00e1s cerca posible del pa\u00eds de destino para reducir nuestra huella de carbono, evitando intermediarios innecesarios. Por eso los tapetes se env\u00edan por separado de otros productos. \u00a1Gracias por apoyar nuestras iniciativas ecol\u00f3gicas!<\/p>\n<p><strong>Detalles adicionales:<\/strong><\/p>\n<ul>\n<li>Los laterales incluyen banquillos, marcadores de turno\/re-roll e informaci\u00f3n adaptada a Sevens<\/li>\n<li>Impreso en alta resoluci\u00f3n con texturas realistas basadas en fotograf\u00eda a\u00e9rea<\/li>\n<li>Sin logotipos ni textos intrusivos en la zona de juego \u2013 solo tu campo<\/li>\n<\/ul>\n<p>Entra en el campo de Sevens y deja que empiece el caos: \u00a1la victoria te espera!<\/p>\n<\/div>\n<div class=\"moreinfo\">\n<p><strong>Material<\/strong>: Lona de exterior o neopreno de 2 mm<\/p>\n<p><strong>Tama\u00f1o<\/strong>: 80 \u00d7 55 cm<\/p>\n<p><strong>Cantidad<\/strong>: 1<\/p>\n<p><strong>Uso<\/strong>: Campo de Blood Bowl* Sevens<\/p>\n<\/div>\n<div class=\"infopreorder\">&#x26a0;&#xfe0f; *Producto no oficial. No afiliado ni respaldado por Games Workshop.<\/div>\n","protected":false},"excerpt":{"rendered":"<p>Tapete con guias para simplificar y agilizar el juego.<\/p>\n","protected":false},"featured_media":84667,"template":"","meta":{"_acf_changed":false},"product_brand":[],"product_cat":[1258,1370,1308,1177,1406,1372,79,1623],"product_tag":[2127],"class_list":{"0":"post-81436","1":"product","2":"type-product","3":"status-publish","4":"has-post-thumbnail","6":"product_cat-blood-bowl-es","7":"product_cat-customeeple-es","8":"product_cat-ffbb-es","9":"product_cat-games-workshop-es","10":"product_cat-gaslands-es-2","11":"product_cat-sci-fi-es","12":"product_cat-tapete","13":"product_cat-wargames-es-2","14":"product_tag-shatterpoint-es","15":"product_shipping_class-bigtube","17":"first","18":"instock","19":"taxable","20":"shipping-taxable","21":"purchasable","22":"product-type-variable"},"exclude_global_add_ons":false,"addons":[{"name":"Logotipo central personalizado","type":"file_upload","position":0,"required":false,"title_format":"label","default":"","description_enable":false,"description":"","placeholder_enable":false,"placeholder":"","display":"select","restrictions_type":"any_text","adjust_price":true,"price":"7","price_type":"flat_fee","restrictions":false,"min":"0","max":"0","options":[],"id":1755167814},{"name":"Textura de fondo personalizada","type":"file_upload","position":1,"required":false,"title_format":"label","default":"","description_enable":true,"description":"A\u00f1ade el fondo que quieras \u2014 cualquier imagen sirve, pero deber\u00eda tener al menos 3000 \u00d7 2000 px para asegurar buena calidad.","placeholder_enable":false,"placeholder":"","display":"select","restrictions_type":"any_text","adjust_price":true,"price":"15","price_type":"flat_fee","restrictions":false,"min":"0","max":"0","options":[],"id":1774356210},{"name":"Zonas de anotaci\u00f3n (texto y color)","type":"custom_text","position":2,"required":false,"title_format":"label","default":"","description_enable":true,"description":"Puedes personalizar ambas zonas de anotaci\u00f3n. Indica el texto y el color para los lados izquierdo y derecho. Ejemplo: derecha rojo \u201cBallcrushers\u201d; izquierda violeta \u201cMorko\u2019s Little Helpers\u201d.","placeholder_enable":false,"placeholder":"","display":"select","restrictions_type":"any_text","adjust_price":true,"price":"5","price_type":"flat_fee","restrictions":false,"min":"0","max":"0","options":[],"id":1774356209},{"name":"Nombre del equipo personalizado","type":"custom_text","position":3,"required":false,"title_format":"label","default":"","description_enable":true,"description":"A\u00f1ade el nombre de tu equipo en el lateral del campo.","placeholder_enable":false,"placeholder":"","display":"select","restrictions_type":"any_text","adjust_price":true,"price":"2","price_type":"flat_fee","restrictions":false,"min":"0","max":"0","options":[],"id":1774356208}],"acf":[],"_links":{"self":[{"href":"https:\/\/www.customeeple.com\/es\/wp-json\/wp\/v2\/product\/81436","targetHints":{"allow":["GET"]}}],"collection":[{"href":"https:\/\/www.customeeple.com\/es\/wp-json\/wp\/v2\/product"}],"about":[{"href":"https:\/\/www.customeeple.com\/es\/wp-json\/wp\/v2\/types\/product"}],"wp:featuredmedia":[{"embeddable":true,"href":"https:\/\/www.customeeple.com\/es\/wp-json\/wp\/v2\/media\/84667"}],"wp:attachment":[{"href":"https:\/\/www.customeeple.com\/es\/wp-json\/wp\/v2\/media?parent=81436"}],"wp:term":[{"taxonomy":"product_brand","embeddable":true,"href":"https:\/\/www.customeeple.com\/es\/wp-json\/wp\/v2\/product_brand?post=81436"},{"taxonomy":"product_cat","embeddable":true,"href":"https:\/\/www.customeeple.com\/es\/wp-json\/wp\/v2\/product_cat?post=81436"},{"taxonomy":"product_tag","embeddable":true,"href":"https:\/\/www.customeeple.com\/es\/wp-json\/wp\/v2\/product_tag?post=81436"}],"curies":[{"name":"wp","href":"https:\/\/api.w.org\/{rel}","templated":true}]}}