{"id":8090,"date":"2014-03-10T12:37:51","date_gmt":"2014-03-10T10:37:51","guid":{"rendered":"http:\/\/www.customeeple.com\/product\/pack-de-sangre-21-unidades\/"},"modified":"2017-03-27T10:16:26","modified_gmt":"2017-03-27T08:16:26","slug":"pack-de-sangre-21-unidades","status":"publish","type":"product","link":"https:\/\/www.customeeple.com\/es\/producto\/pack-de-sangre-21-unidades\/","title":{"rendered":"Pack de sangre (22 unidades)"},"content":{"rendered":"<p>Un completo pack de gotas de sangre para marcar puntos de vida o da\u00f1o en juegos como <a href=\"http:\/\/boardgamegeek.com\/boardgame\/17226\/descent-journeys-in-the-dark\"><strong>Descent<\/strong><\/a> o <a href=\"http:\/\/www.krosmaster.com\/en\"><strong>Krosmaster arena.<\/strong><\/a> El pack viene con 21 fichas con esta combinaci\u00f3n<\/p>\n<ul>\n<li>1 punto de vida (10 unidades)<\/li>\n<li>2 puntos de vida (5 unidades)<\/li>\n<li>5 puntos de vida (5 unidades)<\/li>\n<li>10 puntos de vida (2 unidades)<\/li>\n<\/ul>\n<p>Los fichas de 2 y superiores tienen un tama\u00f1o menor y su denominaci\u00f3n grabada<\/p>\n<p>&nbsp;<\/p>\n<div class=\"moreinfo\">\n<p><strong>Material:<\/strong> Metacrilato Rojo Translucido<\/p>\n<p><strong>Tama\u00f1o: <\/strong>Varia<\/p>\n<p><strong>Espesors:<\/strong> 3mm<\/p>\n<p><strong>Cantidad:<\/strong> 21 pieces<\/p>\n<p><strong>Uso: <\/strong>Para marcar tus puntos de vida en cualquier juego de mesa o de rol<\/p>\n<\/div>\n<p>&nbsp;<\/p>\n<p><span style=\"line-height: 1.5em;\"><a href=\"http:\/\/www.krosmaster.com\/en\"><strong>Krosmaster arena<\/strong><\/a> es un juego de <a href=\"http:\/\/boardgamegeek.com\/boardgamedesigner\/71956\/nicolas-degouy\"><strong>Nicolas Degouy<\/strong><\/a> y <a href=\"http:\/\/www.edouardguiton.com\/\/\"><strong>\u00c9douard Guiton<\/strong><\/a> publicado por <strong><a href=\"http:\/\/www.ankama-group.com\/en\">Ankama Group<\/a>. <a href=\"http:\/\/boardgamegeek.com\/boardgame\/17226\/descent-journeys-in-the-dark\"><strong>Descent<\/strong><\/a> <\/strong>es un juego de<strong> <a href=\"http:\/\/boardgamegeek.com\/boardgamedesigner\/2336\/kevin-wilson\">Kevin Wilson<\/a><\/strong> publicado por<strong> <a href=\"http:\/\/www.fantasyflightgames.com\/\">Fantasy flight. <\/a>Customeeple<\/strong> no tiene niguna relaci\u00f3n con estas comp\u00f1\u00edas y este producto no esta apoyado por ellas.<\/span><\/p>\n","protected":false},"excerpt":{"rendered":"<p>Pack de puntos de vida con forma de gotas de sangre<\/p>\n","protected":false},"featured_media":25514,"template":"","meta":{"_acf_changed":false},"product_brand":[],"product_cat":[78],"product_tag":[654,697,764,658,739],"class_list":{"0":"post-8090","1":"product","2":"type-product","3":"status-publish","4":"has-post-thumbnail","6":"product_cat-meeple-2","7":"product_tag-descent-es-2","8":"product_tag-furia-de-dracula-es","9":"product_tag-krosmaster-arena-es","10":"product_tag-super-dungeon-explorer-es-2","11":"product_tag-vtes-es","13":"first","14":"instock","15":"taxable","16":"shipping-taxable","17":"purchasable","18":"product-type-simple"},"exclude_global_add_ons":[],"addons":[],"acf":[],"_links":{"self":[{"href":"https:\/\/www.customeeple.com\/es\/wp-json\/wp\/v2\/product\/8090","targetHints":{"allow":["GET"]}}],"collection":[{"href":"https:\/\/www.customeeple.com\/es\/wp-json\/wp\/v2\/product"}],"about":[{"href":"https:\/\/www.customeeple.com\/es\/wp-json\/wp\/v2\/types\/product"}],"wp:featuredmedia":[{"embeddable":true,"href":"https:\/\/www.customeeple.com\/es\/wp-json\/wp\/v2\/media\/25514"}],"wp:attachment":[{"href":"https:\/\/www.customeeple.com\/es\/wp-json\/wp\/v2\/media?parent=8090"}],"wp:term":[{"taxonomy":"product_brand","embeddable":true,"href":"https:\/\/www.customeeple.com\/es\/wp-json\/wp\/v2\/product_brand?post=8090"},{"taxonomy":"product_cat","embeddable":true,"href":"https:\/\/www.customeeple.com\/es\/wp-json\/wp\/v2\/product_cat?post=8090"},{"taxonomy":"product_tag","embeddable":true,"href":"https:\/\/www.customeeple.com\/es\/wp-json\/wp\/v2\/product_tag?post=8090"}],"curies":[{"name":"wp","href":"https:\/\/api.w.org\/{rel}","templated":true}]}}