{"id":8089,"date":"2014-03-10T12:11:23","date_gmt":"2014-03-10T09:48:23","guid":{"rendered":"http:\/\/www.customeeple.com\/product\/credito-recurrente-2-unidades\/"},"modified":"2015-09-24T10:38:41","modified_gmt":"2015-09-24T08:38:41","slug":"credito-recurrente-2-unidades","status":"publish","type":"product","link":"https:\/\/www.customeeple.com\/es\/producto\/credito-recurrente-2-unidades\/","title":{"rendered":"Cr\u00e9dito recurrente (2 uds)"},"content":{"rendered":"<p>Monedas de cr\u00e9ditos pensadas para marcar fuentes constantes de dinero. Son perfectas para juegos futuristas como <strong><a href=\"http:\/\/boardgamegeek.com\/boardgame\/124742\/android-netrunner\" target=\"_blank\">Android: Netrunner.<\/a><\/strong><\/p>\n<p>Nuestras piezas de creditos recurrrentes est\u00e1n dise\u00f1adas con una forma alargada, lo que te pemite girarlas (tapearlas) para indicar cuando gastas ese dinero hasta la siguiente ronda<\/p>\n<p>&nbsp;<\/p>\n<div class=\"moreinfo\">\n<p><strong>Material:<\/strong> Metacrilato fluoresecente magenta<\/p>\n<p><strong>Espesor:<\/strong> 3mm<\/p>\n<p><strong>Tama\u00f1o:<\/strong> 3 cm x 1 cm<\/p>\n<p><strong>Uso:<\/strong> Especialmente pensadas para indicar fuentes recurrentes de financiaci\u00f3n<\/p>\n<p><strong>Cantidad: <\/strong>2 unidades de 1 cr\u00e9dito<\/p>\n<\/div>\n<p>&nbsp;<\/p>\n<p><strong><a href=\"http:\/\/boardgamegeek.com\/boardgame\/124742\/android-netrunner\" target=\"_blank\">Android: Netrunner<\/a><\/strong> es un juego publicado por <a href=\"http:\/\/www.fantasyflightgames.com\/\"><strong>Fantasy Flight Publishing Inc<\/strong><\/a> <strong>Customeeple<\/strong> no est\u00e1 afiliada con esta compa\u00f1\u00eda y este producto no esta apoyado por ellos de ninguna forma.<\/p>\n","protected":false},"excerpt":{"rendered":"<p>Fichas de credito para marcar dinero recurrente<\/p>\n","protected":false},"featured_media":8106,"template":"","meta":{"_acf_changed":false},"product_brand":[],"product_cat":[812],"product_tag":[742,753,758,649],"class_list":{"0":"post-8089","1":"product","2":"type-product","3":"status-publish","4":"has-post-thumbnail","6":"product_cat-hacker-masterses","7":"product_tag-android-es-2","8":"product_tag-edge-city-es-2","9":"product_tag-hacker-es-2","10":"product_tag-netrunner-es-2","12":"first","13":"instock","14":"taxable","15":"shipping-taxable","16":"purchasable","17":"product-type-simple"},"exclude_global_add_ons":[],"addons":[],"acf":[],"_links":{"self":[{"href":"https:\/\/www.customeeple.com\/es\/wp-json\/wp\/v2\/product\/8089","targetHints":{"allow":["GET"]}}],"collection":[{"href":"https:\/\/www.customeeple.com\/es\/wp-json\/wp\/v2\/product"}],"about":[{"href":"https:\/\/www.customeeple.com\/es\/wp-json\/wp\/v2\/types\/product"}],"wp:featuredmedia":[{"embeddable":true,"href":"https:\/\/www.customeeple.com\/es\/wp-json\/wp\/v2\/media\/8106"}],"wp:attachment":[{"href":"https:\/\/www.customeeple.com\/es\/wp-json\/wp\/v2\/media?parent=8089"}],"wp:term":[{"taxonomy":"product_brand","embeddable":true,"href":"https:\/\/www.customeeple.com\/es\/wp-json\/wp\/v2\/product_brand?post=8089"},{"taxonomy":"product_cat","embeddable":true,"href":"https:\/\/www.customeeple.com\/es\/wp-json\/wp\/v2\/product_cat?post=8089"},{"taxonomy":"product_tag","embeddable":true,"href":"https:\/\/www.customeeple.com\/es\/wp-json\/wp\/v2\/product_tag?post=8089"}],"curies":[{"name":"wp","href":"https:\/\/api.w.org\/{rel}","templated":true}]}}