{"id":80193,"date":"2025-08-01T10:04:50","date_gmt":"2025-08-01T09:04:50","guid":{"rendered":"https:\/\/www.customeeple.com\/?post_type=product&#038;p=80193"},"modified":"2025-08-01T10:16:55","modified_gmt":"2025-08-01T09:16:55","slug":"tapete-compatible-cancion-de-hielo-y-fuego-copy-copy-2","status":"publish","type":"product","link":"https:\/\/www.customeeple.com\/es\/producto\/tapete-compatible-cancion-de-hielo-y-fuego-copy-copy-2\/","title":{"rendered":"Tapete compatible Gaslands&#x2122;"},"content":{"rendered":"<div id=\"tab-description\">\n<div id=\"tab-description\">\n<p data-start=\"143\" data-end=\"627\"><strong data-start=\"143\" data-end=\"279\">Presentamos nuestro tapete de juego con circuito de carreras postapocal\u00edptico, creado para llevar el caos y la adrenalina a tu mesa.<\/strong> Dise\u00f1ado para <em data-start=\"294\" data-end=\"304\">Gaslands<\/em> y otros juegos de combate vehicular, este tapete te sumerge de lleno en el polvoriento y peligroso mundo de las carreras del fin del mundo. Su trazado en forma de ocho, con pistas de tierra y un terreno desgastado, ofrece un campo de batalla totalmente inmersivo donde reinan los choques, los acelerones y las explosiones.<\/p>\n<p data-start=\"629\" data-end=\"836\">Como orgullosos miembros del programa <strong data-start=\"667\" data-end=\"690\">Friends of Gaslands<\/strong>, nuestros tapetes son totalmente compatibles con la escala y el estilo del juego, ofreci\u00e9ndote una arena de carreras aut\u00e9ntica para tus partidas.<\/p>\n<p data-start=\"838\" data-end=\"1092\"><strong data-start=\"838\" data-end=\"867\">Construcci\u00f3n excepcional:<\/strong><br data-start=\"867\" data-end=\"870\" \/>Fabricado en resistente lona publicitaria de exterior de alta calidad, nuestro tapete es flexible, port\u00e1til y duradero. A\u00f1ade una capa tem\u00e1tica y vibrante a tus partidas, aguantando sin problema cientos de enfrentamientos.<\/p>\n<p data-start=\"1094\" data-end=\"1120\"><strong data-start=\"1094\" data-end=\"1118\">Tama\u00f1os disponibles:<\/strong><\/p>\n<ul data-start=\"1121\" data-end=\"1299\">\n<li data-start=\"1121\" data-end=\"1195\">\n<p data-start=\"1123\" data-end=\"1195\"><strong data-start=\"1123\" data-end=\"1143\">91&#215;91 cm (3&#8217;x3&#8242;)<\/strong> \u2013 perfecto para partidas de 2 jugadores a 50 cans<\/p>\n<\/li>\n<li data-start=\"1196\" data-end=\"1299\">\n<p data-start=\"1198\" data-end=\"1299\"><strong data-start=\"1198\" data-end=\"1220\">122&#215;122 cm (4&#8217;x4&#8242;)<\/strong> \u2013 ideal para partidas m\u00e1s grandes, con m\u00e1s jugadores o formatos personalizados<\/p>\n<\/li>\n<\/ul>\n<p data-start=\"1301\" data-end=\"1481\">Tanto si eres un veterano de los p\u00e1ramos como si te lanzas a tu primera carrera, este tapete transforma cualquier mesa en un campo de batalla cinematogr\u00e1fico cargado de adrenalina.<\/p>\n<p data-start=\"1483\" data-end=\"1788\"><strong data-start=\"1483\" data-end=\"1514\">Producci\u00f3n eco\u2011responsable:<\/strong><br data-start=\"1514\" data-end=\"1517\" \/>En nuestro compromiso por reducir la huella de carbono, producimos nuestros tapetes lo m\u00e1s cerca posible del pa\u00eds de destino y evitamos intermediarios. Por eso los tapetes se env\u00edan por separado del resto de productos. \u00a1Gracias por apoyar nuestras iniciativas ecol\u00f3gicas!<\/p>\n<p data-start=\"1790\" data-end=\"1817\"><strong data-start=\"1790\" data-end=\"1815\">Detalles adicionales:<\/strong><\/p>\n<ul data-start=\"1818\" data-end=\"2101\">\n<li data-start=\"1818\" data-end=\"1920\">\n<p data-start=\"1820\" data-end=\"1920\">Todos nuestros tapetes incluyen nuestro logotipo y web como una discreta marca de agua en el borde<\/p>\n<\/li>\n<li data-start=\"1921\" data-end=\"2029\">\n<p data-start=\"1923\" data-end=\"2029\">Impresi\u00f3n en alta resoluci\u00f3n con texturas realistas de pistas de tierra basadas en fotograf\u00eda a\u00e9rea real<\/p>\n<\/li>\n<li data-start=\"2030\" data-end=\"2101\">\n<p data-start=\"2032\" data-end=\"2101\">Sin logotipos ni texto intrusivo en la zona de juego: inmersi\u00f3n total<\/p>\n<\/li>\n<\/ul>\n<p data-start=\"2103\" data-end=\"2198\">Arranca tu motor, pisa a fondo y lucha por la gloria\u2026 tu camino hacia la victoria empieza aqu\u00ed.<\/p>\n<\/div>\n<\/div>\n","protected":false},"excerpt":{"rendered":"<p>Tapete con guias para simplificar y agilizar el juego.<\/p>\n","protected":false},"featured_media":80170,"template":"","meta":{"_acf_changed":false},"product_brand":[],"product_cat":[1370,1406,1393,1372,79,1623],"product_tag":[2127],"class_list":{"0":"post-80193","1":"product","2":"type-product","3":"status-publish","4":"has-post-thumbnail","6":"product_cat-customeeple-es","7":"product_cat-gaslands-es-2","8":"product_cat-gaslands-es","9":"product_cat-sci-fi-es","10":"product_cat-tapete","11":"product_cat-wargames-es-2","12":"product_tag-shatterpoint-es","13":"product_shipping_class-bigtube","15":"first","16":"instock","17":"taxable","18":"shipping-taxable","19":"purchasable","20":"product-type-variable"},"exclude_global_add_ons":[],"addons":[],"acf":[],"_links":{"self":[{"href":"https:\/\/www.customeeple.com\/es\/wp-json\/wp\/v2\/product\/80193","targetHints":{"allow":["GET"]}}],"collection":[{"href":"https:\/\/www.customeeple.com\/es\/wp-json\/wp\/v2\/product"}],"about":[{"href":"https:\/\/www.customeeple.com\/es\/wp-json\/wp\/v2\/types\/product"}],"wp:featuredmedia":[{"embeddable":true,"href":"https:\/\/www.customeeple.com\/es\/wp-json\/wp\/v2\/media\/80170"}],"wp:attachment":[{"href":"https:\/\/www.customeeple.com\/es\/wp-json\/wp\/v2\/media?parent=80193"}],"wp:term":[{"taxonomy":"product_brand","embeddable":true,"href":"https:\/\/www.customeeple.com\/es\/wp-json\/wp\/v2\/product_brand?post=80193"},{"taxonomy":"product_cat","embeddable":true,"href":"https:\/\/www.customeeple.com\/es\/wp-json\/wp\/v2\/product_cat?post=80193"},{"taxonomy":"product_tag","embeddable":true,"href":"https:\/\/www.customeeple.com\/es\/wp-json\/wp\/v2\/product_tag?post=80193"}],"curies":[{"name":"wp","href":"https:\/\/api.w.org\/{rel}","templated":true}]}}