{"id":79981,"date":"2025-07-24T09:18:24","date_gmt":"2025-07-24T08:18:24","guid":{"rendered":"https:\/\/www.customeeple.com\/?post_type=product&#038;p=79981"},"modified":"2025-08-01T10:29:55","modified_gmt":"2025-08-01T09:29:55","slug":"portador-de-balon-bloodbowl-copy","status":"publish","type":"product","link":"https:\/\/www.customeeple.com\/es\/producto\/portador-de-balon-bloodbowl-copy\/","title":{"rendered":"Portador de bal\u00f3n Bloodbowl 40mm"},"content":{"rendered":"<p>Mejora tus partidas con nuestra l\u00ednea de productos para Blood Bowl, perfecta para a\u00f1adir a cualquier juego de deportes fant\u00e1sticos.<\/p>\n<p>El set incluye:<\/p>\n<ul>\n<li>1x ficha ball carrier<\/li>\n<\/ul>\n<p>Puedes elegir la combinaci\u00f3n de colores que prefieras.<\/p>\n<p>Si necesitas un dise\u00f1o nuevo, no dudes en <a href=\"mailto:hello@customeeple.com\">contactarnos<\/a>.<\/p>\n<div class=\"moreinfo\">\n  <strong>Material:<\/strong> metacrilato<br \/>\n  <strong>Grosor:<\/strong> 3mm + 3mm<br \/>\n  <strong>Tama\u00f1o:<\/strong> compatible con peanas de 40mm<br \/>\n  <strong>Cantidad:<\/strong> 1 unidad<br \/>\n  <strong>Uso:<\/strong> ideal para cualquier juego de deportes fant\u00e1sticos\n<\/div>\n<div class=\"infopreorder\">\n  <strong>Aviso:<\/strong> Blood Bowl es un juego publicado por GAMES WORKSHOP. Customeeple no est\u00e1 afiliada ni cuenta con la aprobaci\u00f3n de esta empresa.\n<\/div>\n","protected":false},"excerpt":{"rendered":"<p>Marcador para juegos de f\u00fatbol fant\u00e1stico<\/p>\n","protected":false},"featured_media":80017,"template":"","meta":{"_acf_changed":false},"product_brand":[],"product_cat":[1258,1308],"product_tag":[1250],"class_list":{"0":"post-79981","1":"product","2":"type-product","3":"status-publish","4":"has-post-thumbnail","6":"product_cat-blood-bowl-es","7":"product_cat-ffbb-es","8":"product_tag-blood-bowl-es","10":"first","11":"instock","12":"taxable","13":"shipping-taxable","14":"purchasable","15":"product-type-variable"},"exclude_global_add_ons":[],"addons":[],"acf":[],"_links":{"self":[{"href":"https:\/\/www.customeeple.com\/es\/wp-json\/wp\/v2\/product\/79981","targetHints":{"allow":["GET"]}}],"collection":[{"href":"https:\/\/www.customeeple.com\/es\/wp-json\/wp\/v2\/product"}],"about":[{"href":"https:\/\/www.customeeple.com\/es\/wp-json\/wp\/v2\/types\/product"}],"wp:featuredmedia":[{"embeddable":true,"href":"https:\/\/www.customeeple.com\/es\/wp-json\/wp\/v2\/media\/80017"}],"wp:attachment":[{"href":"https:\/\/www.customeeple.com\/es\/wp-json\/wp\/v2\/media?parent=79981"}],"wp:term":[{"taxonomy":"product_brand","embeddable":true,"href":"https:\/\/www.customeeple.com\/es\/wp-json\/wp\/v2\/product_brand?post=79981"},{"taxonomy":"product_cat","embeddable":true,"href":"https:\/\/www.customeeple.com\/es\/wp-json\/wp\/v2\/product_cat?post=79981"},{"taxonomy":"product_tag","embeddable":true,"href":"https:\/\/www.customeeple.com\/es\/wp-json\/wp\/v2\/product_tag?post=79981"}],"curies":[{"name":"wp","href":"https:\/\/api.w.org\/{rel}","templated":true}]}}