{"id":79497,"date":"2025-06-10T09:59:06","date_gmt":"2025-06-10T08:59:06","guid":{"rendered":"https:\/\/www.customeeple.com\/?post_type=product&#038;p=79497"},"modified":"2025-06-10T10:03:31","modified_gmt":"2025-06-10T09:03:31","slug":"snake-mountain-tapete-neopreno-compatible-masters-of-the-universe-battleground-copy","status":"publish","type":"product","link":"https:\/\/www.customeeple.com\/es\/producto\/snake-mountain-tapete-neopreno-compatible-masters-of-the-universe-battleground-copy\/","title":{"rendered":"Spectral Swamp -Tapete Neopreno compatible Masters of the Universe&#x2122; Battleground (Copy)"},"content":{"rendered":"<div id=\"tab-description\">\n<div id=\"tab-description\">\n<p data-start=\"1939\" data-end=\"2184\">Toma el control del campo de batalla alrededor de<strong> Spectral Swamp<\/strong>\u00a0con este espectacular tapete de neopreno para <em data-start=\"2054\" data-end=\"2093\">Masters of the Universe&#x2122; Battleground<\/em>. Hecho de <strong data-start=\"2104\" data-end=\"2124\">neopreno de 2\u202fmm<\/strong>, combina resistencia, estabilidad y una est\u00e9tica incre\u00edble.<\/p>\n<p data-start=\"2186\" data-end=\"2349\">El terreno de <strong>Spectral Swamp<\/strong> \u00a0presenta un pantano oscuro y brumoso lleno de energ\u00edas m\u00edsticas, donde los peligros acechan en cada rinc\u00f3n.<\/p>\n<ul data-start=\"2351\" data-end=\"2562\">\n<li data-start=\"2351\" data-end=\"2417\">\n<p data-start=\"2353\" data-end=\"2417\">Rejilla hexagonal impresa para colocar objetivos con precisi\u00f3n<\/p>\n<\/li>\n<li data-start=\"2418\" data-end=\"2442\">\n<p data-start=\"2420\" data-end=\"2442\">Tama\u00f1o: <strong data-start=\"2428\" data-end=\"2440\">80\u00d755\u202fcm<\/strong><\/p>\n<\/li>\n<li data-start=\"2443\" data-end=\"2512\">\n<p data-start=\"2445\" data-end=\"2512\">Neopreno que se despliega plano, no resbala y amortigua los dados<\/p>\n<\/li>\n<li data-start=\"2513\" data-end=\"2562\">\n<p data-start=\"2515\" data-end=\"2562\">Marca de agua discreta en el borde (logo y web)<\/p>\n<\/li>\n<\/ul>\n<p><strong>Material:<\/strong> Lona<\/p>\n<p><strong>Tama\u00f1o: 80&#215;55 cm<\/strong><\/p>\n<p><strong>Cantidad:<\/strong>\u00a01<\/p>\n<p><strong>Usos: <\/strong>tapete para \u00a0<strong>Masters of the Universe&#x2122; Battleground<\/strong><\/p>\n<p><strong>Masters of the Universe&#x2122; Battleground<\/strong> es un juego publicado por ARCHON STUDIO.\u00a0 Customeeple no est\u00e1 afiliado con esta compa\u00f1\u00eda y este producto no est\u00e1 respaldado por ellos.<\/p>\n<\/div>\n<\/div>\n","protected":false},"excerpt":{"rendered":"<p>Tapete con guias para simplificar y agilizar el juego.<\/p>\n","protected":false},"featured_media":79376,"template":"","meta":{"_acf_changed":false},"product_brand":[],"product_cat":[1370,1400,2310,79,1623],"product_tag":[2127],"class_list":{"0":"post-79497","1":"product","2":"type-product","3":"status-publish","4":"has-post-thumbnail","6":"product_cat-customeeple-es","7":"product_cat-fantasia","8":"product_cat-masters-of-the-universe-es","9":"product_cat-tapete","10":"product_cat-wargames-es-2","11":"product_tag-shatterpoint-es","12":"product_shipping_class-bigtube","14":"first","15":"instock","16":"sale","17":"taxable","18":"shipping-taxable","19":"purchasable","20":"product-type-simple"},"exclude_global_add_ons":[],"addons":[],"acf":[],"_links":{"self":[{"href":"https:\/\/www.customeeple.com\/es\/wp-json\/wp\/v2\/product\/79497","targetHints":{"allow":["GET"]}}],"collection":[{"href":"https:\/\/www.customeeple.com\/es\/wp-json\/wp\/v2\/product"}],"about":[{"href":"https:\/\/www.customeeple.com\/es\/wp-json\/wp\/v2\/types\/product"}],"wp:featuredmedia":[{"embeddable":true,"href":"https:\/\/www.customeeple.com\/es\/wp-json\/wp\/v2\/media\/79376"}],"wp:attachment":[{"href":"https:\/\/www.customeeple.com\/es\/wp-json\/wp\/v2\/media?parent=79497"}],"wp:term":[{"taxonomy":"product_brand","embeddable":true,"href":"https:\/\/www.customeeple.com\/es\/wp-json\/wp\/v2\/product_brand?post=79497"},{"taxonomy":"product_cat","embeddable":true,"href":"https:\/\/www.customeeple.com\/es\/wp-json\/wp\/v2\/product_cat?post=79497"},{"taxonomy":"product_tag","embeddable":true,"href":"https:\/\/www.customeeple.com\/es\/wp-json\/wp\/v2\/product_tag?post=79497"}],"curies":[{"name":"wp","href":"https:\/\/api.w.org\/{rel}","templated":true}]}}