{"id":79243,"date":"2025-05-22T12:24:01","date_gmt":"2025-05-22T11:24:01","guid":{"rendered":"https:\/\/www.customeeple.com\/?post_type=product&#038;p=79243"},"modified":"2025-09-11T21:40:25","modified_gmt":"2025-09-11T20:40:25","slug":"masters-of-the-universe-battleground-set-marcadores-80-copy","status":"publish","type":"product","link":"https:\/\/www.customeeple.com\/es\/producto\/masters-of-the-universe-battleground-set-marcadores-80-copy\/","title":{"rendered":"Slay the Spire&#x2122; Set Marcadores (107)"},"content":{"rendered":"<p><strong>\u00a1Asciende la Aguja con estilo!<\/strong><br \/>\nMejora tus partidas de <strong>Slay the Spire&#x2122;: The Board Game<\/strong> con nuestros <strong>marcadores de metacrilato<\/strong> premium, ideales para sustituir las fichas de cart\u00f3n est\u00e1ndar y hacer que cada partida sea \u00e9pica.<\/p>\n<p><strong>El pack incluye:<\/strong><\/p>\n<ul>\n<li>&#x1f7e5; <strong>Rojo \u2013 Vulnerable (x7)<\/strong><\/li>\n<li>&#x1f7e7; <strong>Naranja \u2013 Fuerza (x10), Fuerza 5 (x2)<\/strong><\/li>\n<li>&#x1f7e2; <strong>Verde \u2013 Veneno (x10), Veneno 10 (x2)<\/strong><\/li>\n<li>&#x1f535; <strong>Azul claro \u2013 Bloqueo (x7), Bloqueo 5 (x2)<\/strong><\/li>\n<li>&#x1f535; <strong>Azul oscuro \u2013 Milagros (x7)<\/strong><\/li>\n<li>&#x26ab; <strong>Gris \u2013 D\u00e9bil (x10)<\/strong><\/li>\n<li>&#x1f7e4; <strong>Beige \u2013 \u00c9lite Ardiente (x1), \u00c9lite (x3), Encuentro (x4), Evento (x3), Mercader (x2), Hoguera (x3)<\/strong><\/li>\n<li>&#x1f7e1; <strong>Dorado \u2013 Moneda (x19), Moneda 5 (x10)<\/strong><\/li>\n<li>&#x2694;&#xfe0f; <strong>Gris en forma de daga \u2013 Shivs (x5)<\/strong><\/li>\n<\/ul>\n<p>Algunas de las fichas de mapa tienen una marca en el reverso para diferenciar las de mapa oscuro de las normales.<\/p>\n<p>Todos los marcadores est\u00e1n pintados a mano en blanco o negro, como se muestra en las im\u00e1genes. Tambi\u00e9n puedes pedir la <strong>versi\u00f3n sin pintar<\/strong> a menor precio y personalizarlos t\u00fa mismo.<\/p>\n<div class=\"moreinfo\">\n<p><strong>Material:<\/strong> Metacrilato<\/p>\n<p><strong>Grosor:<\/strong> 3mm<\/p>\n<p><strong>Tama\u00f1o:<\/strong> 20&#215;20 mm, igual que las fichas originales del juego<\/p>\n<p><strong>Cantidad:<\/strong> 107 marcadores en total<\/p>\n<p><strong>Uso:<\/strong> Dise\u00f1ados como recambio deluxe para <em>Slay the Spire: The Board Game&#x2122;<\/em><\/p>\n<p><small>Slay the Spire&#x2122; es un juego publicado por Contention Games. Customeeple no est\u00e1 afiliado a esta empresa, y este producto no est\u00e1 oficialmente aprobado por ella.<\/small><\/p>\n<\/div>\n","protected":false},"excerpt":{"rendered":"<p>Un pack completo de marcadores para Slay the Spire&#x2122;<\/p>\n","protected":false},"featured_media":79252,"template":"","meta":{"_acf_changed":false},"product_brand":[],"product_cat":[191,1370,2310,1623],"product_tag":[1264,2247,2248,1442],"class_list":{"0":"post-79243","1":"product","2":"type-product","3":"status-publish","4":"has-post-thumbnail","6":"product_cat-accesorios","7":"product_cat-customeeple-es","8":"product_cat-masters-of-the-universe-es","9":"product_cat-wargames-es-2","10":"product_tag-boardgame-es","11":"product_tag-cmon-es","12":"product_tag-cyberpunk-es","13":"product_tag-overlay-es","15":"first","16":"instock","17":"taxable","18":"shipping-taxable","19":"purchasable","20":"product-type-variable"},"exclude_global_add_ons":[],"addons":[],"acf":[],"_links":{"self":[{"href":"https:\/\/www.customeeple.com\/es\/wp-json\/wp\/v2\/product\/79243","targetHints":{"allow":["GET"]}}],"collection":[{"href":"https:\/\/www.customeeple.com\/es\/wp-json\/wp\/v2\/product"}],"about":[{"href":"https:\/\/www.customeeple.com\/es\/wp-json\/wp\/v2\/types\/product"}],"wp:featuredmedia":[{"embeddable":true,"href":"https:\/\/www.customeeple.com\/es\/wp-json\/wp\/v2\/media\/79252"}],"wp:attachment":[{"href":"https:\/\/www.customeeple.com\/es\/wp-json\/wp\/v2\/media?parent=79243"}],"wp:term":[{"taxonomy":"product_brand","embeddable":true,"href":"https:\/\/www.customeeple.com\/es\/wp-json\/wp\/v2\/product_brand?post=79243"},{"taxonomy":"product_cat","embeddable":true,"href":"https:\/\/www.customeeple.com\/es\/wp-json\/wp\/v2\/product_cat?post=79243"},{"taxonomy":"product_tag","embeddable":true,"href":"https:\/\/www.customeeple.com\/es\/wp-json\/wp\/v2\/product_tag?post=79243"}],"curies":[{"name":"wp","href":"https:\/\/api.w.org\/{rel}","templated":true}]}}