{"id":79185,"date":"2025-05-20T12:47:55","date_gmt":"2025-05-20T11:47:55","guid":{"rendered":"https:\/\/www.customeeple.com\/?post_type=product&#038;p=79185"},"modified":"2025-09-09T10:27:43","modified_gmt":"2025-09-09T09:27:43","slug":"tapete-compatible-masters-of-the-universe-battleground-copy","status":"publish","type":"product","link":"https:\/\/www.customeeple.com\/es\/producto\/tapete-compatible-masters-of-the-universe-battleground-copy\/","title":{"rendered":"Tapete compatible Warhammer Underworlds&#x2122;: Embergard"},"content":{"rendered":"<div id=\"tab-description\">\n<div id=\"tab-description\">\n<p class=\"\" data-start=\"73\" data-end=\"213\"><strong data-start=\"73\" data-end=\"142\">Presentamos nuestro tapete para Warhammer Underworlds&#x2122;: Embergard<\/strong> \u2014 dise\u00f1ado para mejorar tus partidas en la Ciudad Espejada y m\u00e1s all\u00e1.<\/p>\n<p class=\"\" data-start=\"215\" data-end=\"437\">Usamos las mismas texturas de alta calidad que en nuestra gama de Middle-earth&#x2122;, pero adaptadas especialmente a <em data-start=\"327\" data-end=\"351\">Warhammer Underworlds&#x2122;<\/em>, ofreciendo una alternativa resistente y est\u00e9tica a los tableros de cart\u00f3n plegables.<\/p>\n<p class=\"\" data-start=\"439\" data-end=\"686\">Nuestro tapete mide <strong data-start=\"459\" data-end=\"471\">49&#215;49 cm<\/strong>, un poco m\u00e1s grande que los tableros oficiales para mayor comodidad, pero con <strong data-start=\"550\" data-end=\"611\">hex\u00e1gonos exactamente del mismo tama\u00f1o que los originales<\/strong>, as\u00ed que es totalmente compatible con todas las bandas y reglas del juego.<\/p>\n<p class=\"\" data-start=\"688\" data-end=\"875\">Incluye adem\u00e1s <strong data-start=\"703\" data-end=\"764\">marcas de despliegue para ambos lados del tablero oficial<\/strong> (<em data-start=\"766\" data-end=\"781\">Chain Pillars<\/em> y <em data-start=\"784\" data-end=\"802\">Spinning Scythes<\/em>), as\u00ed que no importa qu\u00e9 lado uses: un solo tapete te vale para los dos.<\/p>\n<p class=\"\" data-start=\"877\" data-end=\"1024\">Fabricado en <strong data-start=\"890\" data-end=\"932\">lona resistente tipo pancarta exterior<\/strong>, el tapete es flexible, port\u00e1til y pensado para durar, con un aspecto visual impresionante.<\/p>\n<p class=\"\" data-start=\"1026\" data-end=\"1046\">Dise\u00f1os disponibles:<\/p>\n<ul data-start=\"1048\" data-end=\"1481\">\n<li class=\"\" data-start=\"1048\" data-end=\"1149\">\n<p class=\"\" data-start=\"1050\" data-end=\"1149\"><strong data-start=\"1050\" data-end=\"1059\">Magma<\/strong> \u2013 Grietas de lava y piedra abrasada, evocando las profundidades ardientes de Embergard.<\/p>\n<\/li>\n<li class=\"\" data-start=\"1150\" data-end=\"1217\">\n<p class=\"\" data-start=\"1152\" data-end=\"1217\"><strong data-start=\"1152\" data-end=\"1164\">Desierto<\/strong> \u2013 Tierra agrietada y dunas barridas por el viento.<\/p>\n<\/li>\n<li class=\"\" data-start=\"1218\" data-end=\"1270\">\n<p class=\"\" data-start=\"1220\" data-end=\"1270\"><strong data-start=\"1220\" data-end=\"1230\">Hierba<\/strong> \u2013 Prados verdes y naturaleza salvaje.<\/p>\n<\/li>\n<li class=\"\" data-start=\"1271\" data-end=\"1324\">\n<p class=\"\" data-start=\"1273\" data-end=\"1324\"><strong data-start=\"1273\" data-end=\"1284\">Pantano<\/strong> \u2013 Un lodazal traicionero y peligroso.<\/p>\n<\/li>\n<li class=\"\" data-start=\"1325\" data-end=\"1368\">\n<p class=\"\" data-start=\"1327\" data-end=\"1368\"><strong data-start=\"1327\" data-end=\"1336\">Nieve<\/strong> \u2013 Un campo de batalla helado.<\/p>\n<\/li>\n<li class=\"\" data-start=\"1369\" data-end=\"1421\">\n<p class=\"\" data-start=\"1371\" data-end=\"1421\"><strong data-start=\"1371\" data-end=\"1382\">Monta\u00f1a<\/strong> \u2013 Rocas escarpadas y terreno \u00e1spero.<\/p>\n<\/li>\n<li class=\"\" data-start=\"1422\" data-end=\"1481\">\n<p class=\"\" data-start=\"1424\" data-end=\"1481\"><strong data-start=\"1424\" data-end=\"1435\">Oxidado<\/strong> \u2013 Un entorno industrial corro\u00eddo y decadente.<\/p>\n<\/li>\n<\/ul>\n<p class=\"\" data-start=\"1483\" data-end=\"1606\">Todos nuestros tapetes incluyen cuadr\u00edcula hexagonal y llevan una peque\u00f1a marca de agua con nuestro logo y web en el borde.<\/p>\n<p class=\"\" data-start=\"1608\" data-end=\"1829\">Tanto si te est\u00e1s adentrando en <em data-start=\"1640\" data-end=\"1651\">Embergard<\/em> como si juegas temporadas anteriores, este tapete es un campo de batalla premium para partidas casuales o competitivas. \u00a1Despli\u00e9galo, coloca tus bandas y que empiece la batalla!<\/p>\n<p><strong>Material:<\/strong> Lona<\/p>\n<p><strong>Tama\u00f1o: 49&#215;49\u00a0cm<\/strong><\/p>\n<p><strong>Cantidad:<\/strong>\u00a01<\/p>\n<p><strong>Usos: <\/strong>tapete para <strong data-start=\"144\" data-end=\"210\">Warhammer Underworlds&#x2122;: Embergard<\/strong><\/p>\n<p><strong data-start=\"144\" data-end=\"210\">Warhammer Underworlds&#x2122;: Embergard <\/strong>es un juego publicado por Games Workshop. <strong>Customeeple<\/strong> no est\u00e1 afiliado con esta compa\u00f1\u00eda y este producto no est\u00e1 respaldado por ellos.<\/p>\n<\/div>\n<\/div>\n","protected":false},"excerpt":{"rendered":"<p>Tapete con guias para simplificar y agilizar el juego.<\/p>\n","protected":false},"featured_media":79199,"template":"","meta":{"_acf_changed":false},"product_brand":[],"product_cat":[1370,1400,79,1623,1349,1426],"product_tag":[2127],"class_list":{"0":"post-79185","1":"product","2":"type-product","3":"status-publish","4":"has-post-thumbnail","6":"product_cat-customeeple-es","7":"product_cat-fantasia","8":"product_cat-tapete","9":"product_cat-wargames-es-2","10":"product_cat-warhammer-shadespire-es","11":"product_cat-whu-spire-es","12":"product_tag-shatterpoint-es","13":"product_shipping_class-bigtube","15":"first","16":"instock","17":"taxable","18":"shipping-taxable","19":"purchasable","20":"product-type-variable"},"exclude_global_add_ons":[],"addons":[],"acf":[],"_links":{"self":[{"href":"https:\/\/www.customeeple.com\/es\/wp-json\/wp\/v2\/product\/79185","targetHints":{"allow":["GET"]}}],"collection":[{"href":"https:\/\/www.customeeple.com\/es\/wp-json\/wp\/v2\/product"}],"about":[{"href":"https:\/\/www.customeeple.com\/es\/wp-json\/wp\/v2\/types\/product"}],"wp:featuredmedia":[{"embeddable":true,"href":"https:\/\/www.customeeple.com\/es\/wp-json\/wp\/v2\/media\/79199"}],"wp:attachment":[{"href":"https:\/\/www.customeeple.com\/es\/wp-json\/wp\/v2\/media?parent=79185"}],"wp:term":[{"taxonomy":"product_brand","embeddable":true,"href":"https:\/\/www.customeeple.com\/es\/wp-json\/wp\/v2\/product_brand?post=79185"},{"taxonomy":"product_cat","embeddable":true,"href":"https:\/\/www.customeeple.com\/es\/wp-json\/wp\/v2\/product_cat?post=79185"},{"taxonomy":"product_tag","embeddable":true,"href":"https:\/\/www.customeeple.com\/es\/wp-json\/wp\/v2\/product_tag?post=79185"}],"curies":[{"name":"wp","href":"https:\/\/api.w.org\/{rel}","templated":true}]}}