{"id":79110,"date":"2025-05-20T10:35:07","date_gmt":"2025-05-20T09:35:07","guid":{"rendered":"https:\/\/www.customeeple.com\/?post_type=product&#038;p=79110"},"modified":"2025-05-20T11:38:58","modified_gmt":"2025-05-20T10:38:58","slug":"tablero-politico-de-madera-para-cancion-de-hielo-y-fuego-copy","status":"publish","type":"product","link":"https:\/\/www.customeeple.com\/es\/producto\/tablero-politico-de-madera-para-cancion-de-hielo-y-fuego-copy\/","title":{"rendered":"Tablero Politico COMPLETO de Madera para Canci\u00f3n de Hielo y Fuego"},"content":{"rendered":"<div>\n<h3>Tablero de Pol\u00edtica para el juego de miniaturas Canci\u00f3n de Hielo y Fuego<\/h3>\n<p>Mejora tu experiencia de juego con el Politics Board dise\u00f1ado para el juego de miniaturas A Song of Ice and Fire. Este tablero meticulosamente elaborado no solo mantiene tus miniaturas organizadas y seguras, sino que tambi\u00e9n realza el atractivo est\u00e9tico de tu configuraci\u00f3n de juego.<\/p>\n<p>El Politics Board cuenta con peque\u00f1os espacios dentro de su superposici\u00f3n, lo que facilita insertar las piezas del juego sin esfuerzo. Adem\u00e1s, viene equipado con un marcador en forma de reloj de arena para controlar de manera fluida la secuencia de turnos durante el juego.<\/p>\n<p>Adem\u00e1s, el tablero incluye agujeros de 8 mm para imanes, ofreciendo estabilidad adicional para las miniaturas magnetizadas (imanes no incluidos).<\/p>\n<\/div>\n<div class=\"moreinfo\"><strong>Material:<\/strong> Chapado de Roble<br \/>\n<strong>Grosor:<\/strong> 8 mm<\/div>\n<div class=\"moreinfo\"><strong>Cantidad:<\/strong> 1 superposici\u00f3n<\/div>\n<div class=\"moreinfo\"><strong>Uso:<\/strong> Tablero de juego<\/div>\n<div class=\"infopreorder\">\n<p><strong>A Song of Ice and Fire<\/strong> es un juego publicado por <a href=\"https:\/\/www.cmon.com\/\"><strong>CMON Games<\/strong>.<\/a> <strong>Customeeple<\/strong> no est\u00e1 afiliado a esta empresa, y no respalda este producto.<\/p>\n<\/div>\n","protected":false},"excerpt":{"rendered":"<p>Accesorio para \u00abA Song of Ice and Fire\u00bb \u00abCancion de Hielo y Fuego\u00bb<\/p>\n","protected":false},"featured_media":79125,"template":"","meta":{"_acf_changed":false},"product_brand":[],"product_cat":[2166,2167,1370],"product_tag":[2195,2196],"class_list":{"0":"post-79110","1":"product","2":"type-product","3":"status-publish","4":"has-post-thumbnail","6":"product_cat-a-song-of-ice-and-fire-es","7":"product_cat-a-song-of-ice-and-fire-es-2","8":"product_cat-customeeple-es","9":"product_tag-asoiaf-es","10":"product_tag-cancion-de-hielo-y-fuego-es","12":"first","13":"instock","14":"taxable","15":"shipping-taxable","16":"purchasable","17":"product-type-variable"},"exclude_global_add_ons":[],"addons":[],"acf":[],"_links":{"self":[{"href":"https:\/\/www.customeeple.com\/es\/wp-json\/wp\/v2\/product\/79110","targetHints":{"allow":["GET"]}}],"collection":[{"href":"https:\/\/www.customeeple.com\/es\/wp-json\/wp\/v2\/product"}],"about":[{"href":"https:\/\/www.customeeple.com\/es\/wp-json\/wp\/v2\/types\/product"}],"wp:featuredmedia":[{"embeddable":true,"href":"https:\/\/www.customeeple.com\/es\/wp-json\/wp\/v2\/media\/79125"}],"wp:attachment":[{"href":"https:\/\/www.customeeple.com\/es\/wp-json\/wp\/v2\/media?parent=79110"}],"wp:term":[{"taxonomy":"product_brand","embeddable":true,"href":"https:\/\/www.customeeple.com\/es\/wp-json\/wp\/v2\/product_brand?post=79110"},{"taxonomy":"product_cat","embeddable":true,"href":"https:\/\/www.customeeple.com\/es\/wp-json\/wp\/v2\/product_cat?post=79110"},{"taxonomy":"product_tag","embeddable":true,"href":"https:\/\/www.customeeple.com\/es\/wp-json\/wp\/v2\/product_tag?post=79110"}],"curies":[{"name":"wp","href":"https:\/\/api.w.org\/{rel}","templated":true}]}}