{"id":79014,"date":"2025-05-12T10:28:46","date_gmt":"2025-05-12T09:28:46","guid":{"rendered":"https:\/\/www.customeeple.com\/?post_type=product&#038;p=79014"},"modified":"2025-05-12T18:05:18","modified_gmt":"2025-05-12T17:05:18","slug":"tokens-set-kill-team-v3-2024-38-tokens-copy-copy","status":"publish","type":"product","link":"https:\/\/www.customeeple.com\/es\/producto\/tokens-set-kill-team-v3-2024-38-tokens-copy-copy\/","title":{"rendered":"Kit de Medidas de Bases\u2013 AoS \/ 40K"},"content":{"rendered":"<h2>Kit de medici\u00f3n de bases \u2013 AoS \/ 40K<\/h2>\n<p>Kit de plantillas para comprobar tama\u00f1os de peana en tus partidas de <strong>Age of Sigmar<\/strong> o <strong>Warhammer 40,000<\/strong>.<\/p>\n<p>Incluye <strong>formas redondas y ovaladas que coinciden con las bases oficiales<\/strong>, perfectas para revisar distancias, coherencia de unidad y posicionamiento antes de mover tus miniaturas. Muy \u00fatil durante el despliegue o para comprobar cargas sin mover la figura.<\/p>\n<p><strong>Este kit incluye plantillas para:<\/strong><\/p>\n<ul>\n<li><strong>Bases redondas:<\/strong> 40 mm, 50 mm, 60 mm, 80 mm, 100 mm, 130 mm y 160 mm<\/li>\n<li><strong>Bases ovaladas:<\/strong> 60\u00d735 mm, 75\u00d742 mm, 90\u00d752 mm, 105\u00d770 mm y 120\u00d792 mm<\/li>\n<\/ul>\n<p><strong>Disponible en dos formatos:<\/strong><\/p>\n<ul>\n<li><strong>Versi\u00f3n en DM<\/strong> \u2013 sencilla y econ\u00f3mica<\/li>\n<li><strong>Versi\u00f3n premium<\/strong> \u2013 bandeja de metacrilato negro con las plantillas en el color que elijas<\/li>\n<\/ul>\n<div class=\"moreinfo\">\n<ul>\n<li><strong>Material:<\/strong> Metacrilato<\/li>\n<li><strong>Grosor:<\/strong> 3 mm<\/li>\n<li><strong>Colores:<\/strong> Fijos, como se indican arriba<\/li>\n<li><strong>Total:<\/strong> 25 marcadores<\/li>\n<\/ul>\n<\/div>\n<p><em>Age of Sigmar es un juego publicado por Games Workshop. Customeeple no est\u00e1 afiliada a esta empresa y este producto no est\u00e1 respaldado por ella.<\/em><\/p>\n","protected":false},"excerpt":{"rendered":"<p>herramienta para comprobar movimientos en AoS o 40k<\/p>\n","protected":false},"featured_media":81859,"template":"","meta":{"_acf_changed":false},"product_brand":[2311],"product_cat":[2337,1370,1177,1654,2133],"product_tag":[1979,1677,1114,787],"class_list":{"0":"post-79014","1":"product","2":"type-product","3":"status-publish","4":"has-post-thumbnail","6":"product_brand-customeeple","7":"product_cat-age-of-sigmar-es","8":"product_cat-customeeple-es","9":"product_cat-games-workshop-es","10":"product_cat-warhammer-age-of-sigmar-es-2","11":"product_cat-waos","12":"product_tag-kill-team-es","13":"product_tag-necromunda-es-2","14":"product_tag-shadow-war-armageddon-es","15":"product_tag-warhammer-40k-es-2","16":"pa_methacrylate-colors-amarill-fluor-mfye","17":"pa_methacrylate-colors-amarillo-moye","18":"pa_methacrylate-colors-azul-mobl","19":"pa_methacrylate-colors-azul-fluor-mfbl-es","20":"pa_methacrylate-colors-mobi-es","21":"pa_methacrylate-colors-azul-oscuro-mobd","22":"pa_methacrylate-colors-azul-trans-mtbl","23":"pa_methacrylate-colors-beis-mocr","24":"pa_methacrylate-colors-blancohielo-mtiw","25":"pa_methacrylate-colors-balnco-mowh","26":"pa_methacrylate-colors-dm","27":"pa_methacrylate-colors-humo-trans-mtsm","28":"pa_methacrylate-colors-gris-mogy","29":"pa_methacrylate-colors-naranja-fluor-mfor-es","30":"pa_methacrylate-colors-naranja-trans-mtor","31":"pa_methacrylate-colors-orange-moor-es","32":"pa_methacrylate-colors-negro-moba","33":"pa_methacrylate-colors-roble","34":"pa_methacrylate-colors-rojo-more","35":"pa_methacrylate-colors-rojotrans-mtre","36":"pa_methacrylate-colors-magenta-fluor-mfma-es","37":"pa_methacrylate-colors-moma","38":"pa_methacrylate-colors-transparente-mttr","39":"pa_methacrylate-colors-verde-trans-mtgr","40":"pa_methacrylate-colors-verde-fluor-mfgr","41":"pa_methacrylate-colors-verde-mogr","42":"pa_methacrylate-colors-mogt-es","43":"pa_methacrylate-colors-violeta-movi","45":"first","46":"instock","47":"taxable","48":"shipping-taxable","49":"purchasable","50":"product-type-variable"},"exclude_global_add_ons":[],"addons":[],"acf":[],"_links":{"self":[{"href":"https:\/\/www.customeeple.com\/es\/wp-json\/wp\/v2\/product\/79014","targetHints":{"allow":["GET"]}}],"collection":[{"href":"https:\/\/www.customeeple.com\/es\/wp-json\/wp\/v2\/product"}],"about":[{"href":"https:\/\/www.customeeple.com\/es\/wp-json\/wp\/v2\/types\/product"}],"wp:featuredmedia":[{"embeddable":true,"href":"https:\/\/www.customeeple.com\/es\/wp-json\/wp\/v2\/media\/81859"}],"wp:attachment":[{"href":"https:\/\/www.customeeple.com\/es\/wp-json\/wp\/v2\/media?parent=79014"}],"wp:term":[{"taxonomy":"product_brand","embeddable":true,"href":"https:\/\/www.customeeple.com\/es\/wp-json\/wp\/v2\/product_brand?post=79014"},{"taxonomy":"product_cat","embeddable":true,"href":"https:\/\/www.customeeple.com\/es\/wp-json\/wp\/v2\/product_cat?post=79014"},{"taxonomy":"product_tag","embeddable":true,"href":"https:\/\/www.customeeple.com\/es\/wp-json\/wp\/v2\/product_tag?post=79014"}],"curies":[{"name":"wp","href":"https:\/\/api.w.org\/{rel}","templated":true}]}}