{"id":7901,"date":"2014-02-25T12:24:58","date_gmt":"2014-02-25T11:24:58","guid":{"rendered":"http:\/\/www.customeeple.com\/product\/marcador-de-linea-de-vision-para-infinity-40-mm-2-unidades\/"},"modified":"2016-09-21T20:41:33","modified_gmt":"2016-09-21T18:41:33","slug":"marcador-de-linea-de-vision-para-infinity-40-mm","status":"publish","type":"product","link":"https:\/\/www.customeeple.com\/es\/producto\/marcador-de-linea-de-vision-para-infinity-40-mm\/","title":{"rendered":"Marcador de linea de visi\u00f3n para Infinity Grandes\/extras (2 uds)"},"content":{"rendered":"<p>Puedes utilizar nuestro marcador de l\u00ednea de visi\u00f3n para definir la orientaci\u00f3n de una miniatura de <strong><a href=\"http:\/\/www.infinitythegame.com\/infinity\/en\">Infinity<\/a><\/strong>. Los marcadores se han dise\u00f1ado en colaboraci\u00f3n con <strong><a href=\"http:\/\/www.corvusbelli.com\" target=\"_blank\">Corvus Belli<\/a> <\/strong>para ser totalmente compatibles con <a href=\"http:\/\/infinitythegame.com\/\" target=\"_blank\"><strong>Infinity the game<\/strong><\/a>.<\/p>\n<p>Estos marcadores estan especialmente pensados para ser usados con las miniaturas grandes de <strong><a href=\"http:\/\/www.infinitythegame.com\/infinity\/en\">Infinity<\/a><\/strong> que usan bases de 40mm: <a href=\"http:\/\/www.infinitythegame.com\/infinity\/en\/2012\/miniatures\/yaoxie-rui-shi-lu-duan\/\"><strong>Y\u00e1oxi\u00e8 L\u00f9 Du\u0101n<\/strong><\/a>, <a href=\"http:\/\/www.infinitythegame.com\/infinity\/en\/2013\/miniatures\/iguana-squad\/\"><strong>Iguana<\/strong><\/a>, <a href=\"http:\/\/www.infinitythegame.com\/infinity\/en\/2011\/miniatures\/maruts\/\"><strong>Maruts<\/strong><\/a>&#8230;algunas de estas miniaturas no tienen forma humana con lo que es m\u00e1s dificil calcular su LDV<\/p>\n<p>El pack consiste en 2 marcadores para que puedas utilizarlos en las miniaturas cuyas orientaciones sean mas dudosas. Los marcadores se pueden usar en lugar de pintar la base, o como una ayuda para definir una nueva orientaci\u00f3n diferente de la pintada en la base.<\/p>\n<p>Tambi\u00e9n Puedes utilizar tambi\u00e9n estos marcadores para diferenciar tus diferentes grupos de combate dentro de un ej\u00e9rcito, usando colores diferentes. Si no estas seguro de cual es el color id\u00f3neo para tus piezas puedes consultar nuestra p\u00e1gina de <em><a href=\"http:\/\/www.customeeple.com\/materials\/\"><strong>materiales<\/strong> <\/a><\/em><\/p>\n<p>&nbsp;<\/p>\n<div class=\"moreinfo\">\n<p><strong>Color: <\/strong>Entre 5 variedades diferentes de fluorescente (magenta\/azul\/naranja\/amarillo\/verde)<\/p>\n<p><strong>Material<\/strong>: Metacrilato fluorescente<\/p>\n<p><strong>Espesor:<\/strong> 3 mm<\/p>\n<p><strong>Tama\u00f1o:<\/strong> perfecto para bases de 40mm y 55mm<\/p>\n<p><strong>Cantidad:<\/strong> 2 unidades<\/p>\n<div>\n<p><strong>Uso: <\/strong>Marcar la l\u00ednea de visi\u00f3n de las miniaturas de <strong><a href=\"http:\/\/www.infinitythegame.com\/infinity\/en\">Infinity<\/a><\/strong><\/p>\n<\/div>\n<\/div>\n<p>&nbsp;<\/p>\n<p><strong>Nota:<\/strong> Las miniaturas y escenograf\u00eda no est\u00e1n incluidas<\/p>\n","protected":false},"excerpt":{"rendered":"<p>Marcadores de linea de visi\u00f3n para bases de 40 y 55 mm compatibles con <a href=\"http:\/\/infinitythegame.com\/\" target=\"_blank\"><strong>Infinity the game<\/strong><\/a><\/p>\n","protected":false},"featured_media":7954,"template":"","meta":{"_acf_changed":false},"product_brand":[],"product_cat":[1370,291,347,78,1394,1372],"product_tag":[151,306],"class_list":{"0":"post-7901","1":"product","2":"type-product","3":"status-publish","4":"has-post-thumbnail","6":"product_cat-customeeple-es","7":"product_cat-infinity-es-2","8":"product_cat-marcadores-es","9":"product_cat-meeple-2","10":"product_cat-infinity-es","11":"product_cat-sci-fi-es","12":"product_tag-infinity-es","13":"product_tag-infinity-the-game-es-2","14":"pa_methacrylate-colors-amarill-fluor-mfye","15":"pa_methacrylate-colors-azul-fluor-mfbl-es","16":"pa_methacrylate-colors-humo-trans-mtsm","17":"pa_methacrylate-colors-naranja-fluor-mfor-es","18":"pa_methacrylate-colors-naranja-fluor-mfor","19":"pa_methacrylate-colors-magenta-fluor-mfma-es","20":"pa_methacrylate-colors-smoke-grey-mtsm","21":"pa_methacrylate-colors-transparente-mttr","22":"pa_methacrylate-colors-verde-fluor-mfgr","24":"first","25":"instock","26":"taxable","27":"shipping-taxable","28":"purchasable","29":"product-type-variable"},"exclude_global_add_ons":[],"addons":[],"acf":[],"_links":{"self":[{"href":"https:\/\/www.customeeple.com\/es\/wp-json\/wp\/v2\/product\/7901","targetHints":{"allow":["GET"]}}],"collection":[{"href":"https:\/\/www.customeeple.com\/es\/wp-json\/wp\/v2\/product"}],"about":[{"href":"https:\/\/www.customeeple.com\/es\/wp-json\/wp\/v2\/types\/product"}],"wp:featuredmedia":[{"embeddable":true,"href":"https:\/\/www.customeeple.com\/es\/wp-json\/wp\/v2\/media\/7954"}],"wp:attachment":[{"href":"https:\/\/www.customeeple.com\/es\/wp-json\/wp\/v2\/media?parent=7901"}],"wp:term":[{"taxonomy":"product_brand","embeddable":true,"href":"https:\/\/www.customeeple.com\/es\/wp-json\/wp\/v2\/product_brand?post=7901"},{"taxonomy":"product_cat","embeddable":true,"href":"https:\/\/www.customeeple.com\/es\/wp-json\/wp\/v2\/product_cat?post=7901"},{"taxonomy":"product_tag","embeddable":true,"href":"https:\/\/www.customeeple.com\/es\/wp-json\/wp\/v2\/product_tag?post=7901"}],"curies":[{"name":"wp","href":"https:\/\/api.w.org\/{rel}","templated":true}]}}