{"id":78978,"date":"2025-05-11T12:58:03","date_gmt":"2025-05-11T11:58:03","guid":{"rendered":"https:\/\/www.customeeple.com\/?post_type=product&#038;p=78978"},"modified":"2025-05-12T18:06:35","modified_gmt":"2025-05-12T17:06:35","slug":"tokens-set-kill-team-v3-2024-38-tokens-copy","status":"publish","type":"product","link":"https:\/\/www.customeeple.com\/es\/producto\/tokens-set-kill-team-v3-2024-38-tokens-copy\/","title":{"rendered":"Set Marcadores compatible AOS 4th ed 2024 (25 uds)"},"content":{"rendered":"<h2>Pack de Marcadores para Age of Sigmar \u2013 4\u00aa Edici\u00f3n<\/h2>\n<p>\nUn set completo de marcadores forjados para las batallas de los Reinos Mortales. Dise\u00f1ado para que tus partidas sean fluidas y tu mesa est\u00e9 despejada, permiti\u00e9ndote centrarte en el choque de acero, magia y voluntad divina.\n<\/p>\n<h3>Este pack incluye:<\/h3>\n<ul>\n<li><strong>3 de cada uno (una sola cara):<\/strong><\/li>\n<ul>\n<li>+1\/-1 To Hit \u2013 <em>Rojo<\/em><\/li>\n<li>+1\/-1 To Wound \u2013 <em>Naranja<\/em><\/li>\n<li>+1\/-1 Save \u2013 <em>Verde<\/em><\/li>\n<li>+1\/-1 Rend \u2013 <em>Negro<\/em><\/li>\n<li>+1\/-1 Attacks \u2013 <em>Azul<\/em><\/li>\n<li>+1\/-1 Ward \u2013 <em>Blanco<\/em><\/li>\n<\/ul>\n<li><strong>1 de cada uno (doble cara):<\/strong><\/li>\n<ul>\n<li>Strike First \/ Strike Last \u2013 <em>Azul<\/em><\/li>\n<li>+1\/-1 Charge \u2013 <em>Humo<\/em><\/li>\n<li>+1\/-1 Damage \u2013 <em>Violeta<\/em><\/li>\n<li>All-out Attack \u2013 <em>Amarillo fluorescente<\/em><\/li>\n<li>All-out Defence \u2013 <em>Rojo fluorescente<\/em><\/li>\n<\/ul>\n<\/ul>\n<p><strong>Nota:<\/strong> Los marcadores que muestran una \u201c\/\u201d son de doble cara, ideales para seguir modificadores y efectos clave durante la partida.<\/p>\n<p>\nDise\u00f1ado para la nueva <strong>4\u00aa Edici\u00f3n de Age of Sigmar<\/strong>, este set te proporciona todo lo necesario para aportar orden al caos, seguir el ritmo del combate y no perder de vista el equilibrio siempre cambiante del campo de batalla.\n<\/p>\n<ul>\n<li><strong>Material:<\/strong> Metacrilato<\/li>\n<li><strong>Grosor:<\/strong> 3 mm<\/li>\n<li><strong>Colores:<\/strong> Fijos, como se indican arriba<\/li>\n<li><strong>Total:<\/strong> 25 marcadores<\/li>\n<\/ul>\n<p><em>Age of Sigmar es un juego publicado por Games Workshop. Customeeple no est\u00e1 afiliada a esta empresa y este producto no est\u00e1 respaldado por ella.<\/em><\/p>\n","protected":false},"excerpt":{"rendered":"<p>Un pack de marcadores para\u00a0 AOS 2024<\/p>\n","protected":false},"featured_media":79046,"template":"","meta":{"_acf_changed":false},"product_brand":[2311],"product_cat":[2337,1370,1177,2133,1654],"product_tag":[1979,1677,1114,787],"class_list":{"0":"post-78978","1":"product","2":"type-product","3":"status-publish","4":"has-post-thumbnail","6":"product_brand-customeeple","7":"product_cat-age-of-sigmar-es","8":"product_cat-customeeple-es","9":"product_cat-games-workshop-es","10":"product_cat-waos","11":"product_cat-warhammer-age-of-sigmar-es-2","12":"product_tag-kill-team-es","13":"product_tag-necromunda-es-2","14":"product_tag-shadow-war-armageddon-es","15":"product_tag-warhammer-40k-es-2","17":"first","18":"instock","19":"taxable","20":"shipping-taxable","21":"purchasable","22":"product-type-simple"},"exclude_global_add_ons":[],"addons":[],"acf":[],"_links":{"self":[{"href":"https:\/\/www.customeeple.com\/es\/wp-json\/wp\/v2\/product\/78978","targetHints":{"allow":["GET"]}}],"collection":[{"href":"https:\/\/www.customeeple.com\/es\/wp-json\/wp\/v2\/product"}],"about":[{"href":"https:\/\/www.customeeple.com\/es\/wp-json\/wp\/v2\/types\/product"}],"wp:featuredmedia":[{"embeddable":true,"href":"https:\/\/www.customeeple.com\/es\/wp-json\/wp\/v2\/media\/79046"}],"wp:attachment":[{"href":"https:\/\/www.customeeple.com\/es\/wp-json\/wp\/v2\/media?parent=78978"}],"wp:term":[{"taxonomy":"product_brand","embeddable":true,"href":"https:\/\/www.customeeple.com\/es\/wp-json\/wp\/v2\/product_brand?post=78978"},{"taxonomy":"product_cat","embeddable":true,"href":"https:\/\/www.customeeple.com\/es\/wp-json\/wp\/v2\/product_cat?post=78978"},{"taxonomy":"product_tag","embeddable":true,"href":"https:\/\/www.customeeple.com\/es\/wp-json\/wp\/v2\/product_tag?post=78978"}],"curies":[{"name":"wp","href":"https:\/\/api.w.org\/{rel}","templated":true}]}}