{"id":78932,"date":"2025-05-07T12:15:53","date_gmt":"2025-05-07T11:15:53","guid":{"rendered":"https:\/\/www.customeeple.com\/?post_type=product&#038;p=78932"},"modified":"2025-05-07T12:19:20","modified_gmt":"2025-05-07T11:19:20","slug":"regla-compatible-con-kill-team-copy","status":"publish","type":"product","link":"https:\/\/www.customeeple.com\/es\/producto\/regla-compatible-con-kill-team-copy\/","title":{"rendered":"Regla compatible Kill Team 2024"},"content":{"rendered":"<p>Una \u00fatil regla para juegos de miniaturas. Perfecta para medir movimiento y cualquier efecto de juego.<\/p>\n<p>Hemos agregado unos picos en cada extremo de las reglas para ayudar a medir y poder usar como un compas. Para comprobar los diferentes colores visite nuestra p\u00e1gina de <a href=\"https:\/\/www.customeeple.com\/es\/materiales\/\">materiales<\/a>.<\/p>\n<p>Creemos que esta regla encajar\u00e1 perfectamente con juegos postapocalipticos como <strong>Kill Team<\/strong><\/p>\n<p>&nbsp;<\/p>\n<p><span style=\"font-size: 16px;\"><strong style=\"line-height: 1.5em;\">Material:\u00a0<\/strong><span style=\"line-height: 1.5em;\">Metacrilato rojo transparente<\/span><\/span><\/p>\n<div class=\"moreinfo\">\n<p dir=\"ltr\"><strong>Espesor:<\/strong>\u00a03 mm<\/p>\n<p dir=\"ltr\"><strong>Tama\u00f1o: <\/strong>8x2x4x1 pulgadas<strong><br \/>\n<\/strong><\/p>\n<p dir=\"ltr\"><strong>Cantidad: <\/strong>1 reglas<\/p>\n<p><strong>Use:<\/strong> Regla de medici\u00f3n<\/p>\n<\/div>\n<div>Kill Team es un juego publicado por <strong>Games Workshop<\/strong> Customeeple no esta afiliado con esta compa\u00f1\u00eda y este producto no est\u00e1 apoyado pro ellos de ninguna manera.<\/div>\n<div><\/div>\n<div class=\"infopreorder\"><strong>Nota:<\/strong> El color de las piezas de metacrilato puede variar ligeramente del de las fotos.<\/div>\n","protected":false},"excerpt":{"rendered":"<p>Regla de medici\u00f3n<\/p>\n","protected":false},"featured_media":78935,"template":"","meta":{"_acf_changed":false},"product_brand":[],"product_cat":[191,1122,1370,1177,2354,1427,1229],"product_tag":[1979,1677,787],"class_list":{"0":"post-78932","1":"product","2":"type-product","3":"status-publish","4":"has-post-thumbnail","6":"product_cat-accesorios","7":"product_cat-sw-es","8":"product_cat-customeeple-es","9":"product_cat-games-workshop-es","10":"product_cat-rulers-es","11":"product_cat-kill-team-es","12":"product_cat-warhammer-40k-es","13":"product_tag-kill-team-es","14":"product_tag-necromunda-es-2","15":"product_tag-warhammer-40k-es-2","16":"pa_methacrylate-colors-mtye-es","17":"pa_methacrylate-colors-azul-fluor-mfbl-es","18":"pa_methacrylate-colors-azul-oscuro-mobd","19":"pa_methacrylate-colors-naranja-fluor-mfor-es-2","20":"pa_methacrylate-colors-smoke-grey-mtsm-es","21":"pa_methacrylate-colors-naranja-fluor-mfor-es","22":"pa_methacrylate-colors-verde-fluor-mfgr","23":"pa_methacrylate-colors-amarill-fluor-mfye","24":"pa_methacrylate-colors-rojotrans-mtre","25":"pa_methacrylate-colors-magenta-fluor-mfma-es","26":"pa_methacrylate-colors-naranja-trans-mtor","27":"pa_methacrylate-colors-rojo-more","28":"pa_methacrylate-colors-verde-trans-mtgr","29":"pa_methacrylate-colors-humo-trans-mtsm","30":"pa_methacrylate-colors-verde-mogr","31":"pa_methacrylate-colors-gris-mogy","32":"pa_methacrylate-colors-violeta-movi","33":"pa_methacrylate-colors-amarillo-moye","34":"pa_methacrylate-colors-negro-moba","35":"pa_methacrylate-colors-balnco-mowh","37":"first","38":"instock","39":"taxable","40":"shipping-taxable","41":"purchasable","42":"product-type-variable"},"exclude_global_add_ons":[],"addons":[],"acf":[],"_links":{"self":[{"href":"https:\/\/www.customeeple.com\/es\/wp-json\/wp\/v2\/product\/78932","targetHints":{"allow":["GET"]}}],"collection":[{"href":"https:\/\/www.customeeple.com\/es\/wp-json\/wp\/v2\/product"}],"about":[{"href":"https:\/\/www.customeeple.com\/es\/wp-json\/wp\/v2\/types\/product"}],"wp:featuredmedia":[{"embeddable":true,"href":"https:\/\/www.customeeple.com\/es\/wp-json\/wp\/v2\/media\/78935"}],"wp:attachment":[{"href":"https:\/\/www.customeeple.com\/es\/wp-json\/wp\/v2\/media?parent=78932"}],"wp:term":[{"taxonomy":"product_brand","embeddable":true,"href":"https:\/\/www.customeeple.com\/es\/wp-json\/wp\/v2\/product_brand?post=78932"},{"taxonomy":"product_cat","embeddable":true,"href":"https:\/\/www.customeeple.com\/es\/wp-json\/wp\/v2\/product_cat?post=78932"},{"taxonomy":"product_tag","embeddable":true,"href":"https:\/\/www.customeeple.com\/es\/wp-json\/wp\/v2\/product_tag?post=78932"}],"curies":[{"name":"wp","href":"https:\/\/api.w.org\/{rel}","templated":true}]}}