{"id":78584,"date":"2025-04-14T12:01:43","date_gmt":"2025-04-14T11:01:43","guid":{"rendered":"https:\/\/www.customeeple.com\/?post_type=product&#038;p=78584"},"modified":"2026-04-27T20:08:12","modified_gmt":"2026-04-27T19:08:12","slug":"warhammer-the-old-world-compatible-playmat-44x60-inch-copy","status":"publish","type":"product","link":"https:\/\/www.customeeple.com\/es\/producto\/warhammer-the-old-world-compatible-playmat-44x60-inch-copy\/","title":{"rendered":"Warhammer: The Old World compatible playmat (44&#215;60 inch) (Copy)"},"content":{"rendered":"<div id=\"tab-description\">\n<div id=\"tab-description\">\n<p class=\"\" data-start=\"50\" data-end=\"367\"><strong data-start=\"50\" data-end=\"198\">Presentamos nuestro tapete cl\u00e1sico para Warhammer: The Old World (48&#215;72&#8243;) \u2013 el tama\u00f1o est\u00e1ndar de campo de batalla para tus partidas m\u00e1s \u00e9picas.<\/strong><br data-start=\"198\" data-end=\"201\" \/>Dise\u00f1ado con mimo para mejorar tu experiencia de juego, incluye las marcas de despliegue y l\u00edneas de los escenarios b\u00e1sicos, para que montes la partida en un momento.<\/p>\n<p class=\"\" data-start=\"369\" data-end=\"570\">Fabricado en lona de alta calidad (como la de exterior), es flexible, resistente y f\u00e1cil de guardar o transportar. Ya sea para torneos o partidas entre colegas, da un toque limpio y tem\u00e1tico a tu mesa.<\/p>\n<p class=\"\" data-start=\"572\" data-end=\"851\">En nuestra apuesta por reducir la huella de carbono, fabricamos los tapetes lo m\u00e1s cerca posible del pa\u00eds de destino, y los enviamos por separado del resto de productos para evitar intermediarios. Al elegir nuestros tapetes, tambi\u00e9n apoyas una forma de producci\u00f3n m\u00e1s sostenible.<\/p>\n<p class=\"\" data-start=\"853\" data-end=\"940\">Todos los tapetes llevan una marca de agua discreta en el borde con nuestro logo y web.<\/p>\n<p class=\"\" data-start=\"942\" data-end=\"1103\">Tanto si llevas tiempo en esto como si est\u00e1s empezando, este tapete de tama\u00f1o cl\u00e1sico es un imprescindible para disfrutar Warhammer: The Old World como debe ser.<\/p>\n<p><strong>Material:<\/strong> Lona Vinilica<\/p>\n<p><strong>Tama\u00f1o:<\/strong> 121,92 cm x 182,88 cm (48 x 72inch)<\/p>\n<p><strong>Cantidad:<\/strong>\u00a01<\/p>\n<p><strong>Usos: <\/strong>tapete para Warhammer: The Old World.<\/p>\n<p><span class=\"game-year ng-binding ng-scope\">Warhammer: The Old World (2024) es un juego de<\/span>\u00a0GW. <strong>Customeeple <\/strong>no esta vinculado con esta compa\u00f1ia de ningun modo<\/p>\n<\/div>\n<\/div>\n","protected":false},"excerpt":{"rendered":"<p>Tapete con lineas guias que acelera es setup<\/p>\n","protected":false},"featured_media":75189,"template":"","meta":{"_acf_changed":false},"product_brand":[],"product_cat":[1370,1400,1177,79,1623,2348],"product_tag":[2127],"class_list":{"0":"post-78584","1":"product","2":"type-product","3":"status-publish","4":"has-post-thumbnail","6":"product_cat-customeeple-es","7":"product_cat-fantasia","8":"product_cat-games-workshop-es","9":"product_cat-tapete","10":"product_cat-wargames-es-2","11":"product_cat-warhammer-the-old-world-es","12":"product_tag-shatterpoint-es","13":"product_shipping_class-bigtube","15":"first","16":"instock","17":"taxable","18":"shipping-taxable","19":"purchasable","20":"product-type-variable"},"exclude_global_add_ons":[],"addons":[],"acf":[],"_links":{"self":[{"href":"https:\/\/www.customeeple.com\/es\/wp-json\/wp\/v2\/product\/78584","targetHints":{"allow":["GET"]}}],"collection":[{"href":"https:\/\/www.customeeple.com\/es\/wp-json\/wp\/v2\/product"}],"about":[{"href":"https:\/\/www.customeeple.com\/es\/wp-json\/wp\/v2\/types\/product"}],"wp:featuredmedia":[{"embeddable":true,"href":"https:\/\/www.customeeple.com\/es\/wp-json\/wp\/v2\/media\/75189"}],"wp:attachment":[{"href":"https:\/\/www.customeeple.com\/es\/wp-json\/wp\/v2\/media?parent=78584"}],"wp:term":[{"taxonomy":"product_brand","embeddable":true,"href":"https:\/\/www.customeeple.com\/es\/wp-json\/wp\/v2\/product_brand?post=78584"},{"taxonomy":"product_cat","embeddable":true,"href":"https:\/\/www.customeeple.com\/es\/wp-json\/wp\/v2\/product_cat?post=78584"},{"taxonomy":"product_tag","embeddable":true,"href":"https:\/\/www.customeeple.com\/es\/wp-json\/wp\/v2\/product_tag?post=78584"}],"curies":[{"name":"wp","href":"https:\/\/api.w.org\/{rel}","templated":true}]}}