{"id":77887,"date":"2025-02-15T11:56:27","date_gmt":"2025-02-15T10:56:27","guid":{"rendered":"https:\/\/www.customeeple.com\/?post_type=product&#038;p=77887"},"modified":"2026-04-27T20:08:22","modified_gmt":"2026-04-27T19:08:22","slug":"tapete-compatible-cancion-de-hielo-y-fuego-copy-2","status":"publish","type":"product","link":"https:\/\/www.customeeple.com\/es\/producto\/tapete-compatible-cancion-de-hielo-y-fuego-copy-2\/","title":{"rendered":"Tapete compatible Cancion de Hielo y Fuego (Copy)"},"content":{"rendered":"<div id=\"tab-description\">\n<div id=\"tab-description\">\n<p>\u00a1Presentamos nuestro tapete de juego para Middle-earth&#x2122; Strategy Battle Game, dise\u00f1ado para mejorar tu experiencia de juego! Elaborado con gran atenci\u00f3n al detalle, este tapete te sumerge en las \u00e9picas batallas de la Tierra Media, proporcionando un campo de batalla tem\u00e1tico y envolvente para tus miniaturas.<\/p>\n<p>Nuestro tapete destaca por su construcci\u00f3n excepcional. Fabricado con material de lona para exteriores de alta calidad, es flexible, port\u00e1til y duradero. Mejora tu experiencia de juego mientras el tapete a\u00f1ade una dimensi\u00f3n visualmente impresionante a tus partidas en la Tierra Media.<\/p>\n<p>Cada tapete incluye marcas de despliegue y una se\u00f1al de punto central para facilitar la configuraci\u00f3n del juego y garantizar una colocaci\u00f3n precisa de tus fuerzas. Disponible en dos tama\u00f1os, <strong>48&#215;48 pulgadas<\/strong> y <strong>48&#215;72 pulgadas<\/strong>, adapt\u00e1ndose a los campos de batalla est\u00e1ndar de Middle-earth&#x2122; Strategy Battle Game. La versi\u00f3n de <strong>48&#215;72 pulgadas<\/strong> tambi\u00e9n incluye marcas para un campo de batalla de <strong>48&#215;48 pulgadas<\/strong>, permiti\u00e9ndote usarlo para partidas m\u00e1s peque\u00f1as si lo deseas.<\/p>\n<p>Los dise\u00f1os est\u00e1n inspirados en los paisajes legendarios:<\/p>\n<ul>\n<li><strong>Desert<\/strong>: Lucha en los \u00e1ridos desiertos de Mordor, donde las fuerzas de Sauron se re\u00fanen bajo un calor sofocante.<\/li>\n<li><strong>Snow<\/strong>: Enfr\u00e9ntate en escaramuzas en los g\u00e9lidos reinos de Forochel, desafiando la hostil tundra helada.<\/li>\n<li><strong>Grass<\/strong>: Marcha por las praderas onduladas de Rohan, donde los Jinetes de la Marca defienden su tierra natal.<\/li>\n<li><strong>Wasteland<\/strong>: Explora los desolados paisajes de las Tierras Pardas, testigos de conflictos pasados y destrucci\u00f3n.<\/li>\n<li><strong>Swamp<\/strong>: Atraviesa los traicioneros Pantanos de los Muertos, donde luces fantasmales titilan sobre aguas turbias.<\/li>\n<li><strong>Magma<\/strong>: Enfr\u00e9ntate a tus enemigos en las ardientes cercan\u00edas del Monte del Destino, donde la tierra tiembla con fuerza volc\u00e1nica.<\/li>\n<li><strong>Rockymountain<\/strong>: Choca contra tus adversarios en el escarpado terreno de las Monta\u00f1as Nubladas, hogar de antiguos males y peligros ocultos.<\/li>\n<\/ul>\n<p>\u00a1Elige tu campo de batalla y lidera a tus fuerzas hacia la victoria con nuestro tapete de juego para MESBG!<\/p>\n<p>Como parte de nuestro compromiso con la reducci\u00f3n de la huella de carbono, producimos nuestros tapetes lo m\u00e1s cerca posible del pa\u00eds de destino, eliminando intermediarios. Por esta raz\u00f3n, los tapetes se env\u00edan por separado del resto de los productos. Al elegir la producci\u00f3n local, minimizamos el impacto ambiental y promovemos la sostenibilidad. \u00a1Gracias por apoyar nuestras iniciativas ecol\u00f3gicas!<\/p>\n<p>Todos nuestros tapetes incluyen nuestro logo y p\u00e1gina web como marca de agua en el borde.<\/p>\n<p>Ya seas un general experimentado o un jugador nuevo, nuestro tapete es un accesorio esencial para disfrutar de batallas inmersivas y emocionantes en el mundo de Middle-earth&#x2122;. \u00a1Vive la experiencia de juego como debe ser y dale vida a tus conflictos con nuestros tapetes de campo de batalla de primera calidad!<\/p>\n<p><strong>Material:<\/strong> Lona<\/p>\n<p><strong>Tama\u00f1o:<\/strong> 48&#215;48 inches (122&#215;122 cm) | 48&#215;72 inches (122x182cm)<\/p>\n<p><strong>Cantidad:<\/strong>\u00a01<\/p>\n<p><strong>Usos: <\/strong>tapete para <strong>Middle-earth&#x2122; Strategy Battle Game<\/strong><\/p>\n<p><strong>Middle-earth&#x2122; Strategy Battle Game<\/strong> es un juego publicado por Games Workshop. Customeeple no est\u00e1 afiliado con esta compa\u00f1\u00eda y este producto no est\u00e1 respaldado por ellos.<\/p>\n<\/div>\n<\/div>\n","protected":false},"excerpt":{"rendered":"<p>Tapete con guias para simplificar y agilizar el juego.<\/p>\n","protected":false},"featured_media":77899,"template":"","meta":{"_acf_changed":false},"product_brand":[],"product_cat":[1370,1400,1177,2081,79,1623],"product_tag":[2127],"class_list":{"0":"post-77887","1":"product","2":"type-product","3":"status-publish","4":"has-post-thumbnail","6":"product_cat-customeeple-es","7":"product_cat-fantasia","8":"product_cat-games-workshop-es","9":"product_cat-middle-earth-battle-strategy-game-es","10":"product_cat-tapete","11":"product_cat-wargames-es-2","12":"product_tag-shatterpoint-es","13":"product_shipping_class-bigtube","15":"first","16":"instock","17":"taxable","18":"shipping-taxable","19":"purchasable","20":"product-type-variable"},"exclude_global_add_ons":[],"addons":[],"acf":[],"_links":{"self":[{"href":"https:\/\/www.customeeple.com\/es\/wp-json\/wp\/v2\/product\/77887","targetHints":{"allow":["GET"]}}],"collection":[{"href":"https:\/\/www.customeeple.com\/es\/wp-json\/wp\/v2\/product"}],"about":[{"href":"https:\/\/www.customeeple.com\/es\/wp-json\/wp\/v2\/types\/product"}],"wp:featuredmedia":[{"embeddable":true,"href":"https:\/\/www.customeeple.com\/es\/wp-json\/wp\/v2\/media\/77899"}],"wp:attachment":[{"href":"https:\/\/www.customeeple.com\/es\/wp-json\/wp\/v2\/media?parent=77887"}],"wp:term":[{"taxonomy":"product_brand","embeddable":true,"href":"https:\/\/www.customeeple.com\/es\/wp-json\/wp\/v2\/product_brand?post=77887"},{"taxonomy":"product_cat","embeddable":true,"href":"https:\/\/www.customeeple.com\/es\/wp-json\/wp\/v2\/product_cat?post=77887"},{"taxonomy":"product_tag","embeddable":true,"href":"https:\/\/www.customeeple.com\/es\/wp-json\/wp\/v2\/product_tag?post=77887"}],"curies":[{"name":"wp","href":"https:\/\/api.w.org\/{rel}","templated":true}]}}