{"id":77802,"date":"2025-02-07T10:37:04","date_gmt":"2025-02-07T09:37:04","guid":{"rendered":"https:\/\/www.customeeple.com\/?post_type=product&#038;p=77802"},"modified":"2025-02-07T10:50:54","modified_gmt":"2025-02-07T09:50:54","slug":"bases-alto-consejo-copy","status":"publish","type":"product","link":"https:\/\/www.customeeple.com\/es\/producto\/bases-alto-consejo-copy\/","title":{"rendered":"Bases Templo"},"content":{"rendered":"<p>Sum\u00e9rgete en la grandeza del <strong>Templo Jedi<\/strong> con estas peanas tem\u00e1ticas, dise\u00f1adas para aportar un aut\u00e9ntico <strong>toque Star Wars<\/strong> a tus miniaturas. Ya sea para <strong>Star Wars: Shatterpoint<\/strong> u otro juego de ciencia ficci\u00f3n, estas bases ofrecen una experiencia <strong>cinem\u00e1tica e inmersiva<\/strong> para tus batallas.<\/p>\n<p>Disponibles en <strong>40mm y 50mm<\/strong>, presentan un <strong>dise\u00f1o escalonado<\/strong> con una <strong>base inferior de DM resistente<\/strong> y una <strong>capa superior de HDF de alta calidad<\/strong>. El resultado es una apariencia <strong>realista similar a la piedra<\/strong>, perfecta para miniaturas ambientadas en antiguos y sagrados templos Jedi.<\/p>\n<p>&#x1f4a1; <strong>\u00bfPrefieres conservar la base oficial de pl\u00e1stico?<\/strong> Lijando ligeramente la superficie y pegando nuestra parte superior de HDF sobre ella, conseguir\u00e1s la mejor integraci\u00f3n posible con el dise\u00f1o original, d\u00e1ndole un nuevo y fresco aspecto tem\u00e1tico.<\/p>\n<p>&#x26a0;&#xfe0f; <strong>Importante<\/strong>: Estas bases se suministran <strong>sin pintar y sin montar<\/strong>. Necesitar\u00e1s pegamento (cianoacrilato o cola blanca) para su montaje. Recomendamos imprimarlas con spray y pintarlas como cualquier otra miniatura.<\/p>\n<p>\u00a1Lleva el legado de los Jedi a tu mesa de juego con estas impresionantes peanas!<\/p>\n<div class=\"moreinfo\">\n<p><strong>Material:<\/strong> Cart\u00f3n de alta densidad y MDF<\/p>\n<p><strong>Espesor:\u00a0<\/strong>0,32 mm y\u00a0 3 mm<strong><br \/>\n<\/strong><\/p>\n<p><strong>Tama\u00f1o:\u00a0<\/strong>Varia<\/p>\n<p><strong>Cantidad: <\/strong>4 o 2 bases<\/p>\n<\/div>\n<p><strong>Nota:\u00a0<\/strong>Este producto se vende sin pintar ni montar. El pintado de la foto es s\u00f3lo una sugerencia de pintado.<\/p>\n","protected":false},"excerpt":{"rendered":"<p>bases para <strong>Star Wars Shatterpoint\u00a0<\/strong>o <strong>Marvel Crisis Protocol<\/strong><\/p>\n","protected":false},"featured_media":77772,"template":"","meta":{"_acf_changed":false},"product_brand":[],"product_cat":[304,1370,1372,2128,816,2134,1623],"product_tag":[1734,2127,1351],"class_list":{"0":"post-77802","1":"product","2":"type-product","3":"status-publish","4":"has-post-thumbnail","6":"product_cat-bases-es","7":"product_cat-customeeple-es","8":"product_cat-sci-fi-es","9":"product_cat-shatterpoint-es","10":"product_cat-space-fight-es","11":"product_cat-sws","12":"product_cat-wargames-es-2","13":"product_tag-marvel-es","14":"product_tag-shatterpoint-es","15":"product_tag-star-wars-es","17":"first","18":"instock","19":"taxable","20":"shipping-taxable","21":"purchasable","22":"product-type-variable"},"exclude_global_add_ons":[],"addons":[],"acf":[],"_links":{"self":[{"href":"https:\/\/www.customeeple.com\/es\/wp-json\/wp\/v2\/product\/77802","targetHints":{"allow":["GET"]}}],"collection":[{"href":"https:\/\/www.customeeple.com\/es\/wp-json\/wp\/v2\/product"}],"about":[{"href":"https:\/\/www.customeeple.com\/es\/wp-json\/wp\/v2\/types\/product"}],"wp:featuredmedia":[{"embeddable":true,"href":"https:\/\/www.customeeple.com\/es\/wp-json\/wp\/v2\/media\/77772"}],"wp:attachment":[{"href":"https:\/\/www.customeeple.com\/es\/wp-json\/wp\/v2\/media?parent=77802"}],"wp:term":[{"taxonomy":"product_brand","embeddable":true,"href":"https:\/\/www.customeeple.com\/es\/wp-json\/wp\/v2\/product_brand?post=77802"},{"taxonomy":"product_cat","embeddable":true,"href":"https:\/\/www.customeeple.com\/es\/wp-json\/wp\/v2\/product_cat?post=77802"},{"taxonomy":"product_tag","embeddable":true,"href":"https:\/\/www.customeeple.com\/es\/wp-json\/wp\/v2\/product_tag?post=77802"}],"curies":[{"name":"wp","href":"https:\/\/api.w.org\/{rel}","templated":true}]}}