{"id":77796,"date":"2025-02-07T10:16:25","date_gmt":"2025-02-07T09:16:25","guid":{"rendered":"https:\/\/www.customeeple.com\/?post_type=product&#038;p=77796"},"modified":"2025-02-07T10:34:02","modified_gmt":"2025-02-07T09:34:02","slug":"power-atomic-bases-copy-2","status":"publish","type":"product","link":"https:\/\/www.customeeple.com\/es\/producto\/power-atomic-bases-copy-2\/","title":{"rendered":"Bases Alto Consejo"},"content":{"rendered":"<p>Estas vers\u00e1tiles peanas son perfectas para recrear la <strong>atm\u00f3sfera elegante y m\u00edstica de la C\u00e1mara del Consejo Jedi<\/strong> en tu mesa de juego. Dise\u00f1adas para <strong>Star Wars: Shatterpoint<\/strong> y otros juegos de miniaturas de ciencia ficci\u00f3n, estas bases a\u00f1aden un toque distintivo a tus figuras, sumergi\u00e9ndolas en el universo de Star Wars.<\/p>\n<p>Disponibles en <strong>40mm y 50mm<\/strong>, presentan un <strong>dise\u00f1o escalonado<\/strong>, compuesto por una base inferior de <strong>DM resistente<\/strong> y una parte superior de <strong>HDF de alta calidad<\/strong>. Esta combinaci\u00f3n realza la est\u00e9tica y mantiene una apariencia que se integra perfectamente con las bases oficiales.<\/p>\n<p>&#x1f4a1; <strong>\u00bfQuieres conservar la base de pl\u00e1stico original?<\/strong> Si lijas ligeramente la textura de la base oficial y pegas nuestra parte superior de HDF sobre ella, conseguir\u00e1s la mejor integraci\u00f3n posible con el dise\u00f1o original, a\u00f1adiendo al mismo tiempo un aspecto renovado y tem\u00e1tico.<\/p>\n<p>&#x26a0;&#xfe0f; <strong>Importante<\/strong>: Estas bases se suministran <strong>sin pintar y sin montar<\/strong>. Necesitar\u00e1s pegamento (cianoacrilato o cola blanca) para su montaje. Recomendamos imprimarlas con spray y pintarlas con los mismos colores que usas en tus miniaturas.<\/p>\n<p>Mejora tu colecci\u00f3n y lleva la sabidur\u00eda de los Jedi a tus batallas de mesa con estas impresionantes peanas.<\/p>\n<div class=\"moreinfo\">\n<p><strong>Material:<\/strong> Cart\u00f3n de alta densidad y MDF<\/p>\n<p><strong>Espesor:\u00a0<\/strong>0,32 mm y\u00a0 3 mm<strong><br \/>\n<\/strong><\/p>\n<p><strong>Tama\u00f1o:\u00a0<\/strong>Varia<\/p>\n<p><strong>Cantidad: <\/strong>4 o 2 bases<\/p>\n<\/div>\n<p><strong>Nota:\u00a0<\/strong>Este producto se vende sin pintar ni montar. El pintado de la foto es s\u00f3lo una sugerencia de pintado.<\/p>\n","protected":false},"excerpt":{"rendered":"<p>bases para <strong>Star Wars Shatterpoint\u00a0<\/strong>o <strong>Marvel Crisis Protocol<\/strong><\/p>\n","protected":false},"featured_media":77766,"template":"","meta":{"_acf_changed":false},"product_brand":[],"product_cat":[1370,1372,816,2134,1623],"product_tag":[1734,2127,1351],"class_list":{"0":"post-77796","1":"product","2":"type-product","3":"status-publish","4":"has-post-thumbnail","6":"product_cat-customeeple-es","7":"product_cat-sci-fi-es","8":"product_cat-space-fight-es","9":"product_cat-sws","10":"product_cat-wargames-es-2","11":"product_tag-marvel-es","12":"product_tag-shatterpoint-es","13":"product_tag-star-wars-es","15":"first","16":"instock","17":"taxable","18":"shipping-taxable","19":"purchasable","20":"product-type-variable"},"exclude_global_add_ons":[],"addons":[],"acf":[],"_links":{"self":[{"href":"https:\/\/www.customeeple.com\/es\/wp-json\/wp\/v2\/product\/77796","targetHints":{"allow":["GET"]}}],"collection":[{"href":"https:\/\/www.customeeple.com\/es\/wp-json\/wp\/v2\/product"}],"about":[{"href":"https:\/\/www.customeeple.com\/es\/wp-json\/wp\/v2\/types\/product"}],"wp:featuredmedia":[{"embeddable":true,"href":"https:\/\/www.customeeple.com\/es\/wp-json\/wp\/v2\/media\/77766"}],"wp:attachment":[{"href":"https:\/\/www.customeeple.com\/es\/wp-json\/wp\/v2\/media?parent=77796"}],"wp:term":[{"taxonomy":"product_brand","embeddable":true,"href":"https:\/\/www.customeeple.com\/es\/wp-json\/wp\/v2\/product_brand?post=77796"},{"taxonomy":"product_cat","embeddable":true,"href":"https:\/\/www.customeeple.com\/es\/wp-json\/wp\/v2\/product_cat?post=77796"},{"taxonomy":"product_tag","embeddable":true,"href":"https:\/\/www.customeeple.com\/es\/wp-json\/wp\/v2\/product_tag?post=77796"}],"curies":[{"name":"wp","href":"https:\/\/api.w.org\/{rel}","templated":true}]}}