{"id":7692,"date":"2014-04-10T11:05:12","date_gmt":"2014-04-10T10:05:12","guid":{"rendered":"http:\/\/www.customeeple.com\/product\/fichas-de-agenda-5-unidades\/"},"modified":"2015-09-24T10:39:11","modified_gmt":"2015-09-24T08:39:11","slug":"fichas-de-agenda","status":"publish","type":"product","link":"https:\/\/www.customeeple.com\/es\/producto\/fichas-de-agenda\/","title":{"rendered":"Fichas de plan (5 uds)"},"content":{"rendered":"<p>Mejora tus juegos de tema cyberpunk o de ciencia ficci\u00f3n con estos marcadores de agenda.\u00a0 Est\u00e1n especialmente pensados para indicar planes o agendas completadas o como marcador para indicar poderes especiales de cartas en juegos como <strong><a href=\"http:\/\/boardgamegeek.com\/boardgame\/124742\/android-netrunner\" target=\"_blank\">Android: Netrunner.<\/a><\/strong><\/p>\n<p>&nbsp;<\/p>\n<div class=\"moreinfo\">\n<p><strong>Material:<\/strong> Metacrilato transparente<\/p>\n<p><strong>Espesor:<\/strong> 3mm<\/p>\n<p><strong>Tama\u00f1o: <\/strong> 2 x 2 cm<\/p>\n<p><strong>Uso:<\/strong> Dise\u00f1ados especialmente para marcar agendas completadas o marcadores alojados en cartas<\/p>\n<p><strong>Cantidad: <\/strong>5 unidades<\/p>\n<\/div>\n<p>&nbsp;<\/p>\n<p><strong><a href=\"http:\/\/boardgamegeek.com\/boardgame\/124742\/android-netrunner\" target=\"_blank\">Android: Netrunner<\/a><\/strong> es un juego de <strong><a href=\"http:\/\/boardgamegeek.com\/boardgamedesigner\/14\/richard-garfield\" target=\"_blank\">Richard Garfield<\/a> <\/strong>publicado por <a href=\"http:\/\/boardgamegeek.com\/boardgamepublisher\/2973\/edge-entertainment\" target=\"_blank\"><strong>Edge Entertainment<\/strong> .<\/a> <strong>Customeeple<\/strong> no esta asociada con esta compa\u00f1\u00eda y este producto no est\u00e1 de ninguna manera apoyado por ella.<\/p>\n","protected":false},"excerpt":{"rendered":"<p>5 fichas especialmentes dise\u00f1adas para marcar planes y agendas puntuadas<\/p>\n","protected":false},"featured_media":12026,"template":"","meta":{"_acf_changed":false},"product_brand":[],"product_cat":[812,78],"product_tag":[742,753,758,649],"class_list":{"0":"post-7692","1":"product","2":"type-product","3":"status-publish","4":"has-post-thumbnail","6":"product_cat-hacker-masterses","7":"product_cat-meeple-2","8":"product_tag-android-es-2","9":"product_tag-edge-city-es-2","10":"product_tag-hacker-es-2","11":"product_tag-netrunner-es-2","13":"first","14":"instock","15":"taxable","16":"shipping-taxable","17":"purchasable","18":"product-type-simple"},"exclude_global_add_ons":[],"addons":[],"acf":[],"_links":{"self":[{"href":"https:\/\/www.customeeple.com\/es\/wp-json\/wp\/v2\/product\/7692","targetHints":{"allow":["GET"]}}],"collection":[{"href":"https:\/\/www.customeeple.com\/es\/wp-json\/wp\/v2\/product"}],"about":[{"href":"https:\/\/www.customeeple.com\/es\/wp-json\/wp\/v2\/types\/product"}],"wp:featuredmedia":[{"embeddable":true,"href":"https:\/\/www.customeeple.com\/es\/wp-json\/wp\/v2\/media\/12026"}],"wp:attachment":[{"href":"https:\/\/www.customeeple.com\/es\/wp-json\/wp\/v2\/media?parent=7692"}],"wp:term":[{"taxonomy":"product_brand","embeddable":true,"href":"https:\/\/www.customeeple.com\/es\/wp-json\/wp\/v2\/product_brand?post=7692"},{"taxonomy":"product_cat","embeddable":true,"href":"https:\/\/www.customeeple.com\/es\/wp-json\/wp\/v2\/product_cat?post=7692"},{"taxonomy":"product_tag","embeddable":true,"href":"https:\/\/www.customeeple.com\/es\/wp-json\/wp\/v2\/product_tag?post=7692"}],"curies":[{"name":"wp","href":"https:\/\/api.w.org\/{rel}","templated":true}]}}