{"id":75716,"date":"2024-10-04T14:19:08","date_gmt":"2024-10-04T13:19:08","guid":{"rendered":"https:\/\/www.customeeple.com\/?post_type=product&#038;p=75716"},"modified":"2026-04-27T20:11:44","modified_gmt":"2026-04-27T19:11:44","slug":"sw-legion-skirmish-compatible-playmat-36x36pulgadas-copy","status":"publish","type":"product","link":"https:\/\/www.customeeple.com\/es\/producto\/sw-legion-skirmish-compatible-playmat-36x36pulgadas-copy\/","title":{"rendered":"SW Legion Skirmish compatible playmat (36x72nch)"},"content":{"rendered":"<p><strong>Te presentamos nuestro tapete compatible con Star Wars: Legion (36&#215;72 pulgadas), dise\u00f1ado para llevar tus partidas a otro nivel.<\/strong><\/p>\n<p>Con un dise\u00f1o meticuloso, este tapete encaja perfectamente en el universo de Star Wars, contando con l\u00edneas de despliegue y \u00e1reas de misi\u00f3n que facilitan la preparaci\u00f3n y mejoran la experiencia de juego en partidas de tama\u00f1o completo.<\/p>\n<p>La mejor caracter\u00edstica de nuestros tapetes es su calidad. Est\u00e1n fabricados con lona exterior altamente resistente, lo que los hace flexibles, port\u00e1tiles y duraderos. Adem\u00e1s, nuestros tapetes ahora incluyen la cuadr\u00edcula de misiones m\u00e1s reciente usada en los escenarios actuales, junto con marcas de medici\u00f3n intermedias que hacen que los despliegues y posicionamientos sean a\u00fan m\u00e1s f\u00e1ciles y precisos.<\/p>\n<p><strong>Dise\u00f1os inspirados en localizaciones ic\u00f3nicas del universo Star Wars:<\/strong><\/p>\n<ul>\n<li><strong>Desierto<\/strong>: Recorre las \u00e1ridas dunas de Tatooine, donde contrabandistas y cazarrecompensas luchan por el control de este mundo implacable.<\/li>\n<li><strong>Nieve<\/strong>: Ad\u00e9ntrate en los paisajes helados de Hoth o en los desiertos congelados donde la Rebeli\u00f3n y el Imperio se enfrentan en batallas tit\u00e1nicas.<\/li>\n<li><strong>Bosque<\/strong>: Pierde a tus tropas en el denso follaje de Endor o Kashyyyk, con entornos frondosos donde tanto aliados como peligros acechan.<\/li>\n<li><strong>Yermo<\/strong>: Entra en el paisaje desolado de Jakku, donde los restos de naves estelares ca\u00eddas son testigos silenciosos de guerras antiguas.<\/li>\n<li><strong>Pantano<\/strong>: Conduce a tus fuerzas a trav\u00e9s del terreno traicionero de Dagobah o los pantanos turbios de Nal Hutta, donde la naturaleza y la guerra se entrelazan a cada paso.<\/li>\n<li><strong>Hangar<\/strong>: Combate por los corredores y plataformas de un hangar rebelde o los oscuros laboratorios de una instalaci\u00f3n imperial, perfecto para escaramuzas t\u00e1cticas intensas.<\/li>\n<\/ul>\n<p><strong>\u00a1Elige tu campo de batalla y lidera a tus fuerzas hacia la victoria con nuestro tapete compatible con Star Wars: Legion!<\/strong><\/p>\n<p>En nuestro compromiso por reducir nuestra huella de carbono, tratamos de producir nuestros tapetes lo m\u00e1s cerca posible del pa\u00eds de destino, eliminando intermediarios. Por esta raz\u00f3n, los tapetes se env\u00edan por separado de otros productos. Queremos minimizar el impacto ambiental y promover la sostenibilidad eligiendo una producci\u00f3n local. \u00a1Gracias por apoyar nuestras iniciativas ecol\u00f3gicas!<\/p>\n<p>Todos nuestros tapetes llevan nuestro logo y p\u00e1gina web como marca de agua en el borde.<\/p>\n<p>Tanto si eres un entusiasta veterano como si acabas de empezar, nuestro tapete es un accesorio esencial para disfrutar de excelentes sesiones de juego. \u00a1Experimenta el juego como debe jugarse e introd\u00facete en la grandeza de Star Wars: Legion!<\/p>\n<ul>\n<li><strong>Material<\/strong>: Lona exterior<\/li>\n<li><strong>Tama\u00f1o<\/strong>: 36&#215;72 pulgadas (91,4 x 182,8 cm)<\/li>\n<li><strong>Cantidad<\/strong>: 1<\/li>\n<li><strong>Uso<\/strong>: Como tapete de juego para Star Wars: Legion<\/li>\n<\/ul>\n<p><em>Star Wars: Legion es un juego publicado por Atomic Mass Games. Customeeple no est\u00e1 afiliado a esta compa\u00f1\u00eda y este producto no cuenta con su respaldo.<\/em><\/p>\n<p>&nbsp;<\/p>\n","protected":false},"excerpt":{"rendered":"<p>Tapete con guias para simplificar y agilizar el juego.<\/p>\n","protected":false},"featured_media":75725,"template":"","meta":{"_acf_changed":false},"product_brand":[],"product_cat":[1370,1372,816,1410,79,1623],"product_tag":[2127],"class_list":{"0":"post-75716","1":"product","2":"type-product","3":"status-publish","4":"has-post-thumbnail","6":"product_cat-customeeple-es","7":"product_cat-sci-fi-es","8":"product_cat-space-fight-es","9":"product_cat-star-wars-legion-es","10":"product_cat-tapete","11":"product_cat-wargames-es-2","12":"product_tag-shatterpoint-es","13":"product_shipping_class-bigtube","15":"first","16":"instock","17":"taxable","18":"shipping-taxable","19":"purchasable","20":"product-type-variable","21":"has-default-attributes"},"exclude_global_add_ons":[],"addons":[],"acf":[],"_links":{"self":[{"href":"https:\/\/www.customeeple.com\/es\/wp-json\/wp\/v2\/product\/75716","targetHints":{"allow":["GET"]}}],"collection":[{"href":"https:\/\/www.customeeple.com\/es\/wp-json\/wp\/v2\/product"}],"about":[{"href":"https:\/\/www.customeeple.com\/es\/wp-json\/wp\/v2\/types\/product"}],"wp:featuredmedia":[{"embeddable":true,"href":"https:\/\/www.customeeple.com\/es\/wp-json\/wp\/v2\/media\/75725"}],"wp:attachment":[{"href":"https:\/\/www.customeeple.com\/es\/wp-json\/wp\/v2\/media?parent=75716"}],"wp:term":[{"taxonomy":"product_brand","embeddable":true,"href":"https:\/\/www.customeeple.com\/es\/wp-json\/wp\/v2\/product_brand?post=75716"},{"taxonomy":"product_cat","embeddable":true,"href":"https:\/\/www.customeeple.com\/es\/wp-json\/wp\/v2\/product_cat?post=75716"},{"taxonomy":"product_tag","embeddable":true,"href":"https:\/\/www.customeeple.com\/es\/wp-json\/wp\/v2\/product_tag?post=75716"}],"curies":[{"name":"wp","href":"https:\/\/api.w.org\/{rel}","templated":true}]}}