{"id":75663,"date":"2024-10-03T12:24:11","date_gmt":"2024-10-03T11:24:11","guid":{"rendered":"https:\/\/www.customeeple.com\/?post_type=product&#038;p=75663"},"modified":"2026-04-27T18:35:51","modified_gmt":"2026-04-27T17:35:51","slug":"tapete-compatible-marve-crisis-protocol-912x912cm-copy","status":"publish","type":"product","link":"https:\/\/www.customeeple.com\/es\/producto\/tapete-compatible-marve-crisis-protocol-912x912cm-copy\/","title":{"rendered":"SW Legion Skirmish compatible playmat (36x36pulgadas)"},"content":{"rendered":"<p><strong>Te presentamos nuestro tapete compatible con Star Wars: Legion Skirmish (36&#215;36 pulgadas), dise\u00f1ado para llevar tus partidas a otro nivel.<\/strong> Con un dise\u00f1o cuidado hasta el \u00faltimo detalle, este tapete encaja perfectamente en el universo de Star Wars, con l\u00edneas de despliegue y \u00e1reas de misi\u00f3n que facilitan la preparaci\u00f3n y mejoran la experiencia de juego.<\/p>\n<p><strong>Lo mejor de nuestros tapetes es su calidad.<\/strong> Est\u00e1n fabricados con lona de exterior s\u00faper resistente, lo que los hace flexibles, port\u00e1tiles y muy duraderos. Adem\u00e1s, ahora incluyen la \u00faltima cuadr\u00edcula de misiones que se usa en los escenarios m\u00e1s recientes, junto con marcas de medidas intermedias que hacen que desplegar tus tropas y colocar objetivos sea m\u00e1s f\u00e1cil y preciso.<\/p>\n<p><strong>Dise\u00f1os inspirados en localizaciones ic\u00f3nicas del universo de Star Wars:<\/strong><\/p>\n<ul>\n<li><strong>Desierto:<\/strong> Recorre las \u00e1ridas dunas de Tatooine, donde contrabandistas y cazarrecompensas se enfrentan por controlar este implacable mundo.<\/li>\n<li><strong>Nieve:<\/strong> Sum\u00e9rgete en los helados paisajes de Hoth o en los fr\u00edos desiertos donde la Rebeli\u00f3n y el Imperio libran batallas \u00e9picas.<\/li>\n<li><strong>Pradera:<\/strong> Esconde a tus tropas entre la vegetaci\u00f3n de Endor o Kashyyyk, con paisajes frondosos donde tanto aliados como peligros acechan.<\/li>\n<li><strong>Yermo:<\/strong> Ad\u00e9ntrate en el desolado paisaje de Jakku, donde los restos de naves estrelladas cuentan historias de antiguas guerras.<\/li>\n<li><strong>Pantano:<\/strong> Conduce a tus fuerzas por los traicioneros pantanos de Dagobah o los h\u00famedos parajes de Nal Hutta, donde la naturaleza y la guerra se entrelazan en cada esquina.<\/li>\n<li><strong>Hangar:<\/strong> Lucha en los pasillos y plataformas de un hangar rebelde o en los oscuros laboratorios de una base imperial, escenarios perfectos para escaramuzas t\u00e1cticas.<\/li>\n<\/ul>\n<p><strong>Elige tu campo de batalla y lidera a tus tropas hacia la victoria con nuestro tapete de juego para Star Wars: Legion Skirmish.<\/strong><\/p>\n<p>Queremos aportar nuestro granito de arena para cuidar el planeta, por eso intentamos producir nuestros tapetes lo m\u00e1s cerca posible del pa\u00eds de destino, eliminando intermediarios y reduciendo la huella de carbono. Por esta raz\u00f3n, los tapetes se env\u00edan por separado del resto de productos. Al optar por producci\u00f3n local, reducimos el impacto ambiental y fomentamos la sostenibilidad. \u00a1Gracias por apoyar nuestras iniciativas ecol\u00f3gicas!<\/p>\n<p>Todos nuestros tapetes llevan nuestro logo y p\u00e1gina web como marca de agua en el borde.<\/p>\n<p>Tanto si eres un fan veterano como si acabas de descubrir el juego, nuestro tapete es un accesorio imprescindible para disfrutar de partidas \u00e9picas. \u00a1Juega como se debe jugar y sum\u00e9rgete en el incre\u00edble mundo de Star Wars: Legion!<\/p>\n<p><strong>Material:<\/strong> Lona para exteriores<\/p>\n<p><strong>Tama\u00f1o:<\/strong> 36&#215;36 pulgadas (91,2&#215;91,2 cm)<\/p>\n<p><strong>Cantidad:<\/strong> 1<\/p>\n<p><strong>Uso:<\/strong> como alfombrilla de juego para Star Wars: Legion<\/p>\n<p>Star Wars: Legion es un juego publicado por <a href=\"https:\/\/www.atomicmassgames.com\/\"><strong>Atomic Mass Games<\/strong><\/a>. <strong>Customeeple<\/strong> no est\u00e1 afiliado con esta compa\u00f1\u00eda y este producto no est\u00e1 respaldado por ellos.<\/p>\n","protected":false},"excerpt":{"rendered":"<p>Tapete con guias para simplificar y agilizar el juego.<\/p>\n","protected":false},"featured_media":75675,"template":"","meta":{"_acf_changed":false},"product_brand":[],"product_cat":[1370,1372,1410,79,1623],"product_tag":[2127],"class_list":{"0":"post-75663","1":"product","2":"type-product","3":"status-publish","4":"has-post-thumbnail","6":"product_cat-customeeple-es","7":"product_cat-sci-fi-es","8":"product_cat-star-wars-legion-es","9":"product_cat-tapete","10":"product_cat-wargames-es-2","11":"product_tag-shatterpoint-es","12":"product_shipping_class-bigtube","14":"first","15":"instock","16":"taxable","17":"shipping-taxable","18":"purchasable","19":"product-type-variable","20":"has-default-attributes"},"exclude_global_add_ons":[],"addons":[],"acf":[],"_links":{"self":[{"href":"https:\/\/www.customeeple.com\/es\/wp-json\/wp\/v2\/product\/75663","targetHints":{"allow":["GET"]}}],"collection":[{"href":"https:\/\/www.customeeple.com\/es\/wp-json\/wp\/v2\/product"}],"about":[{"href":"https:\/\/www.customeeple.com\/es\/wp-json\/wp\/v2\/types\/product"}],"wp:featuredmedia":[{"embeddable":true,"href":"https:\/\/www.customeeple.com\/es\/wp-json\/wp\/v2\/media\/75675"}],"wp:attachment":[{"href":"https:\/\/www.customeeple.com\/es\/wp-json\/wp\/v2\/media?parent=75663"}],"wp:term":[{"taxonomy":"product_brand","embeddable":true,"href":"https:\/\/www.customeeple.com\/es\/wp-json\/wp\/v2\/product_brand?post=75663"},{"taxonomy":"product_cat","embeddable":true,"href":"https:\/\/www.customeeple.com\/es\/wp-json\/wp\/v2\/product_cat?post=75663"},{"taxonomy":"product_tag","embeddable":true,"href":"https:\/\/www.customeeple.com\/es\/wp-json\/wp\/v2\/product_tag?post=75663"}],"curies":[{"name":"wp","href":"https:\/\/api.w.org\/{rel}","templated":true}]}}