{"id":75624,"date":"2024-10-02T11:31:52","date_gmt":"2024-10-02T10:31:52","guid":{"rendered":"https:\/\/www.customeeple.com\/?post_type=product&#038;p=75624"},"modified":"2024-10-02T12:10:45","modified_gmt":"2024-10-02T11:10:45","slug":"star-wars-legion-regla-de-media-distancia-copy-2","status":"publish","type":"product","link":"https:\/\/www.customeeple.com\/es\/producto\/star-wars-legion-regla-de-media-distancia-copy-2\/","title":{"rendered":"Reglas compatibles Star Wars Shatterpoint"},"content":{"rendered":"<p><strong>\u00a1Mejora tu experiencia de Star Wars Shatterpoint con nuestro nuevo set de reglas!<\/strong><\/p>\n<p>Estas reglas est\u00e1n dise\u00f1adas para ser lo m\u00e1s parecidas posibles a las oficiales, optimizando tu juego con precisi\u00f3n y estilo. Est\u00e1n cortadas y grabadas con l\u00e1ser para garantizar durabilidad y un acabado impecable. Aunque puede haber peque\u00f1as variaciones en el grosor, son pr\u00e1cticamente imperceptibles. Cada pieza se limpia cuidadosamente antes de ser enviada, y aunque pueda quedar un m\u00ednimo residuo, se puede eliminar f\u00e1cilmente.<\/p>\n<p>Las reglas se pueden pintar a mano con pinturas acr\u00edlicas blancas de alta calidad para mejorar su apariencia, \u00a1pero tambi\u00e9n puedes pintarlas t\u00fa mismo si lo prefieres!<\/p>\n<p>Las dos reglas de movimiento incorporan imanes, lo que permite moverlas manteniendo perfectamente su forma.<\/p>\n<p>Te recomendamos los colores fluorescentes para un mejor efecto visual, pero puedes elegir entre una amplia gama de opciones de nuestro cat\u00e1logo de <strong><a href=\"https:\/\/www.customeeple.com\/materials\/\">materiales<\/a><\/strong> . Si lo deseas, tambi\u00e9n puedes personalizar a\u00fan m\u00e1s tu regla con una variedad de logos cl\u00e1sicos grabados para que tus piezas de juego sean realmente \u00fanicas. Solo ind\u00edcanos la letra del logo que elijas y lo a\u00f1adiremos para ti.<\/p>\n<div class=\"moreinfo\"><strong>Especificaciones:<\/strong><\/p>\n<ul>\n<li style=\"list-style-type: none;\">\n<ul>\n<li><strong>Material:<\/strong> Acr\u00edlico<\/li>\n<\/ul>\n<\/li>\n<\/ul>\n<\/div>\n<p>Star Wars Shatterpoint es un juego publicado por Atomic Mass Games. Customeeple no est\u00e1 afiliado a esta compa\u00f1\u00eda y este producto no cuenta con su respaldo.<\/p>\n","protected":false},"excerpt":{"rendered":"<p>Reglas para <strong>Star Wars Shatterpoint.<\/strong><\/p>\n","protected":false},"featured_media":75646,"template":"","meta":{"_acf_changed":false},"product_brand":[],"product_cat":[1370,1372,816,2134,1623],"product_tag":[2127,1351],"class_list":{"0":"post-75624","1":"product","2":"type-product","3":"status-publish","4":"has-post-thumbnail","6":"product_cat-customeeple-es","7":"product_cat-sci-fi-es","8":"product_cat-space-fight-es","9":"product_cat-sws","10":"product_cat-wargames-es-2","11":"product_tag-shatterpoint-es","12":"product_tag-star-wars-es","13":"pa_methacrylate-colors-mtye-es","14":"pa_methacrylate-colors-azul-fluor-mfbl-es","15":"pa_methacrylate-colors-mobi-es","16":"pa_methacrylate-colors-azul-oscuro-mobd","17":"pa_methacrylate-colors-beis-mocr","18":"pa_methacrylate-colors-crema","19":"pa_methacrylate-colors-naranja-fluor-mfor-es-2","20":"pa_methacrylate-colors-rosa-helado-mspi","21":"pa_methacrylate-colors-moma","22":"pa_methacrylate-colors-mogt-es","23":"pa_methacrylate-colors-blancohielo-mtiw","24":"pa_methacrylate-colors-smoke-grey-mtsm-es","25":"pa_methacrylate-colors-naranja-fluor-mfor-es","26":"pa_methacrylate-colors-orange-moor-es","27":"pa_methacrylate-colors-dm","28":"pa_methacrylate-colors-verde-fluor-mfgr","29":"pa_methacrylate-colors-amarill-fluor-mfye","30":"pa_methacrylate-colors-rojotrans-mtre","31":"pa_methacrylate-colors-azul-trans-mtbl","32":"pa_methacrylate-colors-magenta-fluor-mfma-es","33":"pa_methacrylate-colors-naranja-trans-mtor","34":"pa_methacrylate-colors-rojo-more","35":"pa_methacrylate-colors-transparente-mttr","36":"pa_methacrylate-colors-verde-trans-mtgr","37":"pa_methacrylate-colors-humo-trans-mtsm","38":"pa_methacrylate-colors-azul-mobl","39":"pa_methacrylate-colors-verde-mogr","40":"pa_methacrylate-colors-gris-mogy","41":"pa_methacrylate-colors-violeta-movi","42":"pa_methacrylate-colors-amarillo-moye","43":"pa_methacrylate-colors-negro-moba","44":"pa_methacrylate-colors-balnco-mowh","46":"first","47":"instock","48":"taxable","49":"shipping-taxable","50":"purchasable","51":"product-type-variable","52":"has-default-attributes"},"exclude_global_add_ons":[],"addons":[],"acf":[],"_links":{"self":[{"href":"https:\/\/www.customeeple.com\/es\/wp-json\/wp\/v2\/product\/75624","targetHints":{"allow":["GET"]}}],"collection":[{"href":"https:\/\/www.customeeple.com\/es\/wp-json\/wp\/v2\/product"}],"about":[{"href":"https:\/\/www.customeeple.com\/es\/wp-json\/wp\/v2\/types\/product"}],"wp:featuredmedia":[{"embeddable":true,"href":"https:\/\/www.customeeple.com\/es\/wp-json\/wp\/v2\/media\/75646"}],"wp:attachment":[{"href":"https:\/\/www.customeeple.com\/es\/wp-json\/wp\/v2\/media?parent=75624"}],"wp:term":[{"taxonomy":"product_brand","embeddable":true,"href":"https:\/\/www.customeeple.com\/es\/wp-json\/wp\/v2\/product_brand?post=75624"},{"taxonomy":"product_cat","embeddable":true,"href":"https:\/\/www.customeeple.com\/es\/wp-json\/wp\/v2\/product_cat?post=75624"},{"taxonomy":"product_tag","embeddable":true,"href":"https:\/\/www.customeeple.com\/es\/wp-json\/wp\/v2\/product_tag?post=75624"}],"curies":[{"name":"wp","href":"https:\/\/api.w.org\/{rel}","templated":true}]}}