{"id":75483,"date":"2024-09-18T09:40:47","date_gmt":"2024-09-18T08:40:47","guid":{"rendered":"https:\/\/www.customeeple.com\/?post_type=product&#038;p=75483"},"modified":"2025-11-22T11:00:53","modified_gmt":"2025-11-22T10:00:53","slug":"star-wars-legion-regla-de-media-distancia-copy","status":"publish","type":"product","link":"https:\/\/www.customeeple.com\/es\/producto\/star-wars-legion-regla-de-media-distancia-copy\/","title":{"rendered":"Star Wars Legion Refresh Pack"},"content":{"rendered":"<p><strong>Eleva tu experiencia de Star Wars Legion con nuestro Ultimate Game Tracker Pack, dise\u00f1ado para proporcionarte todo lo que necesitas para mantener tus partidas organizadas y fluidas.<\/strong><\/p>\n<p>Este completo set incluye tres herramientas esenciales: una regla de media distancia, una bandeja de puntuaci\u00f3n y marcadores de objetivos, todas fabricadas con materiales de alta calidad. Perfectamente adaptadas a las \u00faltimas reglas del juego, estas piezas est\u00e1n dise\u00f1adas para maximizar la funcionalidad y mejorar la est\u00e9tica de tus partidas.<\/p>\n<ul>\n<li><strong>Regla de media distancia:<\/strong> Esta regla de 3 pulgadas, cortada y grabada con l\u00e1ser, tiene un ancho de 0,5 pulgadas y est\u00e1 dise\u00f1ada para optimizar la gesti\u00f3n de distancias en el juego.<\/li>\n<li><strong>Bandeja de puntuaci\u00f3n:<\/strong> Mant\u00e9n el control de los puntos de victoria, rondas y jugadores con nuestra bandeja de doble capa de acr\u00edlico, equipada con cubos azules y rojos para representar a cada jugador, y un cubo transparente para marcar el turno actual.<\/li>\n<li><strong>Marcadores de objetivos:<\/strong> Un set de 8 tokens de Puntos de Inter\u00e9s (POI), con 4 azules y 4 rojos, perfectos para diferenciar misiones y objetivos clave en tus partidas.<\/li>\n<\/ul>\n<p>Personaliza tu pack eligiendo entre una variedad de colores y logotipos grabados para hacer que cada pieza sea \u00fanica y adecuada para tu ej\u00e9rcito.<\/p>\n<div class=\"moreinfo\"><strong>Especificaciones:<\/strong><\/p>\n<ul>\n<li><strong>Material:<\/strong> Acr\u00edlico cortado y grabado con l\u00e1ser<\/li>\n<li><strong>Tama\u00f1o regla:<\/strong> 0.5&#8243; x 3&#8243;<\/li>\n<li><strong>Tama\u00f1o bandeja:<\/strong> 148mm x 48mm<\/li>\n<li><strong>Tama\u00f1o tokens:<\/strong> 2 pulgadas (aproximadamente 51 mm)<\/li>\n<li><strong>Cantidad:<\/strong> 1 regla de media distancia, 1 bandeja de puntuaci\u00f3n, 8 tokens de Puntos de Inter\u00e9s (POI)<\/li>\n<\/ul>\n<\/div>\n<p>Star Wars Legion es un juego publicado por Atomic Mass Games. Customeeple no est\u00e1 afiliado a esta compa\u00f1\u00eda y este producto no cuenta con su respaldo.<\/p>\n","protected":false},"excerpt":{"rendered":"<p>Pack para <strong>Star Wars Legion.<\/strong><\/p>\n","protected":false},"featured_media":75401,"template":"","meta":{"_acf_changed":false},"product_brand":[],"product_cat":[1370,78,1372,816,1410,1623],"product_tag":[2083,1351,2082],"class_list":{"0":"post-75483","1":"product","2":"type-product","3":"status-publish","4":"has-post-thumbnail","6":"product_cat-customeeple-es","7":"product_cat-meeple-2","8":"product_cat-sci-fi-es","9":"product_cat-space-fight-es","10":"product_cat-star-wars-legion-es","11":"product_cat-wargames-es-2","12":"product_tag-legion-es","13":"product_tag-star-wars-es","14":"product_tag-star-wars-legion-es","15":"pa_methacrylate-colors-mtye-es","16":"pa_methacrylate-colors-azul-fluor-mfbl-es","17":"pa_methacrylate-colors-mobi-es","18":"pa_methacrylate-colors-azul-oscuro-mobd","19":"pa_methacrylate-colors-beis-mocr","20":"pa_methacrylate-colors-crema","21":"pa_methacrylate-colors-naranja-fluor-mfor-es-2","22":"pa_methacrylate-colors-rosa-helado-mspi","23":"pa_methacrylate-colors-moma","24":"pa_methacrylate-colors-mogt-es","25":"pa_methacrylate-colors-blue-trans-red-fluor","26":"pa_methacrylate-colors-blancohielo-mtiw","27":"pa_methacrylate-colors-smoke-grey-mtsm-es","28":"pa_methacrylate-colors-naranja-fluor-mfor-es","29":"pa_methacrylate-colors-orange-moor-es","30":"pa_methacrylate-colors-dm","31":"pa_methacrylate-colors-verde-fluor-mfgr","32":"pa_methacrylate-colors-amarill-fluor-mfye","33":"pa_methacrylate-colors-rojotrans-mtre","34":"pa_methacrylate-colors-azul-trans-mtbl","35":"pa_methacrylate-colors-magenta-fluor-mfma-es","36":"pa_methacrylate-colors-naranja-trans-mtor","37":"pa_methacrylate-colors-rojo-more","38":"pa_methacrylate-colors-transparente-mttr","39":"pa_methacrylate-colors-verde-trans-mtgr","40":"pa_methacrylate-colors-humo-trans-mtsm","41":"pa_methacrylate-colors-azul-mobl","42":"pa_methacrylate-colors-verde-mogr","43":"pa_methacrylate-colors-gris-mogy","44":"pa_methacrylate-colors-violeta-movi","45":"pa_methacrylate-colors-amarillo-moye","46":"pa_methacrylate-colors-negro-moba","47":"pa_methacrylate-colors-balnco-mowh","49":"first","50":"instock","51":"taxable","52":"shipping-taxable","53":"purchasable","54":"product-type-variable","55":"has-default-attributes"},"exclude_global_add_ons":[],"addons":[],"acf":[],"_links":{"self":[{"href":"https:\/\/www.customeeple.com\/es\/wp-json\/wp\/v2\/product\/75483","targetHints":{"allow":["GET"]}}],"collection":[{"href":"https:\/\/www.customeeple.com\/es\/wp-json\/wp\/v2\/product"}],"about":[{"href":"https:\/\/www.customeeple.com\/es\/wp-json\/wp\/v2\/types\/product"}],"wp:featuredmedia":[{"embeddable":true,"href":"https:\/\/www.customeeple.com\/es\/wp-json\/wp\/v2\/media\/75401"}],"wp:attachment":[{"href":"https:\/\/www.customeeple.com\/es\/wp-json\/wp\/v2\/media?parent=75483"}],"wp:term":[{"taxonomy":"product_brand","embeddable":true,"href":"https:\/\/www.customeeple.com\/es\/wp-json\/wp\/v2\/product_brand?post=75483"},{"taxonomy":"product_cat","embeddable":true,"href":"https:\/\/www.customeeple.com\/es\/wp-json\/wp\/v2\/product_cat?post=75483"},{"taxonomy":"product_tag","embeddable":true,"href":"https:\/\/www.customeeple.com\/es\/wp-json\/wp\/v2\/product_tag?post=75483"}],"curies":[{"name":"wp","href":"https:\/\/api.w.org\/{rel}","templated":true}]}}