{"id":7548,"date":"2015-04-07T11:04:21","date_gmt":"2015-04-07T12:04:21","guid":{"rendered":"http:\/\/www.customeeple.com\/product\/ficha-fuego\/"},"modified":"2025-01-29T13:33:04","modified_gmt":"2025-01-29T12:33:04","slug":"fire-token","status":"publish","type":"product","link":"https:\/\/www.customeeple.com\/es\/producto\/fire-token\/","title":{"rendered":"Ficha fuego (5 unidades)"},"content":{"rendered":"<p>5 Fichas de fuego perfectas para ser empleadas en el juego que quieras. Puedes usarlas para indicar fuego o tambi\u00e9n marcar cuando un personaje est\u00e1 ardiendo o quem\u00e1ndose en cualquier juego de tablero o miniaturas.<\/p>\n<p>Puedes elegir el color de tus fichas entre toda nuestra gama de colores. Si no estas seguro de cual es el color id\u00f3neo para tus piezas puedes consultar nuestra p\u00e1gina de <em><a href=\"http:\/\/www.customeeple.com\/materials\/\"><strong>materiales<\/strong> <\/a><\/em><\/p>\n<p>&nbsp;<\/p>\n<div class=\"moreinfo\">\n<p><strong>Material:<\/strong> Metacrilato<\/p>\n<p><strong>Tama\u00f1o: <\/strong>1 x 1,7<strong>\u00a0<\/strong>\u00a0cm<\/p>\n<p><strong>Espesor:<\/strong> 3mm<\/p>\n<p><strong>Cantidad:<\/strong> 5<\/p>\n<p><strong>Uso: <\/strong>Como ficha gen\u00e9rica en cualquier juego<\/p>\n<\/div>\n","protected":false},"excerpt":{"rendered":"<p>Fichas de fuego dise\u00f1adas para ser usadas en el juego que quieras.<\/p>\n","protected":false},"featured_media":12006,"template":"","meta":{"_acf_changed":false},"product_brand":[],"product_cat":[809,78],"product_tag":[696,713,715,728],"class_list":{"0":"post-7548","1":"product","2":"type-product","3":"status-publish","4":"has-post-thumbnail","6":"product_cat-dungeon-crasherses","7":"product_cat-meeple-2","8":"product_tag-flash-point-fire-rescue-es-2","9":"product_tag-memoir-44-es-2","10":"product_tag-neuroshima-hex-es","11":"product_tag-sentinels-of-the-multiverse-es-2","12":"pa_methacrylate-colors-amarill-fluor-mfye","13":"pa_methacrylate-colors-amarillo-moye","14":"pa_methacrylate-colors-azul-mobl","15":"pa_methacrylate-colors-azul-fluor-mfbl-es","16":"pa_methacrylate-colors-azul-trans-mtbl","17":"pa_methacrylate-colors-balnco-mowh","18":"pa_methacrylate-colors-humo-trans-mtsm","19":"pa_methacrylate-colors-gris-mogy","20":"pa_methacrylate-colors-naranja-fluor-mfor-es","21":"pa_methacrylate-colors-naranja-fluor-mfor","22":"pa_methacrylate-colors-naranja-trans-mtor","23":"pa_methacrylate-colors-negro-moba","24":"pa_methacrylate-colors-rojo-more","25":"pa_methacrylate-colors-rojotrans-mtre","26":"pa_methacrylate-colors-magenta-fluor-mfma-es","27":"pa_methacrylate-colors-smoke-grey-mtsm","28":"pa_methacrylate-colors-transparente-mttr","29":"pa_methacrylate-colors-verde-trans-mtgr","30":"pa_methacrylate-colors-verde-fluor-mfgr","31":"pa_methacrylate-colors-verde-mogr","32":"pa_methacrylate-colors-violeta-movi","34":"first","35":"instock","36":"taxable","37":"shipping-taxable","38":"purchasable","39":"product-type-variable"},"exclude_global_add_ons":[],"addons":[],"acf":[],"_links":{"self":[{"href":"https:\/\/www.customeeple.com\/es\/wp-json\/wp\/v2\/product\/7548","targetHints":{"allow":["GET"]}}],"collection":[{"href":"https:\/\/www.customeeple.com\/es\/wp-json\/wp\/v2\/product"}],"about":[{"href":"https:\/\/www.customeeple.com\/es\/wp-json\/wp\/v2\/types\/product"}],"wp:featuredmedia":[{"embeddable":true,"href":"https:\/\/www.customeeple.com\/es\/wp-json\/wp\/v2\/media\/12006"}],"wp:attachment":[{"href":"https:\/\/www.customeeple.com\/es\/wp-json\/wp\/v2\/media?parent=7548"}],"wp:term":[{"taxonomy":"product_brand","embeddable":true,"href":"https:\/\/www.customeeple.com\/es\/wp-json\/wp\/v2\/product_brand?post=7548"},{"taxonomy":"product_cat","embeddable":true,"href":"https:\/\/www.customeeple.com\/es\/wp-json\/wp\/v2\/product_cat?post=7548"},{"taxonomy":"product_tag","embeddable":true,"href":"https:\/\/www.customeeple.com\/es\/wp-json\/wp\/v2\/product_tag?post=7548"}],"curies":[{"name":"wp","href":"https:\/\/api.w.org\/{rel}","templated":true}]}}