{"id":75466,"date":"2024-09-16T13:44:52","date_gmt":"2024-09-16T12:44:52","guid":{"rendered":"https:\/\/www.customeeple.com\/?post_type=product&#038;p=75466"},"modified":"2025-11-22T11:01:09","modified_gmt":"2025-11-22T10:01:09","slug":"star-wars-legion-poi-template-copy-2","status":"publish","type":"product","link":"https:\/\/www.customeeple.com\/es\/producto\/star-wars-legion-poi-template-copy-2\/","title":{"rendered":"Star Wars Legion regla de media distancia"},"content":{"rendered":"<p><strong>Mejora tu experiencia de Star Wars Legion con nuestra nueva regla de media distancia, introducida con la \u00faltima versi\u00f3n del juego.<\/strong><\/p>\n<p>Esta regla tiene el mismo ancho que las dem\u00e1s reglas de movimiento y mide 3 pulgadas de largo, dise\u00f1ada para optimizar tu juego. Fabricada con precisi\u00f3n, est\u00e1 cortada y grabada con l\u00e1ser, garantizando durabilidad y un acabado elegante. Aunque puede haber peque\u00f1as variaciones en el grosor, son pr\u00e1cticamente indetectables. Cada pieza se limpia cuidadosamente antes del env\u00edo, y aunque puede quedar alg\u00fan residuo m\u00ednimo, se puede eliminar f\u00e1cilmente.<\/p>\n<p>Por favor, elige tu color preferido de nuestra selecci\u00f3n de <strong><a href=\"https:\/\/www.customeeple.com\/es\/materiales\/\">materiales<\/a><\/strong> y, si lo deseas, puedes personalizar a\u00fan m\u00e1s tu regla con una variedad de logotipos cl\u00e1sicos grabados para que tus piezas de juego sean \u00fanicas. Solo indica la letra del logotipo que elijas.<\/p>\n<div class=\"moreinfo\">\n  <strong>Especificaciones:<\/strong><\/p>\n<ul>\n<li style=\"list-style-type: none;\">\n<ul>\n<li><strong>Material:<\/strong> Acr\u00edlico<\/li>\n<li><strong>Tama\u00f1o:<\/strong> 0.5&#8243; x 3&#8243;<\/li>\n<\/ul>\n<\/li>\n<\/ul>\n<\/div>\n<p>Star Wars Legion es un juego publicado por Atomic Mass Games. Customeeple no est\u00e1 afiliado a esta compa\u00f1\u00eda y este producto no cuenta con su respaldo.<\/p>\n","protected":false},"excerpt":{"rendered":"<p>Regla para <strong>Star Wars Legion.<\/strong><\/p>\n","protected":false},"featured_media":75399,"template":"","meta":{"_acf_changed":false},"product_brand":[],"product_cat":[1370,2354,1372,816,1410,1623],"product_tag":[2083,1351,2082],"class_list":{"0":"post-75466","1":"product","2":"type-product","3":"status-publish","4":"has-post-thumbnail","6":"product_cat-customeeple-es","7":"product_cat-rulers-es","8":"product_cat-sci-fi-es","9":"product_cat-space-fight-es","10":"product_cat-star-wars-legion-es","11":"product_cat-wargames-es-2","12":"product_tag-legion-es","13":"product_tag-star-wars-es","14":"product_tag-star-wars-legion-es","15":"pa_methacrylate-colors-mtye-es","16":"pa_methacrylate-colors-azul-fluor-mfbl-es","17":"pa_methacrylate-colors-mobi-es","18":"pa_methacrylate-colors-azul-oscuro-mobd","19":"pa_methacrylate-colors-beis-mocr","20":"pa_methacrylate-colors-crema","21":"pa_methacrylate-colors-naranja-fluor-mfor-es-2","22":"pa_methacrylate-colors-rosa-helado-mspi","23":"pa_methacrylate-colors-moma","24":"pa_methacrylate-colors-mogt-es","25":"pa_methacrylate-colors-blue-trans-red-fluor","26":"pa_methacrylate-colors-blancohielo-mtiw","27":"pa_methacrylate-colors-smoke-grey-mtsm-es","28":"pa_methacrylate-colors-naranja-fluor-mfor-es","29":"pa_methacrylate-colors-orange-moor-es","30":"pa_methacrylate-colors-dm","31":"pa_methacrylate-colors-verde-fluor-mfgr","32":"pa_methacrylate-colors-amarill-fluor-mfye","33":"pa_methacrylate-colors-rojotrans-mtre","34":"pa_methacrylate-colors-azul-trans-mtbl","35":"pa_methacrylate-colors-magenta-fluor-mfma-es","36":"pa_methacrylate-colors-naranja-trans-mtor","37":"pa_methacrylate-colors-rojo-more","38":"pa_methacrylate-colors-transparente-mttr","39":"pa_methacrylate-colors-verde-trans-mtgr","40":"pa_methacrylate-colors-humo-trans-mtsm","41":"pa_methacrylate-colors-azul-mobl","42":"pa_methacrylate-colors-verde-mogr","43":"pa_methacrylate-colors-gris-mogy","44":"pa_methacrylate-colors-violeta-movi","45":"pa_methacrylate-colors-amarillo-moye","46":"pa_methacrylate-colors-negro-moba","47":"pa_methacrylate-colors-balnco-mowh","49":"first","50":"instock","51":"taxable","52":"shipping-taxable","53":"purchasable","54":"product-type-variable","55":"has-default-attributes"},"exclude_global_add_ons":[],"addons":[],"acf":[],"_links":{"self":[{"href":"https:\/\/www.customeeple.com\/es\/wp-json\/wp\/v2\/product\/75466","targetHints":{"allow":["GET"]}}],"collection":[{"href":"https:\/\/www.customeeple.com\/es\/wp-json\/wp\/v2\/product"}],"about":[{"href":"https:\/\/www.customeeple.com\/es\/wp-json\/wp\/v2\/types\/product"}],"wp:featuredmedia":[{"embeddable":true,"href":"https:\/\/www.customeeple.com\/es\/wp-json\/wp\/v2\/media\/75399"}],"wp:attachment":[{"href":"https:\/\/www.customeeple.com\/es\/wp-json\/wp\/v2\/media?parent=75466"}],"wp:term":[{"taxonomy":"product_brand","embeddable":true,"href":"https:\/\/www.customeeple.com\/es\/wp-json\/wp\/v2\/product_brand?post=75466"},{"taxonomy":"product_cat","embeddable":true,"href":"https:\/\/www.customeeple.com\/es\/wp-json\/wp\/v2\/product_cat?post=75466"},{"taxonomy":"product_tag","embeddable":true,"href":"https:\/\/www.customeeple.com\/es\/wp-json\/wp\/v2\/product_tag?post=75466"}],"curies":[{"name":"wp","href":"https:\/\/api.w.org\/{rel}","templated":true}]}}