{"id":7542,"date":"2014-03-10T12:17:30","date_gmt":"2014-02-15T13:17:30","guid":{"rendered":"http:\/\/www.customeeple.com\/product\/ficha-pocion\/"},"modified":"2025-01-29T20:38:11","modified_gmt":"2025-01-29T19:38:11","slug":"potion-token","status":"publish","type":"product","link":"https:\/\/www.customeeple.com\/es\/producto\/potion-token\/","title":{"rendered":"Ficha poci\u00f3n (5 unidades)"},"content":{"rendered":"<p>5 Fichas de poci\u00f3n, perfectas para ser usadas en el juego que quieras. Puedes usarlas como marcador de poci\u00f3 o envenenamiento en cualquier juego de fant\u00e1stico.<\/p>\n<p>Puedes elegir el color de tus fichas entre toda nuestra gama de colores. Si no estas seguro de cual es el color id\u00f3neo para tus piezas puedes consultar nuestra p\u00e1gina de <em><a href=\"http:\/\/www.customeeple.com\/materials\/\"><strong>materiales<\/strong> <\/a><\/em><\/p>\n<p>&nbsp;<\/p>\n<div class=\"moreinfo\">\n<p><strong>Material:<\/strong> Metacrilato<\/p>\n<p><strong>Tama\u00f1o: <\/strong> 2 x 1,2 cm<\/p>\n<p><strong>Espesor:<\/strong> 3mm<\/p>\n<p><strong>Cantidad:<\/strong> 5<\/p>\n<p><strong>Uso: <\/strong>Como ficha gen\u00e9rica en cualquier juego<\/p>\n<\/div>\n","protected":false},"excerpt":{"rendered":"<p>fichas con forma de poci\u00f3n para usar en el juego que prefieras<\/p>\n","protected":false},"featured_media":12010,"template":"","meta":{"_acf_changed":false},"product_brand":[],"product_cat":[809,78],"product_tag":[654,759,774,783],"class_list":{"0":"post-7542","1":"product","2":"type-product","3":"status-publish","4":"has-post-thumbnail","6":"product_cat-dungeon-crasherses","7":"product_cat-meeple-2","8":"product_tag-descent-es-2","9":"product_tag-heroquest-es","10":"product_tag-merchants-marauders-es","11":"product_tag-super-fantasy-es","12":"pa_methacrylate-colors-azul-fluor-mfbl-es","13":"pa_methacrylate-colors-smoke-grey-mtsm","14":"pa_methacrylate-colors-verde-fluor-mfgr","15":"pa_methacrylate-colors-amarill-fluor-mfye","16":"pa_methacrylate-colors-rojotrans-mtre","17":"pa_methacrylate-colors-azul-trans-mtbl","18":"pa_methacrylate-colors-magenta-fluor-mfma-es","19":"pa_methacrylate-colors-naranja-fluor-mfor","20":"pa_methacrylate-colors-naranja-trans-mtor","21":"pa_methacrylate-colors-rojo-more","22":"pa_methacrylate-colors-transparente-mttr","23":"pa_methacrylate-colors-verde-trans-mtgr","24":"pa_methacrylate-colors-humo-trans-mtsm","25":"pa_methacrylate-colors-azul-mobl","26":"pa_methacrylate-colors-verde-mogr","27":"pa_methacrylate-colors-gris-mogy","28":"pa_methacrylate-colors-violeta-movi","29":"pa_methacrylate-colors-amarillo-moye","30":"pa_methacrylate-colors-negro-moba","31":"pa_methacrylate-colors-balnco-mowh","33":"first","34":"instock","35":"taxable","36":"shipping-taxable","37":"purchasable","38":"product-type-variable"},"exclude_global_add_ons":[],"addons":[],"acf":[],"_links":{"self":[{"href":"https:\/\/www.customeeple.com\/es\/wp-json\/wp\/v2\/product\/7542","targetHints":{"allow":["GET"]}}],"collection":[{"href":"https:\/\/www.customeeple.com\/es\/wp-json\/wp\/v2\/product"}],"about":[{"href":"https:\/\/www.customeeple.com\/es\/wp-json\/wp\/v2\/types\/product"}],"wp:featuredmedia":[{"embeddable":true,"href":"https:\/\/www.customeeple.com\/es\/wp-json\/wp\/v2\/media\/12010"}],"wp:attachment":[{"href":"https:\/\/www.customeeple.com\/es\/wp-json\/wp\/v2\/media?parent=7542"}],"wp:term":[{"taxonomy":"product_brand","embeddable":true,"href":"https:\/\/www.customeeple.com\/es\/wp-json\/wp\/v2\/product_brand?post=7542"},{"taxonomy":"product_cat","embeddable":true,"href":"https:\/\/www.customeeple.com\/es\/wp-json\/wp\/v2\/product_cat?post=7542"},{"taxonomy":"product_tag","embeddable":true,"href":"https:\/\/www.customeeple.com\/es\/wp-json\/wp\/v2\/product_tag?post=7542"}],"curies":[{"name":"wp","href":"https:\/\/api.w.org\/{rel}","templated":true}]}}