{"id":75412,"date":"2024-09-13T08:42:33","date_gmt":"2024-09-13T07:42:33","guid":{"rendered":"https:\/\/www.customeeple.com\/?post_type=product&#038;p=75412"},"modified":"2025-11-22T11:01:45","modified_gmt":"2025-11-22T10:01:45","slug":"plantilla-de-silueta-star-wars-legion-copy","status":"publish","type":"product","link":"https:\/\/www.customeeple.com\/es\/producto\/plantilla-de-silueta-star-wars-legion-copy\/","title":{"rendered":"Star Wars Legion Tokens POI"},"content":{"rendered":"<p><strong>Mejora tu experiencia de juego con este set de 8 tokens de Puntos de Inter\u00e9s (POI), perfectos para diferenciar en tus misiones. Cada token mide 2 pulgadas (aproximadamente 51 mm) y est\u00e1 hecho de acr\u00edlico de 3 mm, cortado y grabado con l\u00e1ser.<\/strong><\/p>\n<p>El set incluye 4 tokens azules y 4 tokens rojos, ideales para facilitar la distinci\u00f3n en las misiones. Los tokens que aparecen en la imagen son transparentes azules y fluor rojos con el grabado sin pintar, pero puedes elegir tu color preferido de nuestra selecci\u00f3n de materiales si lo deseas.<\/p>\n<p><strong>Contenido del set:<\/strong><\/p>\n<ul>\n<li>8 tokens de Puntos de Inter\u00e9s (POI): 4 azules y 4 rojos<\/li>\n<\/ul>\n<div class=\"moreinfo\">\n  <strong>Especificaciones:<\/strong><\/p>\n<ul>\n<li><strong>Material:<\/strong> Acr\u00edlico<\/li>\n<li><strong>Tama\u00f1o:<\/strong> 2 pulgadas (aproximadamente 51 mm)<\/li>\n<li><strong>Cantidad:<\/strong> 8 tokens<\/li>\n<li><strong>Uso:<\/strong> Perfectos para misiones y objetivos en juegos como Star Wars Legion<\/li>\n<\/ul>\n<\/div>\n<p>Star Wars Legion e Imperial Assault son juegos publicados por Atomic Mass Games. Customeeple no est\u00e1 afiliado con esta compa\u00f1\u00eda y este producto no cuenta con su respaldo.<\/p>\n","protected":false},"excerpt":{"rendered":"<p>Marcadores para <strong>Star Wars Legion.<\/strong><\/p>\n","protected":false},"featured_media":75415,"template":"","meta":{"_acf_changed":false},"product_brand":[],"product_cat":[1370,78,1372,816,1410,1623],"product_tag":[2083,1351,2082],"class_list":{"0":"post-75412","1":"product","2":"type-product","3":"status-publish","4":"has-post-thumbnail","6":"product_cat-customeeple-es","7":"product_cat-meeple-2","8":"product_cat-sci-fi-es","9":"product_cat-space-fight-es","10":"product_cat-star-wars-legion-es","11":"product_cat-wargames-es-2","12":"product_tag-legion-es","13":"product_tag-star-wars-es","14":"product_tag-star-wars-legion-es","15":"pa_methacrylate-colors-amarill-fluor-mfye","16":"pa_methacrylate-colors-amarillo-moye","17":"pa_methacrylate-colors-mtye-es","18":"pa_methacrylate-colors-azul-mobl","19":"pa_methacrylate-colors-azul-fluor-mfbl-es","20":"pa_methacrylate-colors-mobi-es","21":"pa_methacrylate-colors-azul-oscuro-mobd","22":"pa_methacrylate-colors-azul-trans-mtbl","23":"pa_methacrylate-colors-blue-trans-red-fluor","24":"pa_methacrylate-colors-beis-mocr","25":"pa_methacrylate-colors-blancohielo-mtiw","26":"pa_methacrylate-colors-balnco-mowh","27":"pa_methacrylate-colors-crema","28":"pa_methacrylate-colors-dm","29":"pa_methacrylate-colors-smoke-grey-mtsm-es","30":"pa_methacrylate-colors-humo-trans-mtsm","31":"pa_methacrylate-colors-gris-mogy","32":"pa_methacrylate-colors-mad","33":"pa_methacrylate-colors-naranja-fluor-mfor-es-2","34":"pa_methacrylate-colors-naranja-fluor-mfor-es","35":"pa_methacrylate-colors-naranja-trans-mtor","36":"pa_methacrylate-colors-orange-moor-es","37":"pa_methacrylate-colors-negro-moba","38":"pa_methacrylate-colors-rojo-more","39":"pa_methacrylate-colors-rojotrans-mtre","40":"pa_methacrylate-colors-magenta-fluor-mfma-es","41":"pa_methacrylate-colors-rosa-helado-mspi","42":"pa_methacrylate-colors-moma","43":"pa_methacrylate-colors-transparente-mttr","44":"pa_methacrylate-colors-verde-trans-mtgr","45":"pa_methacrylate-colors-verde-fluor-mfgr","46":"pa_methacrylate-colors-verde-mogr","47":"pa_methacrylate-colors-mogt-es","48":"pa_methacrylate-colors-violeta-movi","50":"first","51":"instock","52":"taxable","53":"shipping-taxable","54":"purchasable","55":"product-type-variable","56":"has-default-attributes"},"exclude_global_add_ons":[],"addons":[],"acf":[],"_links":{"self":[{"href":"https:\/\/www.customeeple.com\/es\/wp-json\/wp\/v2\/product\/75412","targetHints":{"allow":["GET"]}}],"collection":[{"href":"https:\/\/www.customeeple.com\/es\/wp-json\/wp\/v2\/product"}],"about":[{"href":"https:\/\/www.customeeple.com\/es\/wp-json\/wp\/v2\/types\/product"}],"wp:featuredmedia":[{"embeddable":true,"href":"https:\/\/www.customeeple.com\/es\/wp-json\/wp\/v2\/media\/75415"}],"wp:attachment":[{"href":"https:\/\/www.customeeple.com\/es\/wp-json\/wp\/v2\/media?parent=75412"}],"wp:term":[{"taxonomy":"product_brand","embeddable":true,"href":"https:\/\/www.customeeple.com\/es\/wp-json\/wp\/v2\/product_brand?post=75412"},{"taxonomy":"product_cat","embeddable":true,"href":"https:\/\/www.customeeple.com\/es\/wp-json\/wp\/v2\/product_cat?post=75412"},{"taxonomy":"product_tag","embeddable":true,"href":"https:\/\/www.customeeple.com\/es\/wp-json\/wp\/v2\/product_tag?post=75412"}],"curies":[{"name":"wp","href":"https:\/\/api.w.org\/{rel}","templated":true}]}}